{"id":3188,"date":"2026-02-19T18:33:03","date_gmt":"2026-02-19T17:33:03","guid":{"rendered":"https:\/\/www.latienducagranel.com\/?post_type=product&#038;p=3188"},"modified":"2026-02-19T18:38:40","modified_gmt":"2026-02-19T17:38:40","slug":"erisimo","status":"publish","type":"product","link":"https:\/\/www.latienducagranel.com\/index.php\/producto\/erisimo\/","title":{"rendered":"Er\u00edsimo"},"content":{"rendered":"<div class=\"Y3BBE\" data-sfc-cp=\"\" data-hveid=\"CAEIABAC\">El er\u00edsimo (<em class=\"eujQNb\">Sisymbrium officinale<\/em>), conocido como la &#8220;hierba de los cantores&#8221;, es una planta medicinal destacada por sus propiedades antiinflamatorias, expectorantes y emolientes, ideales para tratar afon\u00eda, ronquera, laringitis y tos seca. Alivia irritaciones de garganta y v\u00edas respiratorias gracias a sus muc\u00edlagos y glucosinolatos.<\/div>\n<div id=\"sdh_iUCXafPJE4vqhbIPoYuO4AY_8\">Su consumo est\u00e1 contraindicado si hay hipersensibilidad a la familia de las brasic\u00e1ceas y durante el embarazo y lacatancia. Adicionalmente, se recomienda evitar su uso prolongado y, como todas las plantas medicinales, hay que tener en cuenta que puede interactuar con ciertos medicamentos, de modo que se recomienda siempre consultar a su m\u00e9dico.<\/div>\n<div id=\"sdh_iUCXafPJE4vqhbIPoYuO4AY_10\">\n<p>Se utiliza principalmente en infusi\u00f3n (1-2 cucharaditas por taza) o para gargarismos, siendo ideal para oradores, cantantes y profesores.<span class=\"uJ19be notranslate\" data-wiz-uids=\"h0PEOc_5c,h0PEOc_5d\"><span class=\"vKEkVd\" data-animation-atomic=\"\" data-wiz-attrbind=\"class=h0PEOc_5b\/TKHnVd\"><span aria-hidden=\"true\">\u00a0<\/span><\/span><\/span><\/p>\n<\/div>\n","protected":false},"excerpt":{"rendered":"<p>El er\u00edsimo (Sisymbrium officinale), conocido como la &#8220;hierba de los cantores&#8221;, es una planta medicinal destacada por sus propiedades antiinflamatorias, expectorantes y emolientes, ideales para tratar afon\u00eda, ronquera, laringitis y tos seca. Alivia irritaciones de garganta y v\u00edas respiratorias gracias a sus muc\u00edlagos y glucosinolatos.&nbsp;&#8230; [Leer m\u00e1s]<\/p>\n","protected":false},"featured_media":3189,"template":"","meta":{"sfsi_plus_gutenberg_text_before_share":"","sfsi_plus_gutenberg_show_text_before_share":"","sfsi_plus_gutenberg_icon_type":"","sfsi_plus_gutenberg_icon_alignemt":"","sfsi_plus_gutenburg_max_per_row":""},"product_brand":[],"product_cat":[48,20],"product_tag":[],"class_list":{"0":"post-3188","1":"product","2":"type-product","3":"status-publish","4":"has-post-thumbnail","6":"product_cat-alimentacion","7":"product_cat-hierbas-especias-y-condimentos","9":"first","10":"instock","11":"taxable","12":"shipping-taxable","13":"purchasable","14":"product-type-simple"},"_links":{"self":[{"href":"https:\/\/www.latienducagranel.com\/index.php\/wp-json\/wp\/v2\/product\/3188","targetHints":{"allow":["GET"]}}],"collection":[{"href":"https:\/\/www.latienducagranel.com\/index.php\/wp-json\/wp\/v2\/product"}],"about":[{"href":"https:\/\/www.latienducagranel.com\/index.php\/wp-json\/wp\/v2\/types\/product"}],"wp:featuredmedia":[{"embeddable":true,"href":"https:\/\/www.latienducagranel.com\/index.php\/wp-json\/wp\/v2\/media\/3189"}],"wp:attachment":[{"href":"https:\/\/www.latienducagranel.com\/index.php\/wp-json\/wp\/v2\/media?parent=3188"}],"wp:term":[{"taxonomy":"product_brand","embeddable":true,"href":"https:\/\/www.latienducagranel.com\/index.php\/wp-json\/wp\/v2\/product_brand?post=3188"},{"taxonomy":"product_cat","embeddable":true,"href":"https:\/\/www.latienducagranel.com\/index.php\/wp-json\/wp\/v2\/product_cat?post=3188"},{"taxonomy":"product_tag","embeddable":true,"href":"https:\/\/www.latienducagranel.com\/index.php\/wp-json\/wp\/v2\/product_tag?post=3188"}],"curies":[{"name":"wp","href":"https:\/\/api.w.org\/{rel}","templated":true}]}}