{"id":3183,"date":"2026-02-13T19:38:47","date_gmt":"2026-02-13T18:38:47","guid":{"rendered":"https:\/\/www.latienducagranel.com\/?post_type=product&#038;p=3183"},"modified":"2026-02-13T19:38:47","modified_gmt":"2026-02-13T18:38:47","slug":"jabon-natural-de-alepo-30","status":"publish","type":"product","link":"https:\/\/www.latienducagranel.com\/index.php\/producto\/jabon-natural-de-alepo-30\/","title":{"rendered":"Jab\u00f3n natural de Alepo 30%"},"content":{"rendered":"<p>Jab\u00f3n natural de alepo 30% ecol\u00f3gico, con certificado Eco Cert. Es una pastilla de jab\u00f3n de 200 gr que se presenta en caja con ventana.<\/p>\n<p>Indicado para piel muy grasa, irritada, psoriasis, dermatitis.<\/p>\n<p>Jab\u00f3n elaborado y saponificado de forma artesanal y manual seg\u00fan el m\u00e9todo tradicional desarrollado en Siria desde hace siglos. Se cuece bajo un procedimiento tradicional con aceite de oliva y laurel al 30%. No contiene ni colorantes ni aromas sint\u00e9ticos ni tampoco est\u00e1 testado en animales.<\/p>\n<p>Sin SLS, Sin siliconas, sin parabenos.<\/p>\n","protected":false},"excerpt":{"rendered":"<p>Jab\u00f3n natural de alepo 30% ecol\u00f3gico, con certificado Eco Cert. Es una pastilla de jab\u00f3n de 200 gr que se presenta en caja con ventana. Indicado para piel muy grasa, irritada, psoriasis, dermatitis. Jab\u00f3n elaborado y saponificado de forma artesanal y manual seg\u00fan el m\u00e9todo&nbsp;&#8230; [Leer m\u00e1s]<\/p>\n","protected":false},"featured_media":3184,"template":"","meta":{"sfsi_plus_gutenberg_text_before_share":"","sfsi_plus_gutenberg_show_text_before_share":"","sfsi_plus_gutenberg_icon_type":"","sfsi_plus_gutenberg_icon_alignemt":"","sfsi_plus_gutenburg_max_per_row":""},"product_brand":[],"product_cat":[50,41,42],"product_tag":[],"class_list":{"0":"post-3183","1":"product","2":"type-product","3":"status-publish","4":"has-post-thumbnail","6":"product_cat-productos-ecologicos","7":"product_cat-higiene-y-cosmetica","8":"product_cat-jabones","10":"first","11":"instock","12":"taxable","13":"shipping-taxable","14":"purchasable","15":"product-type-simple"},"_links":{"self":[{"href":"https:\/\/www.latienducagranel.com\/index.php\/wp-json\/wp\/v2\/product\/3183","targetHints":{"allow":["GET"]}}],"collection":[{"href":"https:\/\/www.latienducagranel.com\/index.php\/wp-json\/wp\/v2\/product"}],"about":[{"href":"https:\/\/www.latienducagranel.com\/index.php\/wp-json\/wp\/v2\/types\/product"}],"wp:featuredmedia":[{"embeddable":true,"href":"https:\/\/www.latienducagranel.com\/index.php\/wp-json\/wp\/v2\/media\/3184"}],"wp:attachment":[{"href":"https:\/\/www.latienducagranel.com\/index.php\/wp-json\/wp\/v2\/media?parent=3183"}],"wp:term":[{"taxonomy":"product_brand","embeddable":true,"href":"https:\/\/www.latienducagranel.com\/index.php\/wp-json\/wp\/v2\/product_brand?post=3183"},{"taxonomy":"product_cat","embeddable":true,"href":"https:\/\/www.latienducagranel.com\/index.php\/wp-json\/wp\/v2\/product_cat?post=3183"},{"taxonomy":"product_tag","embeddable":true,"href":"https:\/\/www.latienducagranel.com\/index.php\/wp-json\/wp\/v2\/product_tag?post=3183"}],"curies":[{"name":"wp","href":"https:\/\/api.w.org\/{rel}","templated":true}]}}