{"id":3159,"date":"2026-01-21T19:32:32","date_gmt":"2026-01-21T18:32:32","guid":{"rendered":"https:\/\/www.latienducagranel.com\/?post_type=product&#038;p=3159"},"modified":"2026-01-21T20:03:25","modified_gmt":"2026-01-21T19:03:25","slug":"coco-en-laminas-eco","status":"publish","type":"product","link":"https:\/\/www.latienducagranel.com\/index.php\/producto\/coco-en-laminas-eco\/","title":{"rendered":"Coco en l\u00e1minas eco"},"content":{"rendered":"<p>Nuestro coco en l\u00e1minas eco deshidratado es un alimento de cultivo ecol\u00f3gico sin az\u00facar a\u00f1adido.<\/p>\n<p>&nbsp;<\/p>\n","protected":false},"excerpt":{"rendered":"<p>Nuestro coco en l\u00e1minas eco deshidratado es un alimento de cultivo ecol\u00f3gico sin az\u00facar a\u00f1adido. &nbsp;<\/p>\n","protected":false},"featured_media":3168,"template":"","meta":{"sfsi_plus_gutenberg_text_before_share":"","sfsi_plus_gutenberg_show_text_before_share":"","sfsi_plus_gutenberg_icon_type":"","sfsi_plus_gutenberg_icon_alignemt":"","sfsi_plus_gutenburg_max_per_row":""},"product_brand":[],"product_cat":[48,55,33,50],"product_tag":[217,1465,218,1464,1462,1467,1466,1463],"class_list":{"0":"post-3159","1":"product","2":"type-product","3":"status-publish","4":"has-post-thumbnail","6":"product_cat-alimentacion","7":"product_cat-alimentacion-ecolgica","8":"product_cat-frutas-deshidratadas","9":"product_cat-productos-ecologicos","10":"product_tag-coco","11":"product_tag-coco-deshidratada-sin-azucar","12":"product_tag-coco-deshidratado","13":"product_tag-coco-eco-sin-azucar","14":"product_tag-coco-en-laminas","15":"product_tag-coco-en-laminas-sin-azucar","16":"product_tag-coco-en-laminas-sin-azucar-eco","17":"product_tag-coco-sin-azucar","19":"first","20":"instock","21":"taxable","22":"shipping-taxable","23":"purchasable","24":"product-type-simple"},"_links":{"self":[{"href":"https:\/\/www.latienducagranel.com\/index.php\/wp-json\/wp\/v2\/product\/3159","targetHints":{"allow":["GET"]}}],"collection":[{"href":"https:\/\/www.latienducagranel.com\/index.php\/wp-json\/wp\/v2\/product"}],"about":[{"href":"https:\/\/www.latienducagranel.com\/index.php\/wp-json\/wp\/v2\/types\/product"}],"wp:featuredmedia":[{"embeddable":true,"href":"https:\/\/www.latienducagranel.com\/index.php\/wp-json\/wp\/v2\/media\/3168"}],"wp:attachment":[{"href":"https:\/\/www.latienducagranel.com\/index.php\/wp-json\/wp\/v2\/media?parent=3159"}],"wp:term":[{"taxonomy":"product_brand","embeddable":true,"href":"https:\/\/www.latienducagranel.com\/index.php\/wp-json\/wp\/v2\/product_brand?post=3159"},{"taxonomy":"product_cat","embeddable":true,"href":"https:\/\/www.latienducagranel.com\/index.php\/wp-json\/wp\/v2\/product_cat?post=3159"},{"taxonomy":"product_tag","embeddable":true,"href":"https:\/\/www.latienducagranel.com\/index.php\/wp-json\/wp\/v2\/product_tag?post=3159"}],"curies":[{"name":"wp","href":"https:\/\/api.w.org\/{rel}","templated":true}]}}