{"id":315,"date":"2020-11-20T15:13:32","date_gmt":"2020-11-20T15:13:32","guid":{"rendered":"https:\/\/www.latienducagranel.com\/?post_type=product&#038;p=315"},"modified":"2025-01-07T11:32:22","modified_gmt":"2025-01-07T10:32:22","slug":"alubia-blanca","status":"publish","type":"product","link":"https:\/\/www.latienducagranel.com\/index.php\/producto\/alubia-blanca\/","title":{"rendered":"Alubia blanca"},"content":{"rendered":"<p>La alubia blanca es una de las alubias con mayor demanda. Su grano tiene forma de ri\u00f1\u00f3n ovalado, medio lleno, de color blanco veteado y tama\u00f1o mediano. Una vez cocida, presenta una piel lisa y un albumen blando y medianamente mantecoso.<\/p>\n","protected":false},"excerpt":{"rendered":"<p>La alubia blanca es una de las alubias con mayor demanda. Su grano tiene forma de ri\u00f1\u00f3n ovalado, medio lleno, de color blanco veteado y tama\u00f1o mediano. Una vez cocida, presenta una piel lisa y un albumen blando y medianamente mantecoso.<\/p>\n","protected":false},"featured_media":316,"template":"","meta":{"sfsi_plus_gutenberg_text_before_share":"","sfsi_plus_gutenberg_show_text_before_share":"","sfsi_plus_gutenberg_icon_type":"","sfsi_plus_gutenberg_icon_alignemt":"","sfsi_plus_gutenburg_max_per_row":""},"product_brand":[],"product_cat":[48,24,21],"product_tag":[404,411,466,410,405,403],"class_list":{"0":"post-315","1":"product","2":"type-product","3":"status-publish","4":"has-post-thumbnail","6":"product_cat-alimentacion","7":"product_cat-alubias","8":"product_cat-legumbres","9":"product_tag-alubia","10":"product_tag-alubia-blanca","11":"product_tag-alubia-rinon","12":"product_tag-alubias","13":"product_tag-judias","14":"product_tag-legumbres","16":"first","17":"instock","18":"taxable","19":"shipping-taxable","20":"purchasable","21":"product-type-simple"},"_links":{"self":[{"href":"https:\/\/www.latienducagranel.com\/index.php\/wp-json\/wp\/v2\/product\/315","targetHints":{"allow":["GET"]}}],"collection":[{"href":"https:\/\/www.latienducagranel.com\/index.php\/wp-json\/wp\/v2\/product"}],"about":[{"href":"https:\/\/www.latienducagranel.com\/index.php\/wp-json\/wp\/v2\/types\/product"}],"wp:featuredmedia":[{"embeddable":true,"href":"https:\/\/www.latienducagranel.com\/index.php\/wp-json\/wp\/v2\/media\/316"}],"wp:attachment":[{"href":"https:\/\/www.latienducagranel.com\/index.php\/wp-json\/wp\/v2\/media?parent=315"}],"wp:term":[{"taxonomy":"product_brand","embeddable":true,"href":"https:\/\/www.latienducagranel.com\/index.php\/wp-json\/wp\/v2\/product_brand?post=315"},{"taxonomy":"product_cat","embeddable":true,"href":"https:\/\/www.latienducagranel.com\/index.php\/wp-json\/wp\/v2\/product_cat?post=315"},{"taxonomy":"product_tag","embeddable":true,"href":"https:\/\/www.latienducagranel.com\/index.php\/wp-json\/wp\/v2\/product_tag?post=315"}],"curies":[{"name":"wp","href":"https:\/\/api.w.org\/{rel}","templated":true}]}}