{"id":313,"date":"2020-11-20T15:10:07","date_gmt":"2020-11-20T15:10:07","guid":{"rendered":"https:\/\/www.latienducagranel.com\/?post_type=product&#038;p=313"},"modified":"2026-02-19T17:43:30","modified_gmt":"2026-02-19T16:43:30","slug":"alubia-pinta","status":"publish","type":"product","link":"https:\/\/www.latienducagranel.com\/index.php\/producto\/alubia-pinta\/","title":{"rendered":"Alubia pinta"},"content":{"rendered":"<p>La alubia pinta, tambi\u00e9n conocida como alubia escarlata, destaca por su espectacular color rojo brillante. Es peque\u00f1a y tiene forma arri\u00f1onada, pero a pesar de su peque\u00f1o tama\u00f1o posee un gran sabor.<\/p>\n","protected":false},"excerpt":{"rendered":"<p>La alubia pinta, tambi\u00e9n conocida como alubia escarlata, destaca por su espectacular color rojo brillante. Es peque\u00f1a y tiene forma arri\u00f1onada, pero a pesar de su peque\u00f1o tama\u00f1o posee un gran sabor.<\/p>\n","protected":false},"featured_media":314,"template":"","meta":{"sfsi_plus_gutenberg_text_before_share":"","sfsi_plus_gutenberg_show_text_before_share":"","sfsi_plus_gutenberg_icon_type":"","sfsi_plus_gutenberg_icon_alignemt":"","sfsi_plus_gutenburg_max_per_row":""},"product_brand":[],"product_cat":[48,24,21],"product_tag":[404,410,467,405,403],"class_list":{"0":"post-313","1":"product","2":"type-product","3":"status-publish","4":"has-post-thumbnail","6":"product_cat-alimentacion","7":"product_cat-alubias","8":"product_cat-legumbres","9":"product_tag-alubia","10":"product_tag-alubias","11":"product_tag-alubias-pintas","12":"product_tag-judias","13":"product_tag-legumbres","15":"first","16":"instock","17":"taxable","18":"shipping-taxable","19":"purchasable","20":"product-type-simple"},"_links":{"self":[{"href":"https:\/\/www.latienducagranel.com\/index.php\/wp-json\/wp\/v2\/product\/313","targetHints":{"allow":["GET"]}}],"collection":[{"href":"https:\/\/www.latienducagranel.com\/index.php\/wp-json\/wp\/v2\/product"}],"about":[{"href":"https:\/\/www.latienducagranel.com\/index.php\/wp-json\/wp\/v2\/types\/product"}],"wp:featuredmedia":[{"embeddable":true,"href":"https:\/\/www.latienducagranel.com\/index.php\/wp-json\/wp\/v2\/media\/314"}],"wp:attachment":[{"href":"https:\/\/www.latienducagranel.com\/index.php\/wp-json\/wp\/v2\/media?parent=313"}],"wp:term":[{"taxonomy":"product_brand","embeddable":true,"href":"https:\/\/www.latienducagranel.com\/index.php\/wp-json\/wp\/v2\/product_brand?post=313"},{"taxonomy":"product_cat","embeddable":true,"href":"https:\/\/www.latienducagranel.com\/index.php\/wp-json\/wp\/v2\/product_cat?post=313"},{"taxonomy":"product_tag","embeddable":true,"href":"https:\/\/www.latienducagranel.com\/index.php\/wp-json\/wp\/v2\/product_tag?post=313"}],"curies":[{"name":"wp","href":"https:\/\/api.w.org\/{rel}","templated":true}]}}