{"id":3112,"date":"2025-10-24T10:53:59","date_gmt":"2025-10-24T09:53:59","guid":{"rendered":"https:\/\/www.latienducagranel.com\/?post_type=product&#038;p=3112"},"modified":"2025-11-06T18:58:17","modified_gmt":"2025-11-06T17:58:17","slug":"hierba-luisa","status":"publish","type":"product","link":"https:\/\/www.latienducagranel.com\/index.php\/producto\/hierba-luisa\/","title":{"rendered":"Hierba luisa"},"content":{"rendered":"<p>La\u00a0hierba luisa\u00a0(<em>Aloysia citrodora<\/em>) es una planta arom\u00e1tica conocida por su intenso aroma c\u00edtrico y su versatilidad en distintos \u00e1mbitos. Originaria de Sudam\u00e9rica, esta hierba se ha extendido a diversas partes del mundo, donde se utiliza tanto en la cocina como en la perfumer\u00eda y otros usos tradicionales. En la gastronom\u00eda, la\u00a0hierba luisa\u00a0se emplea en la preparaci\u00f3n de infusiones y como condimento en platos dulces y salados. Es com\u00fan en la reposter\u00eda para dar un toque fresco a postres, como helados, galletas y tartas. Tambi\u00e9n se usa en marinados para carnes y pescados, aportando un sutil sabor c\u00edtrico. En el mundo de la cocteler\u00eda, es un ingrediente clave en bebidas refrescantes y licores arom\u00e1ticos. Una curiosidad sobre esta planta es que su fragancia se intensifica al frotar las hojas entre los dedos, liberando un aroma similar al del\u00a0lim\u00f3n.<\/p>\n","protected":false},"excerpt":{"rendered":"<p>La\u00a0hierba luisa\u00a0(Aloysia citrodora) es una planta arom\u00e1tica conocida por su intenso aroma c\u00edtrico y su versatilidad en distintos \u00e1mbitos. Originaria de Sudam\u00e9rica, esta hierba se ha extendido a diversas partes del mundo, donde se utiliza tanto en la cocina como en la perfumer\u00eda y otros&nbsp;&#8230; [Leer m\u00e1s]<\/p>\n","protected":false},"featured_media":3113,"template":"","meta":{"sfsi_plus_gutenberg_text_before_share":"","sfsi_plus_gutenberg_show_text_before_share":"","sfsi_plus_gutenberg_icon_type":"","sfsi_plus_gutenberg_icon_alignemt":"","sfsi_plus_gutenburg_max_per_row":""},"product_brand":[],"product_cat":[48,20],"product_tag":[],"class_list":{"0":"post-3112","1":"product","2":"type-product","3":"status-publish","4":"has-post-thumbnail","6":"product_cat-alimentacion","7":"product_cat-hierbas-especias-y-condimentos","9":"first","10":"instock","11":"taxable","12":"shipping-taxable","13":"purchasable","14":"product-type-simple"},"_links":{"self":[{"href":"https:\/\/www.latienducagranel.com\/index.php\/wp-json\/wp\/v2\/product\/3112","targetHints":{"allow":["GET"]}}],"collection":[{"href":"https:\/\/www.latienducagranel.com\/index.php\/wp-json\/wp\/v2\/product"}],"about":[{"href":"https:\/\/www.latienducagranel.com\/index.php\/wp-json\/wp\/v2\/types\/product"}],"wp:featuredmedia":[{"embeddable":true,"href":"https:\/\/www.latienducagranel.com\/index.php\/wp-json\/wp\/v2\/media\/3113"}],"wp:attachment":[{"href":"https:\/\/www.latienducagranel.com\/index.php\/wp-json\/wp\/v2\/media?parent=3112"}],"wp:term":[{"taxonomy":"product_brand","embeddable":true,"href":"https:\/\/www.latienducagranel.com\/index.php\/wp-json\/wp\/v2\/product_brand?post=3112"},{"taxonomy":"product_cat","embeddable":true,"href":"https:\/\/www.latienducagranel.com\/index.php\/wp-json\/wp\/v2\/product_cat?post=3112"},{"taxonomy":"product_tag","embeddable":true,"href":"https:\/\/www.latienducagranel.com\/index.php\/wp-json\/wp\/v2\/product_tag?post=3112"}],"curies":[{"name":"wp","href":"https:\/\/api.w.org\/{rel}","templated":true}]}}