{"id":3102,"date":"2025-10-08T18:30:22","date_gmt":"2025-10-08T17:30:22","guid":{"rendered":"https:\/\/www.latienducagranel.com\/?post_type=product&#038;p=3102"},"modified":"2026-03-16T13:29:46","modified_gmt":"2026-03-16T12:29:46","slug":"granola-de-chocolate-sin-azucar","status":"publish","type":"product","link":"https:\/\/www.latienducagranel.com\/index.php\/producto\/granola-de-chocolate-sin-azucar\/","title":{"rendered":"Granola de chocolate sin az\u00facar"},"content":{"rendered":"<p>La granola de chocolate sin az\u00facar mezcla la avena con el cacao 70% y una gran cantidad de avellanas (en serio, lleva muuuuuuuchas). Adem\u00e1s, est\u00e1 endulzada con pasta de d\u00e1til. As\u00ed obtenemos una granola crunchy repleta de cacao y con un sabor espectacular.<\/p>\n<p>Ingredientes: Copos de\u00a0avena integral, pasta de d\u00e1til (14,34%), cobertura de chocolate negro (10,75%),\u00a0avellanas(8,60%), aceite de oliva virgen extra, agua, fibra soluble de tapioca,\u00a0s\u00e9samo, cacao en polvo 100% (1,43%), extracto de vainilla, canela y sal rosa del Himalaya.<\/p>\n","protected":false},"excerpt":{"rendered":"<p>La granola de chocolate sin az\u00facar mezcla la avena con el cacao 70% y una gran cantidad de avellanas (en serio, lleva muuuuuuuchas). Adem\u00e1s, est\u00e1 endulzada con pasta de d\u00e1til. As\u00ed obtenemos una granola crunchy repleta de cacao y con un sabor espectacular. Ingredientes: Copos&nbsp;&#8230; [Leer m\u00e1s]<\/p>\n","protected":false},"featured_media":3103,"template":"","meta":{"sfsi_plus_gutenberg_text_before_share":"","sfsi_plus_gutenberg_show_text_before_share":"","sfsi_plus_gutenberg_icon_type":"","sfsi_plus_gutenberg_icon_alignemt":"","sfsi_plus_gutenburg_max_per_row":""},"product_brand":[],"product_cat":[48,37],"product_tag":[818,1460,1461,1459],"class_list":{"0":"post-3102","1":"product","2":"type-product","3":"status-publish","4":"has-post-thumbnail","6":"product_cat-alimentacion","7":"product_cat-desayunos-y-cereales","8":"product_tag-granola","9":"product_tag-granola-de-chocolate","10":"product_tag-granola-de-chocolate-sin-azucar","11":"product_tag-granola-sin-azucar","13":"first","14":"instock","15":"taxable","16":"shipping-taxable","17":"purchasable","18":"product-type-simple"},"_links":{"self":[{"href":"https:\/\/www.latienducagranel.com\/index.php\/wp-json\/wp\/v2\/product\/3102","targetHints":{"allow":["GET"]}}],"collection":[{"href":"https:\/\/www.latienducagranel.com\/index.php\/wp-json\/wp\/v2\/product"}],"about":[{"href":"https:\/\/www.latienducagranel.com\/index.php\/wp-json\/wp\/v2\/types\/product"}],"wp:featuredmedia":[{"embeddable":true,"href":"https:\/\/www.latienducagranel.com\/index.php\/wp-json\/wp\/v2\/media\/3103"}],"wp:attachment":[{"href":"https:\/\/www.latienducagranel.com\/index.php\/wp-json\/wp\/v2\/media?parent=3102"}],"wp:term":[{"taxonomy":"product_brand","embeddable":true,"href":"https:\/\/www.latienducagranel.com\/index.php\/wp-json\/wp\/v2\/product_brand?post=3102"},{"taxonomy":"product_cat","embeddable":true,"href":"https:\/\/www.latienducagranel.com\/index.php\/wp-json\/wp\/v2\/product_cat?post=3102"},{"taxonomy":"product_tag","embeddable":true,"href":"https:\/\/www.latienducagranel.com\/index.php\/wp-json\/wp\/v2\/product_tag?post=3102"}],"curies":[{"name":"wp","href":"https:\/\/api.w.org\/{rel}","templated":true}]}}