{"id":3100,"date":"2025-10-08T18:21:43","date_gmt":"2025-10-08T17:21:43","guid":{"rendered":"https:\/\/www.latienducagranel.com\/?post_type=product&#038;p=3100"},"modified":"2025-10-08T18:21:43","modified_gmt":"2025-10-08T17:21:43","slug":"granola-pink-sin-gluten","status":"publish","type":"product","link":"https:\/\/www.latienducagranel.com\/index.php\/producto\/granola-pink-sin-gluten\/","title":{"rendered":"Granola pink sin gluten"},"content":{"rendered":"<p>La granola pink sin gluten, sencillamente, est\u00e1 buen\u00edsima. Es una mezcla incre\u00edble de chocolate blanco 29% cacao, fresas deshidratadas, copos de avena integrales sin gluten, almendras y nueces de macadamia.<\/p>\n<p>Ingredientes: Copos\u00a0de avena integrales sin gluten,\u00a0chocolate\u00a0blanco (29,2% cacao, az\u00facar, manteca de cacao, leche desnatada en polvo, materia grasal\u00e1ctea, lecitina de\u00a0soja y aroma natural de vainilla), almendras marconas, aceite de oliva virgen extra, fresas naturales deshidratadas,\u00a0nueces de Macadamia, fibra soluble de Tapioca, az\u00facar moreno de ca\u00f1a y sal rosa del Himalaya.<\/p>\n<p>Contiene frutos de c\u00e1scara (almendras y macadamias), soja, l\u00e1cteos y sus derivados. Puede contener trazas de otros frutos de c\u00e1scara, s\u00e9samo, cacahuete y mostaza.<\/p>\n<p>&nbsp;<\/p>\n","protected":false},"excerpt":{"rendered":"<p>La granola pink sin gluten, sencillamente, est\u00e1 buen\u00edsima. Es una mezcla incre\u00edble de chocolate blanco 29% cacao, fresas deshidratadas, copos de avena integrales sin gluten, almendras y nueces de macadamia. Ingredientes: Copos\u00a0de avena integrales sin gluten,\u00a0chocolate\u00a0blanco (29,2% cacao, az\u00facar, manteca de cacao, leche desnatada en&nbsp;&#8230; [Leer m\u00e1s]<\/p>\n","protected":false},"featured_media":3101,"template":"","meta":{"sfsi_plus_gutenberg_text_before_share":"","sfsi_plus_gutenberg_show_text_before_share":"","sfsi_plus_gutenberg_icon_type":"","sfsi_plus_gutenberg_icon_alignemt":"","sfsi_plus_gutenburg_max_per_row":""},"product_brand":[],"product_cat":[48,37],"product_tag":[818,1457,1458,1456],"class_list":{"0":"post-3100","1":"product","2":"type-product","3":"status-publish","4":"has-post-thumbnail","6":"product_cat-alimentacion","7":"product_cat-desayunos-y-cereales","8":"product_tag-granola","9":"product_tag-granola-pink","10":"product_tag-granola-pink-sin-gluten","11":"product_tag-granola-sin-gluten","13":"first","14":"instock","15":"taxable","16":"shipping-taxable","17":"purchasable","18":"product-type-simple"},"_links":{"self":[{"href":"https:\/\/www.latienducagranel.com\/index.php\/wp-json\/wp\/v2\/product\/3100","targetHints":{"allow":["GET"]}}],"collection":[{"href":"https:\/\/www.latienducagranel.com\/index.php\/wp-json\/wp\/v2\/product"}],"about":[{"href":"https:\/\/www.latienducagranel.com\/index.php\/wp-json\/wp\/v2\/types\/product"}],"wp:featuredmedia":[{"embeddable":true,"href":"https:\/\/www.latienducagranel.com\/index.php\/wp-json\/wp\/v2\/media\/3101"}],"wp:attachment":[{"href":"https:\/\/www.latienducagranel.com\/index.php\/wp-json\/wp\/v2\/media?parent=3100"}],"wp:term":[{"taxonomy":"product_brand","embeddable":true,"href":"https:\/\/www.latienducagranel.com\/index.php\/wp-json\/wp\/v2\/product_brand?post=3100"},{"taxonomy":"product_cat","embeddable":true,"href":"https:\/\/www.latienducagranel.com\/index.php\/wp-json\/wp\/v2\/product_cat?post=3100"},{"taxonomy":"product_tag","embeddable":true,"href":"https:\/\/www.latienducagranel.com\/index.php\/wp-json\/wp\/v2\/product_tag?post=3100"}],"curies":[{"name":"wp","href":"https:\/\/api.w.org\/{rel}","templated":true}]}}