{"id":310,"date":"2020-11-19T20:00:57","date_gmt":"2020-11-19T20:00:57","guid":{"rendered":"https:\/\/www.latienducagranel.com\/?post_type=product&#038;p=310"},"modified":"2026-02-19T17:44:09","modified_gmt":"2026-02-19T16:44:09","slug":"alubia-carilla","status":"publish","type":"product","link":"https:\/\/www.latienducagranel.com\/index.php\/producto\/alubia-carilla\/","title":{"rendered":"Alubia carilla"},"content":{"rendered":"<p>La alubia carilla es una alubia peque\u00f1a, de color blanco oscuro-beige, y con un puntito negro sobre el embri\u00f3n. Tiene un aroma fragante, textura cremosa y un sabor caracter\u00edstico. Pueden cocinarse en poco tiempo y no necesitan remojo.<\/p>\n","protected":false},"excerpt":{"rendered":"<p>La alubia carilla es una alubia peque\u00f1a, de color blanco oscuro-beige, y con un puntito negro sobre el embri\u00f3n. Tiene un aroma fragante, textura cremosa y un sabor caracter\u00edstico. Pueden cocinarse en poco tiempo y no necesitan remojo.<\/p>\n","protected":false},"featured_media":311,"template":"","meta":{"sfsi_plus_gutenberg_text_before_share":"","sfsi_plus_gutenberg_show_text_before_share":"","sfsi_plus_gutenberg_icon_type":"","sfsi_plus_gutenberg_icon_alignemt":"","sfsi_plus_gutenburg_max_per_row":""},"product_brand":[],"product_cat":[48,24,21],"product_tag":[404,473,410,471,472,405,403],"class_list":{"0":"post-310","1":"product","2":"type-product","3":"status-publish","4":"has-post-thumbnail","6":"product_cat-alimentacion","7":"product_cat-alubias","8":"product_cat-legumbres","9":"product_tag-alubia","10":"product_tag-alubia-carilla","11":"product_tag-alubias","12":"product_tag-alubias-carillas","13":"product_tag-carillas","14":"product_tag-judias","15":"product_tag-legumbres","17":"first","18":"instock","19":"taxable","20":"shipping-taxable","21":"purchasable","22":"product-type-simple"},"_links":{"self":[{"href":"https:\/\/www.latienducagranel.com\/index.php\/wp-json\/wp\/v2\/product\/310","targetHints":{"allow":["GET"]}}],"collection":[{"href":"https:\/\/www.latienducagranel.com\/index.php\/wp-json\/wp\/v2\/product"}],"about":[{"href":"https:\/\/www.latienducagranel.com\/index.php\/wp-json\/wp\/v2\/types\/product"}],"wp:featuredmedia":[{"embeddable":true,"href":"https:\/\/www.latienducagranel.com\/index.php\/wp-json\/wp\/v2\/media\/311"}],"wp:attachment":[{"href":"https:\/\/www.latienducagranel.com\/index.php\/wp-json\/wp\/v2\/media?parent=310"}],"wp:term":[{"taxonomy":"product_brand","embeddable":true,"href":"https:\/\/www.latienducagranel.com\/index.php\/wp-json\/wp\/v2\/product_brand?post=310"},{"taxonomy":"product_cat","embeddable":true,"href":"https:\/\/www.latienducagranel.com\/index.php\/wp-json\/wp\/v2\/product_cat?post=310"},{"taxonomy":"product_tag","embeddable":true,"href":"https:\/\/www.latienducagranel.com\/index.php\/wp-json\/wp\/v2\/product_tag?post=310"}],"curies":[{"name":"wp","href":"https:\/\/api.w.org\/{rel}","templated":true}]}}