{"id":3098,"date":"2025-10-08T18:11:06","date_gmt":"2025-10-08T17:11:06","guid":{"rendered":"https:\/\/www.latienducagranel.com\/?post_type=product&#038;p=3098"},"modified":"2025-10-08T18:11:06","modified_gmt":"2025-10-08T17:11:06","slug":"granola-eco-de-jengibre-y-manzana","status":"publish","type":"product","link":"https:\/\/www.latienducagranel.com\/index.php\/producto\/granola-eco-de-jengibre-y-manzana\/","title":{"rendered":"Granola eco de jengibre y manzana"},"content":{"rendered":"<p>La granola eco de jengibre y manzana tiene un olor delicioso, con el toque perfecto de pur\u00e9 de manzana, canela y el pellizquito chisposo que le da el jengibre. Adem\u00e1s de ecol\u00f3gica, es vegana y fuente de fibra. Atr\u00e9vete a darle usos alternativos al desayuno, como por ejemplo a\u00f1\u00e1dela en una ensalada de espinacas y queso fresco, o en un cuenco con frutas variadas.<\/p>\n<p>Ingredientes: Copos de avena integrales*, pur\u00e9 de manzana (19.57%)*, aceite de oliva virgen extra (13.05%)*, az\u00facar moreno de ca\u00f1a*, pasas* (pasas y aceite de girasol),\u00a0almendras laminadas*, pipas de girasol*, chips de manzana (3.26%)*, jengibre (0.49%)*, canela* y sal rosa del Himalaya.<\/p>\n<p>Contiene gluten y frutos de c\u00e1scara (almendras). Puede contener trazas de otros frutos de c\u00e1scara, cacahuete, s\u00e9samo, soja, mostaza, l\u00e1cteos y derivados.<\/p>\n","protected":false},"excerpt":{"rendered":"<p>La granola eco de jengibre y manzana tiene un olor delicioso, con el toque perfecto de pur\u00e9 de manzana, canela y el pellizquito chisposo que le da el jengibre. Adem\u00e1s de ecol\u00f3gica, es vegana y fuente de fibra. Atr\u00e9vete a darle usos alternativos al desayuno,&nbsp;&#8230; [Leer m\u00e1s]<\/p>\n","protected":false},"featured_media":3099,"template":"","meta":{"sfsi_plus_gutenberg_text_before_share":"","sfsi_plus_gutenberg_show_text_before_share":"","sfsi_plus_gutenberg_icon_type":"","sfsi_plus_gutenberg_icon_alignemt":"","sfsi_plus_gutenburg_max_per_row":""},"product_brand":[],"product_cat":[48,55,37,50],"product_tag":[818,1455,819,1454,1452,1453],"class_list":{"0":"post-3098","1":"product","2":"type-product","3":"status-publish","4":"has-post-thumbnail","6":"product_cat-alimentacion","7":"product_cat-alimentacion-ecolgica","8":"product_cat-desayunos-y-cereales","9":"product_cat-productos-ecologicos","10":"product_tag-granola","11":"product_tag-granola-de-jengibre-y-manzana","12":"product_tag-granola-eco","13":"product_tag-granola-eco-de-jengibre","14":"product_tag-granola-eco-de-jengibre-y-manzana","15":"product_tag-granola-eco-de-manzana","17":"first","18":"instock","19":"taxable","20":"shipping-taxable","21":"purchasable","22":"product-type-simple"},"_links":{"self":[{"href":"https:\/\/www.latienducagranel.com\/index.php\/wp-json\/wp\/v2\/product\/3098","targetHints":{"allow":["GET"]}}],"collection":[{"href":"https:\/\/www.latienducagranel.com\/index.php\/wp-json\/wp\/v2\/product"}],"about":[{"href":"https:\/\/www.latienducagranel.com\/index.php\/wp-json\/wp\/v2\/types\/product"}],"wp:featuredmedia":[{"embeddable":true,"href":"https:\/\/www.latienducagranel.com\/index.php\/wp-json\/wp\/v2\/media\/3099"}],"wp:attachment":[{"href":"https:\/\/www.latienducagranel.com\/index.php\/wp-json\/wp\/v2\/media?parent=3098"}],"wp:term":[{"taxonomy":"product_brand","embeddable":true,"href":"https:\/\/www.latienducagranel.com\/index.php\/wp-json\/wp\/v2\/product_brand?post=3098"},{"taxonomy":"product_cat","embeddable":true,"href":"https:\/\/www.latienducagranel.com\/index.php\/wp-json\/wp\/v2\/product_cat?post=3098"},{"taxonomy":"product_tag","embeddable":true,"href":"https:\/\/www.latienducagranel.com\/index.php\/wp-json\/wp\/v2\/product_tag?post=3098"}],"curies":[{"name":"wp","href":"https:\/\/api.w.org\/{rel}","templated":true}]}}