{"id":3096,"date":"2025-10-08T17:58:23","date_gmt":"2025-10-08T16:58:23","guid":{"rendered":"https:\/\/www.latienducagranel.com\/?post_type=product&#038;p=3096"},"modified":"2025-10-08T17:58:23","modified_gmt":"2025-10-08T16:58:23","slug":"granola-eco-de-coco-y-limon","status":"publish","type":"product","link":"https:\/\/www.latienducagranel.com\/index.php\/producto\/granola-eco-de-coco-y-limon\/","title":{"rendered":"Granola eco de coco y lim\u00f3n"},"content":{"rendered":"<p>La granola eco de coco y lim\u00f3n es crujiente, con cierto sabor a toffe, trasfondo de coco y el toque de lim\u00f3n que lo redondea todo. Es ecol\u00f3gica, vegana y muy rica.<\/p>\n<p>Ingredientes: Copos de\u00a0avena\u00a0integrales, coco rallado (13.21%), pipas de girasol, fibra soluble de Tapioca, az\u00facar moreno, aceite de oliva virgen extra (5.23%),\u00a0almendras, ar\u00e1ndanos (ar\u00e1ndanos, zumo de manzana y aceite de girasol), pipas de calabaza, piel de lim\u00f3n (1.47%) y sal rosa del Himalaya*.<\/p>\n<p>*Producci\u00f3n no ecol\u00f3gica<\/p>\n<p>Contiene gluten y frutos secos de c\u00e1scara (almendras). Puede contener trazas de otros frutos de c\u00e1scara, cacahuete, s\u00e9samo, soja, sulfitos, l\u00e1cteos y derivados.<\/p>\n","protected":false},"excerpt":{"rendered":"<p>La granola eco de coco y lim\u00f3n es crujiente, con cierto sabor a toffe, trasfondo de coco y el toque de lim\u00f3n que lo redondea todo. Es ecol\u00f3gica, vegana y muy rica. Ingredientes: Copos de\u00a0avena\u00a0integrales, coco rallado (13.21%), pipas de girasol, fibra soluble de Tapioca,&nbsp;&#8230; [Leer m\u00e1s]<\/p>\n","protected":false},"featured_media":3097,"template":"","meta":{"sfsi_plus_gutenberg_text_before_share":"","sfsi_plus_gutenberg_show_text_before_share":"","sfsi_plus_gutenberg_icon_type":"","sfsi_plus_gutenberg_icon_alignemt":"","sfsi_plus_gutenburg_max_per_row":""},"product_brand":[],"product_cat":[48,55,37,50],"product_tag":[],"class_list":{"0":"post-3096","1":"product","2":"type-product","3":"status-publish","4":"has-post-thumbnail","6":"product_cat-alimentacion","7":"product_cat-alimentacion-ecolgica","8":"product_cat-desayunos-y-cereales","9":"product_cat-productos-ecologicos","11":"first","12":"instock","13":"taxable","14":"shipping-taxable","15":"purchasable","16":"product-type-simple"},"_links":{"self":[{"href":"https:\/\/www.latienducagranel.com\/index.php\/wp-json\/wp\/v2\/product\/3096","targetHints":{"allow":["GET"]}}],"collection":[{"href":"https:\/\/www.latienducagranel.com\/index.php\/wp-json\/wp\/v2\/product"}],"about":[{"href":"https:\/\/www.latienducagranel.com\/index.php\/wp-json\/wp\/v2\/types\/product"}],"wp:featuredmedia":[{"embeddable":true,"href":"https:\/\/www.latienducagranel.com\/index.php\/wp-json\/wp\/v2\/media\/3097"}],"wp:attachment":[{"href":"https:\/\/www.latienducagranel.com\/index.php\/wp-json\/wp\/v2\/media?parent=3096"}],"wp:term":[{"taxonomy":"product_brand","embeddable":true,"href":"https:\/\/www.latienducagranel.com\/index.php\/wp-json\/wp\/v2\/product_brand?post=3096"},{"taxonomy":"product_cat","embeddable":true,"href":"https:\/\/www.latienducagranel.com\/index.php\/wp-json\/wp\/v2\/product_cat?post=3096"},{"taxonomy":"product_tag","embeddable":true,"href":"https:\/\/www.latienducagranel.com\/index.php\/wp-json\/wp\/v2\/product_tag?post=3096"}],"curies":[{"name":"wp","href":"https:\/\/api.w.org\/{rel}","templated":true}]}}