{"id":3081,"date":"2025-09-12T18:04:44","date_gmt":"2025-09-12T17:04:44","guid":{"rendered":"https:\/\/www.latienducagranel.com\/?post_type=product&#038;p=3081"},"modified":"2025-09-12T18:04:44","modified_gmt":"2025-09-12T17:04:44","slug":"sopa-thai","status":"publish","type":"product","link":"https:\/\/www.latienducagranel.com\/index.php\/producto\/sopa-thai\/","title":{"rendered":"Sopa Thai"},"content":{"rendered":"<p>La sopa Thai es nuestra sopa m\u00e1s ex\u00f3tica. Se trata de una sopa muy arom\u00e1tica, pero delicada en el paladar. Con curry y coco que le aportan el toque sabroso, y quinoa que la dota de textura y le aporta valor nutricional.<\/p>\n<p>Ingredientes: quinoa real, patata, coco, cebolla, calabac\u00edn, zanahoria, chile, cebollino, curry y jengibre<\/p>\n<p>Al\u00e9rgenos: Puede contener trazas de s\u00e9samo, avellanas, apio y sulfitos. Contiene mostaza, que es un producto al\u00e9rgeno.<\/p>\n<p>Echar dos cucharadas y media de sopa thai y 375 ml de caldo por raci\u00f3n y dejar cocinar durante 20 minutos<\/p>\n","protected":false},"excerpt":{"rendered":"<p>La sopa Thai es nuestra sopa m\u00e1s ex\u00f3tica. Se trata de una sopa muy arom\u00e1tica, pero delicada en el paladar. Con curry y coco que le aportan el toque sabroso, y quinoa que la dota de textura y le aporta valor nutricional. Ingredientes: quinoa real,&nbsp;&#8230; [Leer m\u00e1s]<\/p>\n","protected":false},"featured_media":3082,"template":"","meta":{"sfsi_plus_gutenberg_text_before_share":"","sfsi_plus_gutenberg_show_text_before_share":"","sfsi_plus_gutenberg_icon_type":"","sfsi_plus_gutenberg_icon_alignemt":"","sfsi_plus_gutenburg_max_per_row":""},"product_brand":[],"product_cat":[48,59],"product_tag":[],"class_list":{"0":"post-3081","1":"product","2":"type-product","3":"status-publish","4":"has-post-thumbnail","6":"product_cat-alimentacion","7":"product_cat-sopas","9":"first","10":"instock","11":"taxable","12":"shipping-taxable","13":"purchasable","14":"product-type-simple"},"_links":{"self":[{"href":"https:\/\/www.latienducagranel.com\/index.php\/wp-json\/wp\/v2\/product\/3081","targetHints":{"allow":["GET"]}}],"collection":[{"href":"https:\/\/www.latienducagranel.com\/index.php\/wp-json\/wp\/v2\/product"}],"about":[{"href":"https:\/\/www.latienducagranel.com\/index.php\/wp-json\/wp\/v2\/types\/product"}],"wp:featuredmedia":[{"embeddable":true,"href":"https:\/\/www.latienducagranel.com\/index.php\/wp-json\/wp\/v2\/media\/3082"}],"wp:attachment":[{"href":"https:\/\/www.latienducagranel.com\/index.php\/wp-json\/wp\/v2\/media?parent=3081"}],"wp:term":[{"taxonomy":"product_brand","embeddable":true,"href":"https:\/\/www.latienducagranel.com\/index.php\/wp-json\/wp\/v2\/product_brand?post=3081"},{"taxonomy":"product_cat","embeddable":true,"href":"https:\/\/www.latienducagranel.com\/index.php\/wp-json\/wp\/v2\/product_cat?post=3081"},{"taxonomy":"product_tag","embeddable":true,"href":"https:\/\/www.latienducagranel.com\/index.php\/wp-json\/wp\/v2\/product_tag?post=3081"}],"curies":[{"name":"wp","href":"https:\/\/api.w.org\/{rel}","templated":true}]}}