{"id":3079,"date":"2025-09-12T17:32:04","date_gmt":"2025-09-12T16:32:04","guid":{"rendered":"https:\/\/www.latienducagranel.com\/?post_type=product&#038;p=3079"},"modified":"2025-09-12T18:06:17","modified_gmt":"2025-09-12T17:06:17","slug":"pasta-bolonesa-vegetal","status":"publish","type":"product","link":"https:\/\/www.latienducagranel.com\/index.php\/producto\/pasta-bolonesa-vegetal\/","title":{"rendered":"Pasta bolo\u00f1esa vegetal"},"content":{"rendered":"<p>En esta pasta bolo\u00f1esa vegetal el texturizado aporta el toque perfecto convirtiendo a este plato en una alternativa sin carne para los amantes de esta m\u00edtica receta de pasta.<\/p>\n<p>Ingredientes: Pasta (s\u00e9mola de trigo), prote\u00edna de guisante texturizada, cebolla, tomate, ajo, piment\u00f3n, or\u00e9gano\u2026 y nada m\u00e1s.<\/p>\n<p>Al\u00e9rgenos: Puede contener trazas de s\u00e9samo, mostaza, avellanas, apio, sulfitos, cacahuete, soja y huevo. Contiene gluten.<\/p>\n<p>Calentar un poco de aceite en una sart\u00e9n o cazuela. A\u00f1adir 100 gr de pasta bolo\u00f1esa vegetal por persona y rehogar. A\u00f1adir caldo (200 ml por persona) y dejar cocinar durante 10 minutos aproximadamente.<\/p>\n","protected":false},"excerpt":{"rendered":"<p>En esta pasta bolo\u00f1esa vegetal el texturizado aporta el toque perfecto convirtiendo a este plato en una alternativa sin carne para los amantes de esta m\u00edtica receta de pasta. Ingredientes: Pasta (s\u00e9mola de trigo), prote\u00edna de guisante texturizada, cebolla, tomate, ajo, piment\u00f3n, or\u00e9gano\u2026 y nada&nbsp;&#8230; [Leer m\u00e1s]<\/p>\n","protected":false},"featured_media":3080,"template":"","meta":{"sfsi_plus_gutenberg_text_before_share":"","sfsi_plus_gutenberg_show_text_before_share":"","sfsi_plus_gutenberg_icon_type":"","sfsi_plus_gutenberg_icon_alignemt":"","sfsi_plus_gutenburg_max_per_row":""},"product_brand":[],"product_cat":[48,65],"product_tag":[],"class_list":{"0":"post-3079","1":"product","2":"type-product","3":"status-publish","4":"has-post-thumbnail","6":"product_cat-alimentacion","7":"product_cat-risottos","9":"first","10":"instock","11":"taxable","12":"shipping-taxable","13":"purchasable","14":"product-type-simple"},"_links":{"self":[{"href":"https:\/\/www.latienducagranel.com\/index.php\/wp-json\/wp\/v2\/product\/3079","targetHints":{"allow":["GET"]}}],"collection":[{"href":"https:\/\/www.latienducagranel.com\/index.php\/wp-json\/wp\/v2\/product"}],"about":[{"href":"https:\/\/www.latienducagranel.com\/index.php\/wp-json\/wp\/v2\/types\/product"}],"wp:featuredmedia":[{"embeddable":true,"href":"https:\/\/www.latienducagranel.com\/index.php\/wp-json\/wp\/v2\/media\/3080"}],"wp:attachment":[{"href":"https:\/\/www.latienducagranel.com\/index.php\/wp-json\/wp\/v2\/media?parent=3079"}],"wp:term":[{"taxonomy":"product_brand","embeddable":true,"href":"https:\/\/www.latienducagranel.com\/index.php\/wp-json\/wp\/v2\/product_brand?post=3079"},{"taxonomy":"product_cat","embeddable":true,"href":"https:\/\/www.latienducagranel.com\/index.php\/wp-json\/wp\/v2\/product_cat?post=3079"},{"taxonomy":"product_tag","embeddable":true,"href":"https:\/\/www.latienducagranel.com\/index.php\/wp-json\/wp\/v2\/product_tag?post=3079"}],"curies":[{"name":"wp","href":"https:\/\/api.w.org\/{rel}","templated":true}]}}