{"id":306,"date":"2020-11-19T19:56:48","date_gmt":"2020-11-19T19:56:48","guid":{"rendered":"https:\/\/www.latienducagranel.com\/?post_type=product&#038;p=306"},"modified":"2025-01-08T12:16:49","modified_gmt":"2025-01-08T11:16:49","slug":"tiburon","status":"publish","type":"product","link":"https:\/\/www.latienducagranel.com\/index.php\/producto\/tiburon\/","title":{"rendered":"Tibur\u00f3n"},"content":{"rendered":"<p>Tibur\u00f3n: Coditos de pasta alimentaria elaborados con s\u00e9mola de trigo duro 100%. Sin aditivos. Tambi\u00e9n conocidos como Gomiti Rigati en Italia, son ideales para preparar cualquier plato de pasta y ensaladas.<\/p>\n","protected":false},"excerpt":{"rendered":"<p>Tibur\u00f3n: Coditos de pasta alimentaria elaborados con s\u00e9mola de trigo duro 100%. Sin aditivos. Tambi\u00e9n conocidos como Gomiti Rigati en Italia, son ideales para preparar cualquier plato de pasta y ensaladas.<\/p>\n","protected":false},"featured_media":307,"template":"","meta":{"sfsi_plus_gutenberg_text_before_share":"","sfsi_plus_gutenberg_show_text_before_share":"","sfsi_plus_gutenberg_icon_type":"","sfsi_plus_gutenberg_icon_alignemt":"","sfsi_plus_gutenburg_max_per_row":""},"product_brand":[],"product_cat":[48,30,64],"product_tag":[517,480,513,514,515,516],"class_list":{"0":"post-306","1":"product","2":"type-product","3":"status-publish","4":"has-post-thumbnail","6":"product_cat-alimentacion","7":"product_cat-pasta","8":"product_cat-pasta-de-trigo","9":"product_tag-coditos","10":"product_tag-pasta","11":"product_tag-pasta-de-trigo","12":"product_tag-semola-de-trigo-duro","13":"product_tag-tiburon","14":"product_tag-tiburones","16":"first","17":"instock","18":"taxable","19":"shipping-taxable","20":"purchasable","21":"product-type-simple"},"_links":{"self":[{"href":"https:\/\/www.latienducagranel.com\/index.php\/wp-json\/wp\/v2\/product\/306","targetHints":{"allow":["GET"]}}],"collection":[{"href":"https:\/\/www.latienducagranel.com\/index.php\/wp-json\/wp\/v2\/product"}],"about":[{"href":"https:\/\/www.latienducagranel.com\/index.php\/wp-json\/wp\/v2\/types\/product"}],"wp:featuredmedia":[{"embeddable":true,"href":"https:\/\/www.latienducagranel.com\/index.php\/wp-json\/wp\/v2\/media\/307"}],"wp:attachment":[{"href":"https:\/\/www.latienducagranel.com\/index.php\/wp-json\/wp\/v2\/media?parent=306"}],"wp:term":[{"taxonomy":"product_brand","embeddable":true,"href":"https:\/\/www.latienducagranel.com\/index.php\/wp-json\/wp\/v2\/product_brand?post=306"},{"taxonomy":"product_cat","embeddable":true,"href":"https:\/\/www.latienducagranel.com\/index.php\/wp-json\/wp\/v2\/product_cat?post=306"},{"taxonomy":"product_tag","embeddable":true,"href":"https:\/\/www.latienducagranel.com\/index.php\/wp-json\/wp\/v2\/product_tag?post=306"}],"curies":[{"name":"wp","href":"https:\/\/api.w.org\/{rel}","templated":true}]}}