{"id":2924,"date":"2025-01-07T17:38:43","date_gmt":"2025-01-07T16:38:43","guid":{"rendered":"https:\/\/www.latienducagranel.com\/?post_type=product&#038;p=2924"},"modified":"2026-03-16T13:30:26","modified_gmt":"2026-03-16T12:30:26","slug":"granola-original","status":"publish","type":"product","link":"https:\/\/www.latienducagranel.com\/index.php\/producto\/granola-original\/","title":{"rendered":"Granola original"},"content":{"rendered":"<p>La granola original es una granola elaborada con miel de Asturias y aceite de oliva virgen extra. Es una mezcla de copos de avena integrales, miel, AOVE, frutos secos y frutas deshidratadas tostada a fuego lento en un proceso artesano 100% para crear un producto natural y delicioso.<\/p>\n<p style=\"text-align: left;\">Ingredientes: Copos de avena, miel (22%), aceite de oliva virgen extra (8%), pasas, pipas de girasol, almendras, nueces, pipas de calabaza, ar\u00e1ndanos (ar\u00e1ndanos, zumo de manzana y aceite de girasol), canela, sal rosa del Himalaya y jengibre.<\/p>\n<p style=\"text-align: left;\">Contiene gluten y frutos de c\u00e1scara (almendras y nueces). Puede contener trazas de otros frutos de c\u00e1scara, cacahuete, s\u00e9samo, soja, l\u00e1cteos y derivados.<\/p>\n","protected":false},"excerpt":{"rendered":"<p>La granola original es una granola elaborada con miel de Asturias y aceite de oliva virgen extra. Es una mezcla de copos de avena integrales, miel, AOVE, frutos secos y frutas deshidratadas tostada a fuego lento en un proceso artesano 100% para crear un producto&nbsp;&#8230; [Leer m\u00e1s]<\/p>\n","protected":false},"featured_media":2925,"template":"","meta":{"sfsi_plus_gutenberg_text_before_share":"","sfsi_plus_gutenberg_show_text_before_share":"","sfsi_plus_gutenberg_icon_type":"","sfsi_plus_gutenberg_icon_alignemt":"","sfsi_plus_gutenburg_max_per_row":""},"product_brand":[],"product_cat":[48,37],"product_tag":[],"class_list":{"0":"post-2924","1":"product","2":"type-product","3":"status-publish","4":"has-post-thumbnail","6":"product_cat-alimentacion","7":"product_cat-desayunos-y-cereales","9":"first","10":"instock","11":"taxable","12":"shipping-taxable","13":"purchasable","14":"product-type-simple"},"_links":{"self":[{"href":"https:\/\/www.latienducagranel.com\/index.php\/wp-json\/wp\/v2\/product\/2924","targetHints":{"allow":["GET"]}}],"collection":[{"href":"https:\/\/www.latienducagranel.com\/index.php\/wp-json\/wp\/v2\/product"}],"about":[{"href":"https:\/\/www.latienducagranel.com\/index.php\/wp-json\/wp\/v2\/types\/product"}],"wp:featuredmedia":[{"embeddable":true,"href":"https:\/\/www.latienducagranel.com\/index.php\/wp-json\/wp\/v2\/media\/2925"}],"wp:attachment":[{"href":"https:\/\/www.latienducagranel.com\/index.php\/wp-json\/wp\/v2\/media?parent=2924"}],"wp:term":[{"taxonomy":"product_brand","embeddable":true,"href":"https:\/\/www.latienducagranel.com\/index.php\/wp-json\/wp\/v2\/product_brand?post=2924"},{"taxonomy":"product_cat","embeddable":true,"href":"https:\/\/www.latienducagranel.com\/index.php\/wp-json\/wp\/v2\/product_cat?post=2924"},{"taxonomy":"product_tag","embeddable":true,"href":"https:\/\/www.latienducagranel.com\/index.php\/wp-json\/wp\/v2\/product_tag?post=2924"}],"curies":[{"name":"wp","href":"https:\/\/api.w.org\/{rel}","templated":true}]}}