{"id":2891,"date":"2024-11-26T19:15:38","date_gmt":"2024-11-26T18:15:38","guid":{"rendered":"https:\/\/www.latienducagranel.com\/?post_type=product&#038;p=2891"},"modified":"2024-12-02T12:50:59","modified_gmt":"2024-12-02T11:50:59","slug":"crema-de-manos-karite-y-romero","status":"publish","type":"product","link":"https:\/\/www.latienducagranel.com\/index.php\/producto\/crema-de-manos-karite-y-romero\/","title":{"rendered":"Crema de manos karit\u00e9 y romero"},"content":{"rendered":"<p>En esta crema de manos karit\u00e9 y romero hemos fundido la suavidad del karit\u00e9, la reparaci\u00f3n de la cal\u00e9ndula y la frescura del romero para dejar tus manos como nuevas.<\/p>\n<p>Suaviza y repara tus manos.<br \/>\nSe absorbe r\u00e1pidamente sin dejar sensaci\u00f3n grasienta.<\/p>\n<p>100%Ingredientes Naturales<\/p>\n<p>90% Ingredientes BIO<br \/>\nEnvase de ALUMINIO 100ml.<\/p>\n<p>Uso diario. Para toda la familia.<br \/>\nTodo tipo de pieles , incluso las sensibles o at\u00f3pica<\/p>\n","protected":false},"excerpt":{"rendered":"<p>En esta crema de manos karit\u00e9 y romero hemos fundido la suavidad del karit\u00e9, la reparaci\u00f3n de la cal\u00e9ndula y la frescura del romero para dejar tus manos como nuevas. Suaviza y repara tus manos. Se absorbe r\u00e1pidamente sin dejar sensaci\u00f3n grasienta. 100%Ingredientes Naturales 90%&nbsp;&#8230; [Leer m\u00e1s]<\/p>\n","protected":false},"featured_media":2904,"template":"","meta":{"sfsi_plus_gutenberg_text_before_share":"","sfsi_plus_gutenberg_show_text_before_share":"","sfsi_plus_gutenberg_icon_type":"","sfsi_plus_gutenberg_icon_alignemt":"","sfsi_plus_gutenburg_max_per_row":""},"product_brand":[],"product_cat":[41,44,54,50],"product_tag":[],"class_list":{"0":"post-2891","1":"product","2":"type-product","3":"status-publish","4":"has-post-thumbnail","6":"product_cat-higiene-y-cosmetica","7":"product_cat-cosmetica","8":"product_cat-rincon-silvestre","9":"product_cat-productos-ecologicos","11":"first","12":"instock","13":"taxable","14":"shipping-taxable","15":"purchasable","16":"product-type-simple"},"_links":{"self":[{"href":"https:\/\/www.latienducagranel.com\/index.php\/wp-json\/wp\/v2\/product\/2891","targetHints":{"allow":["GET"]}}],"collection":[{"href":"https:\/\/www.latienducagranel.com\/index.php\/wp-json\/wp\/v2\/product"}],"about":[{"href":"https:\/\/www.latienducagranel.com\/index.php\/wp-json\/wp\/v2\/types\/product"}],"wp:featuredmedia":[{"embeddable":true,"href":"https:\/\/www.latienducagranel.com\/index.php\/wp-json\/wp\/v2\/media\/2904"}],"wp:attachment":[{"href":"https:\/\/www.latienducagranel.com\/index.php\/wp-json\/wp\/v2\/media?parent=2891"}],"wp:term":[{"taxonomy":"product_brand","embeddable":true,"href":"https:\/\/www.latienducagranel.com\/index.php\/wp-json\/wp\/v2\/product_brand?post=2891"},{"taxonomy":"product_cat","embeddable":true,"href":"https:\/\/www.latienducagranel.com\/index.php\/wp-json\/wp\/v2\/product_cat?post=2891"},{"taxonomy":"product_tag","embeddable":true,"href":"https:\/\/www.latienducagranel.com\/index.php\/wp-json\/wp\/v2\/product_tag?post=2891"}],"curies":[{"name":"wp","href":"https:\/\/api.w.org\/{rel}","templated":true}]}}