{"id":282,"date":"2020-11-19T19:33:37","date_gmt":"2020-11-19T19:33:37","guid":{"rendered":"https:\/\/www.latienducagranel.com\/?post_type=product&#038;p=282"},"modified":"2025-02-12T19:30:08","modified_gmt":"2025-02-12T18:30:08","slug":"papaya-sin-azucar","status":"publish","type":"product","link":"https:\/\/www.latienducagranel.com\/index.php\/producto\/papaya-sin-azucar\/","title":{"rendered":"Papaya sin az\u00facar"},"content":{"rendered":"<p>La papaya sin az\u00facar es baja en calor\u00edas y rica en nutrientes, adem\u00e1s es muy beneficiosa para el aparato digestivo.<\/p>\n","protected":false},"excerpt":{"rendered":"<p>La papaya sin az\u00facar es baja en calor\u00edas y rica en nutrientes, adem\u00e1s es muy beneficiosa para el aparato digestivo.<\/p>\n","protected":false},"featured_media":283,"template":"","meta":{"sfsi_plus_gutenberg_text_before_share":"","sfsi_plus_gutenberg_show_text_before_share":"","sfsi_plus_gutenberg_icon_type":"","sfsi_plus_gutenberg_icon_alignemt":"","sfsi_plus_gutenburg_max_per_row":""},"product_brand":[],"product_cat":[48,33],"product_tag":[253,254,252],"class_list":{"0":"post-282","1":"product","2":"type-product","3":"status-publish","4":"has-post-thumbnail","6":"product_cat-alimentacion","7":"product_cat-frutas-deshidratadas","8":"product_tag-papahya-deshidratada","9":"product_tag-papaya","10":"product_tag-papaya-sin-azucar","12":"first","13":"instock","14":"taxable","15":"shipping-taxable","16":"purchasable","17":"product-type-simple"},"_links":{"self":[{"href":"https:\/\/www.latienducagranel.com\/index.php\/wp-json\/wp\/v2\/product\/282","targetHints":{"allow":["GET"]}}],"collection":[{"href":"https:\/\/www.latienducagranel.com\/index.php\/wp-json\/wp\/v2\/product"}],"about":[{"href":"https:\/\/www.latienducagranel.com\/index.php\/wp-json\/wp\/v2\/types\/product"}],"wp:featuredmedia":[{"embeddable":true,"href":"https:\/\/www.latienducagranel.com\/index.php\/wp-json\/wp\/v2\/media\/283"}],"wp:attachment":[{"href":"https:\/\/www.latienducagranel.com\/index.php\/wp-json\/wp\/v2\/media?parent=282"}],"wp:term":[{"taxonomy":"product_brand","embeddable":true,"href":"https:\/\/www.latienducagranel.com\/index.php\/wp-json\/wp\/v2\/product_brand?post=282"},{"taxonomy":"product_cat","embeddable":true,"href":"https:\/\/www.latienducagranel.com\/index.php\/wp-json\/wp\/v2\/product_cat?post=282"},{"taxonomy":"product_tag","embeddable":true,"href":"https:\/\/www.latienducagranel.com\/index.php\/wp-json\/wp\/v2\/product_tag?post=282"}],"curies":[{"name":"wp","href":"https:\/\/api.w.org\/{rel}","templated":true}]}}