{"id":278,"date":"2020-11-19T19:29:46","date_gmt":"2020-11-19T19:29:46","guid":{"rendered":"https:\/\/www.latienducagranel.com\/?post_type=product&#038;p=278"},"modified":"2026-01-13T17:44:56","modified_gmt":"2026-01-13T16:44:56","slug":"manzana-gajos-sin-azucar","status":"publish","type":"product","link":"https:\/\/www.latienducagranel.com\/index.php\/producto\/manzana-gajos-sin-azucar\/","title":{"rendered":"Manzana gajos sin az\u00facar"},"content":{"rendered":"<p>La manzana gajos sin azucar es un alimento con gran poder antioxidante y tiene un gran valor nutritivo. Es diur\u00e9tica y digestiva, adem\u00e1s de un excelente t\u00f3nico nervioso y muscular.<\/p>\n","protected":false},"excerpt":{"rendered":"<p>La manzana gajos sin azucar es un alimento con gran poder antioxidante y tiene un gran valor nutritivo. Es diur\u00e9tica y digestiva, adem\u00e1s de un excelente t\u00f3nico nervioso y muscular.<\/p>\n","protected":false},"featured_media":279,"template":"","meta":{"sfsi_plus_gutenberg_text_before_share":"","sfsi_plus_gutenberg_show_text_before_share":"","sfsi_plus_gutenberg_icon_type":"","sfsi_plus_gutenberg_icon_alignemt":"","sfsi_plus_gutenburg_max_per_row":""},"product_brand":[],"product_cat":[48,33],"product_tag":[258,260,259,262,261],"class_list":{"0":"post-278","1":"product","2":"type-product","3":"status-publish","4":"has-post-thumbnail","6":"product_cat-alimentacion","7":"product_cat-frutas-deshidratadas","8":"product_tag-manzana","9":"product_tag-manzana-deshidratada","10":"product_tag-manzana-gajos","11":"product_tag-manzana-gajos-sin-azucar","12":"product_tag-manzana-sin-azucar","14":"first","15":"instock","16":"taxable","17":"shipping-taxable","18":"purchasable","19":"product-type-simple"},"_links":{"self":[{"href":"https:\/\/www.latienducagranel.com\/index.php\/wp-json\/wp\/v2\/product\/278","targetHints":{"allow":["GET"]}}],"collection":[{"href":"https:\/\/www.latienducagranel.com\/index.php\/wp-json\/wp\/v2\/product"}],"about":[{"href":"https:\/\/www.latienducagranel.com\/index.php\/wp-json\/wp\/v2\/types\/product"}],"wp:featuredmedia":[{"embeddable":true,"href":"https:\/\/www.latienducagranel.com\/index.php\/wp-json\/wp\/v2\/media\/279"}],"wp:attachment":[{"href":"https:\/\/www.latienducagranel.com\/index.php\/wp-json\/wp\/v2\/media?parent=278"}],"wp:term":[{"taxonomy":"product_brand","embeddable":true,"href":"https:\/\/www.latienducagranel.com\/index.php\/wp-json\/wp\/v2\/product_brand?post=278"},{"taxonomy":"product_cat","embeddable":true,"href":"https:\/\/www.latienducagranel.com\/index.php\/wp-json\/wp\/v2\/product_cat?post=278"},{"taxonomy":"product_tag","embeddable":true,"href":"https:\/\/www.latienducagranel.com\/index.php\/wp-json\/wp\/v2\/product_tag?post=278"}],"curies":[{"name":"wp","href":"https:\/\/api.w.org\/{rel}","templated":true}]}}