{"id":2762,"date":"2024-05-08T12:33:40","date_gmt":"2024-05-08T11:33:40","guid":{"rendered":"https:\/\/www.latienducagranel.com\/?post_type=product&#038;p=2762"},"modified":"2025-01-08T11:26:42","modified_gmt":"2025-01-08T10:26:42","slug":"fusilli-seis-colores-eco","status":"publish","type":"product","link":"https:\/\/www.latienducagranel.com\/index.php\/producto\/fusilli-seis-colores-eco\/","title":{"rendered":"Fusilli seis colores eco"},"content":{"rendered":"<p>Nuestros fusilli seis colores eco son una pasta 100% artesanal, ecol\u00f3gica y vegana, elaborada en Navarra con trigo, zanahoria, remolacha, c\u00farcuma, perejil y piment\u00f3n. Desecada a bajas temperaturas.<br \/>\nIngredientes:\u00a0S\u00e9mola de trigo duro ecol\u00f3gica, 1% remolacha eco, 4% zanahoria eco, 1% c\u00farcuma eco, 1% perejil eco, 2% piment\u00f3n eco.<br \/>\nCocci\u00f3n: 5-6 minutos. Por cada 100 gramos de pasta 1 litro de agua.<\/p>\n","protected":false},"excerpt":{"rendered":"<p>Nuestros fusilli seis colores eco son una pasta 100% artesanal, ecol\u00f3gica y vegana, elaborada en Navarra con trigo, zanahoria, remolacha, c\u00farcuma, perejil y piment\u00f3n. Desecada a bajas temperaturas. Ingredientes:\u00a0S\u00e9mola de trigo duro ecol\u00f3gica, 1% remolacha eco, 4% zanahoria eco, 1% c\u00farcuma eco, 1% perejil eco,&nbsp;&#8230; [Leer m\u00e1s]<\/p>\n","protected":false},"featured_media":2763,"template":"","meta":{"sfsi_plus_gutenberg_text_before_share":"","sfsi_plus_gutenberg_show_text_before_share":"","sfsi_plus_gutenberg_icon_type":"","sfsi_plus_gutenberg_icon_alignemt":"","sfsi_plus_gutenburg_max_per_row":""},"product_brand":[],"product_cat":[48,55,30,64,50],"product_tag":[1398,1402,1401,1399,480,513,483,1400],"class_list":{"0":"post-2762","1":"product","2":"type-product","3":"status-publish","4":"has-post-thumbnail","6":"product_cat-alimentacion","7":"product_cat-alimentacion-ecolgica","8":"product_cat-pasta","9":"product_cat-pasta-de-trigo","10":"product_cat-productos-ecologicos","11":"product_tag-fusilli","12":"product_tag-fusilli-eco","13":"product_tag-fusilli-ecologicos","14":"product_tag-fusilli-seis-colores","15":"product_tag-pasta","16":"product_tag-pasta-de-trigo","17":"product_tag-pasta-eco","18":"product_tag-pasta-ecologica","20":"first","21":"instock","22":"taxable","23":"shipping-taxable","24":"purchasable","25":"product-type-simple"},"_links":{"self":[{"href":"https:\/\/www.latienducagranel.com\/index.php\/wp-json\/wp\/v2\/product\/2762","targetHints":{"allow":["GET"]}}],"collection":[{"href":"https:\/\/www.latienducagranel.com\/index.php\/wp-json\/wp\/v2\/product"}],"about":[{"href":"https:\/\/www.latienducagranel.com\/index.php\/wp-json\/wp\/v2\/types\/product"}],"wp:featuredmedia":[{"embeddable":true,"href":"https:\/\/www.latienducagranel.com\/index.php\/wp-json\/wp\/v2\/media\/2763"}],"wp:attachment":[{"href":"https:\/\/www.latienducagranel.com\/index.php\/wp-json\/wp\/v2\/media?parent=2762"}],"wp:term":[{"taxonomy":"product_brand","embeddable":true,"href":"https:\/\/www.latienducagranel.com\/index.php\/wp-json\/wp\/v2\/product_brand?post=2762"},{"taxonomy":"product_cat","embeddable":true,"href":"https:\/\/www.latienducagranel.com\/index.php\/wp-json\/wp\/v2\/product_cat?post=2762"},{"taxonomy":"product_tag","embeddable":true,"href":"https:\/\/www.latienducagranel.com\/index.php\/wp-json\/wp\/v2\/product_tag?post=2762"}],"curies":[{"name":"wp","href":"https:\/\/api.w.org\/{rel}","templated":true}]}}