{"id":276,"date":"2020-11-19T19:28:12","date_gmt":"2020-11-19T19:28:12","guid":{"rendered":"https:\/\/www.latienducagranel.com\/?post_type=product&#038;p=276"},"modified":"2024-06-04T17:20:19","modified_gmt":"2024-06-04T16:20:19","slug":"mango-tiras-sin-azucar","status":"publish","type":"product","link":"https:\/\/www.latienducagranel.com\/index.php\/producto\/mango-tiras-sin-azucar\/","title":{"rendered":"Mango tiras sin az\u00facar"},"content":{"rendered":"<p>El mango tiras sin az\u00facar es una fruta tropical, es una de las frutas m\u00e1s antioxidantes que hay debido a su riqueza en \u00e1cidos, tambi\u00e9n es muy rica en vitamina A y vitamina C.<\/p>\n","protected":false},"excerpt":{"rendered":"<p>El mango tiras sin az\u00facar es una fruta tropical, es una de las frutas m\u00e1s antioxidantes que hay debido a su riqueza en \u00e1cidos, tambi\u00e9n es muy rica en vitamina A y vitamina C.<\/p>\n","protected":false},"featured_media":277,"template":"","meta":{"sfsi_plus_gutenberg_text_before_share":"","sfsi_plus_gutenberg_show_text_before_share":"","sfsi_plus_gutenberg_icon_type":"","sfsi_plus_gutenberg_icon_alignemt":"","sfsi_plus_gutenburg_max_per_row":""},"product_brand":[],"product_cat":[48,33],"product_tag":[263,265,266,264,251],"class_list":{"0":"post-276","1":"product","2":"type-product","3":"status-publish","4":"has-post-thumbnail","6":"product_cat-alimentacion","7":"product_cat-frutas-deshidratadas","8":"product_tag-mango","9":"product_tag-mango-deshidratado","10":"product_tag-mango-sin-azucar","11":"product_tag-mango-tiras","12":"product_tag-sin-azucar-anadido","14":"first","15":"instock","16":"taxable","17":"shipping-taxable","18":"purchasable","19":"product-type-simple"},"_links":{"self":[{"href":"https:\/\/www.latienducagranel.com\/index.php\/wp-json\/wp\/v2\/product\/276","targetHints":{"allow":["GET"]}}],"collection":[{"href":"https:\/\/www.latienducagranel.com\/index.php\/wp-json\/wp\/v2\/product"}],"about":[{"href":"https:\/\/www.latienducagranel.com\/index.php\/wp-json\/wp\/v2\/types\/product"}],"wp:featuredmedia":[{"embeddable":true,"href":"https:\/\/www.latienducagranel.com\/index.php\/wp-json\/wp\/v2\/media\/277"}],"wp:attachment":[{"href":"https:\/\/www.latienducagranel.com\/index.php\/wp-json\/wp\/v2\/media?parent=276"}],"wp:term":[{"taxonomy":"product_brand","embeddable":true,"href":"https:\/\/www.latienducagranel.com\/index.php\/wp-json\/wp\/v2\/product_brand?post=276"},{"taxonomy":"product_cat","embeddable":true,"href":"https:\/\/www.latienducagranel.com\/index.php\/wp-json\/wp\/v2\/product_cat?post=276"},{"taxonomy":"product_tag","embeddable":true,"href":"https:\/\/www.latienducagranel.com\/index.php\/wp-json\/wp\/v2\/product_tag?post=276"}],"curies":[{"name":"wp","href":"https:\/\/api.w.org\/{rel}","templated":true}]}}