{"id":2675,"date":"2024-02-12T17:51:09","date_gmt":"2024-02-12T16:51:09","guid":{"rendered":"https:\/\/www.latienducagranel.com\/?post_type=product&#038;p=2675"},"modified":"2024-02-21T12:59:43","modified_gmt":"2024-02-21T11:59:43","slug":"mix-siete-semillas","status":"publish","type":"product","link":"https:\/\/www.latienducagranel.com\/index.php\/producto\/mix-siete-semillas\/","title":{"rendered":"Mix siete semillas"},"content":{"rendered":"<p>Mix siete semillas es ideal para utilizar en ensaladas, yogures o como topping de tus cremas de verduras.<\/p>\n<p>Ingredientes: semillas de ch\u00eda, semillas de c\u00e1\u00f1amo crudas, semillas de lino marr\u00f3n, s\u00e9samo dorado, s\u00e9samo negro, semillas de girasol crudas y semillas de calabaza crudas.<\/p>\n","protected":false},"excerpt":{"rendered":"<p>Mix siete semillas es ideal para utilizar en ensaladas, yogures o como topping de tus cremas de verduras. Ingredientes: semillas de ch\u00eda, semillas de c\u00e1\u00f1amo crudas, semillas de lino marr\u00f3n, s\u00e9samo dorado, s\u00e9samo negro, semillas de girasol crudas y semillas de calabaza crudas.<\/p>\n","protected":false},"featured_media":2676,"template":"","meta":{"sfsi_plus_gutenberg_text_before_share":"","sfsi_plus_gutenberg_show_text_before_share":"","sfsi_plus_gutenberg_icon_type":"","sfsi_plus_gutenberg_icon_alignemt":"","sfsi_plus_gutenburg_max_per_row":""},"product_brand":[],"product_cat":[48,27],"product_tag":[571,1365,1364,576,1363,317,304,574,570,1366],"class_list":{"0":"post-2675","1":"product","2":"type-product","3":"status-publish","4":"has-post-thumbnail","6":"product_cat-alimentacion","7":"product_cat-semillas","8":"product_tag-ajonjoli","9":"product_tag-canamo","10":"product_tag-chia","11":"product_tag-lino","12":"product_tag-mix-semillas","13":"product_tag-pipas-de-calabaza","14":"product_tag-pipas-de-girasol","15":"product_tag-semillas","16":"product_tag-sesamo-dorado","17":"product_tag-sesamo-negro","19":"first","20":"instock","21":"taxable","22":"shipping-taxable","23":"purchasable","24":"product-type-simple"},"_links":{"self":[{"href":"https:\/\/www.latienducagranel.com\/index.php\/wp-json\/wp\/v2\/product\/2675","targetHints":{"allow":["GET"]}}],"collection":[{"href":"https:\/\/www.latienducagranel.com\/index.php\/wp-json\/wp\/v2\/product"}],"about":[{"href":"https:\/\/www.latienducagranel.com\/index.php\/wp-json\/wp\/v2\/types\/product"}],"wp:featuredmedia":[{"embeddable":true,"href":"https:\/\/www.latienducagranel.com\/index.php\/wp-json\/wp\/v2\/media\/2676"}],"wp:attachment":[{"href":"https:\/\/www.latienducagranel.com\/index.php\/wp-json\/wp\/v2\/media?parent=2675"}],"wp:term":[{"taxonomy":"product_brand","embeddable":true,"href":"https:\/\/www.latienducagranel.com\/index.php\/wp-json\/wp\/v2\/product_brand?post=2675"},{"taxonomy":"product_cat","embeddable":true,"href":"https:\/\/www.latienducagranel.com\/index.php\/wp-json\/wp\/v2\/product_cat?post=2675"},{"taxonomy":"product_tag","embeddable":true,"href":"https:\/\/www.latienducagranel.com\/index.php\/wp-json\/wp\/v2\/product_tag?post=2675"}],"curies":[{"name":"wp","href":"https:\/\/api.w.org\/{rel}","templated":true}]}}