{"id":2661,"date":"2024-02-07T19:06:47","date_gmt":"2024-02-07T18:06:47","guid":{"rendered":"https:\/\/www.latienducagranel.com\/?post_type=product&#038;p=2661"},"modified":"2024-02-21T13:23:38","modified_gmt":"2024-02-21T12:23:38","slug":"sal-de-fuego","status":"publish","type":"product","link":"https:\/\/www.latienducagranel.com\/index.php\/producto\/sal-de-fuego\/","title":{"rendered":"Sal de fuego"},"content":{"rendered":"<p>La sal de fuego es sal de manantial picante especiada.<\/p>\n<p>Es una sal ideal para los platos del d\u00eda a d\u00eda, para espolvorear sobre la comida. Consigue un toque picante muy especial en los platos sazonados con esta sal, ya sea una ensalada, huevos fritos, verduras o un plato de pasta.<\/p>\n<p>Esta mezcla de sal de fuego est\u00e1 producida en Zeberio (Bizkaia) en peque\u00f1as cantidades para garantizar su sabor puro y su aroma en cada bote.<\/p>\n<p>Ingredientes:\u00a0Sal de manantial, piment\u00f3n dulce, cayena, piment\u00f3n ahumado, chile ojo de p\u00e1jaro.<\/p>\n","protected":false},"excerpt":{"rendered":"<p>La sal de fuego es sal de manantial picante especiada. Es una sal ideal para los platos del d\u00eda a d\u00eda, para espolvorear sobre la comida. Consigue un toque picante muy especial en los platos sazonados con esta sal, ya sea una ensalada, huevos fritos,&nbsp;&#8230; [Leer m\u00e1s]<\/p>\n","protected":false},"featured_media":2662,"template":"","meta":{"sfsi_plus_gutenberg_text_before_share":"","sfsi_plus_gutenberg_show_text_before_share":"","sfsi_plus_gutenberg_icon_type":"","sfsi_plus_gutenberg_icon_alignemt":"","sfsi_plus_gutenburg_max_per_row":""},"product_brand":[],"product_cat":[48,51],"product_tag":[538,1356,1355],"class_list":{"0":"post-2661","1":"product","2":"type-product","3":"status-publish","4":"has-post-thumbnail","6":"product_cat-alimentacion","7":"product_cat-sales","8":"product_tag-sal","9":"product_tag-sal-de-fuego","10":"product_tag-sal-picante","12":"first","13":"instock","14":"taxable","15":"shipping-taxable","16":"purchasable","17":"product-type-simple"},"_links":{"self":[{"href":"https:\/\/www.latienducagranel.com\/index.php\/wp-json\/wp\/v2\/product\/2661","targetHints":{"allow":["GET"]}}],"collection":[{"href":"https:\/\/www.latienducagranel.com\/index.php\/wp-json\/wp\/v2\/product"}],"about":[{"href":"https:\/\/www.latienducagranel.com\/index.php\/wp-json\/wp\/v2\/types\/product"}],"wp:featuredmedia":[{"embeddable":true,"href":"https:\/\/www.latienducagranel.com\/index.php\/wp-json\/wp\/v2\/media\/2662"}],"wp:attachment":[{"href":"https:\/\/www.latienducagranel.com\/index.php\/wp-json\/wp\/v2\/media?parent=2661"}],"wp:term":[{"taxonomy":"product_brand","embeddable":true,"href":"https:\/\/www.latienducagranel.com\/index.php\/wp-json\/wp\/v2\/product_brand?post=2661"},{"taxonomy":"product_cat","embeddable":true,"href":"https:\/\/www.latienducagranel.com\/index.php\/wp-json\/wp\/v2\/product_cat?post=2661"},{"taxonomy":"product_tag","embeddable":true,"href":"https:\/\/www.latienducagranel.com\/index.php\/wp-json\/wp\/v2\/product_tag?post=2661"}],"curies":[{"name":"wp","href":"https:\/\/api.w.org\/{rel}","templated":true}]}}