{"id":266,"date":"2020-11-19T19:14:51","date_gmt":"2020-11-19T19:14:51","guid":{"rendered":"https:\/\/www.latienducagranel.com\/?post_type=product&#038;p=266"},"modified":"2023-01-27T09:35:23","modified_gmt":"2023-01-27T09:35:23","slug":"arandanos-rojos-sin-azucar","status":"publish","type":"product","link":"https:\/\/www.latienducagranel.com\/index.php\/producto\/arandanos-rojos-sin-azucar\/","title":{"rendered":"Ar\u00e1ndanos rojos sin az\u00facar"},"content":{"rendered":"<p>Ar\u00e1ndanos rojos sin az\u00facar: Los ar\u00e1ndanos son bactericidas y antis\u00e9pticos, poseen gran cantidad de antioxidantes y un alto contenido de vitamina C, potasio y fibra. Son perfectos para elaborar postres y salsas.<\/p>\n","protected":false},"excerpt":{"rendered":"<p>Ar\u00e1ndanos rojos sin az\u00facar: Los ar\u00e1ndanos son bactericidas y antis\u00e9pticos, poseen gran cantidad de antioxidantes y un alto contenido de vitamina C, potasio y fibra. Son perfectos para elaborar postres y salsas.<\/p>\n","protected":false},"featured_media":267,"template":"","meta":{"sfsi_plus_gutenberg_text_before_share":"","sfsi_plus_gutenberg_show_text_before_share":"","sfsi_plus_gutenberg_icon_type":"","sfsi_plus_gutenberg_icon_alignemt":"","sfsi_plus_gutenburg_max_per_row":""},"product_brand":[],"product_cat":[48,33],"product_tag":[1086,1087,1088,1089,1090,1091,1092],"class_list":{"0":"post-266","1":"product","2":"type-product","3":"status-publish","4":"has-post-thumbnail","6":"product_cat-alimentacion","7":"product_cat-frutas-deshidratadas","8":"product_tag-arandanos","9":"product_tag-arandanos-deshidratados","10":"product_tag-arandanos-deshidratados-sin-azucar","11":"product_tag-arandanos-rojos","12":"product_tag-arandanos-rojos-deshidratados","13":"product_tag-arandanos-rojos-deshidratados-sin-azucar","14":"product_tag-arandanos-rojos-sin-azucar","16":"first","17":"instock","18":"taxable","19":"shipping-taxable","20":"purchasable","21":"product-type-simple"},"_links":{"self":[{"href":"https:\/\/www.latienducagranel.com\/index.php\/wp-json\/wp\/v2\/product\/266","targetHints":{"allow":["GET"]}}],"collection":[{"href":"https:\/\/www.latienducagranel.com\/index.php\/wp-json\/wp\/v2\/product"}],"about":[{"href":"https:\/\/www.latienducagranel.com\/index.php\/wp-json\/wp\/v2\/types\/product"}],"wp:featuredmedia":[{"embeddable":true,"href":"https:\/\/www.latienducagranel.com\/index.php\/wp-json\/wp\/v2\/media\/267"}],"wp:attachment":[{"href":"https:\/\/www.latienducagranel.com\/index.php\/wp-json\/wp\/v2\/media?parent=266"}],"wp:term":[{"taxonomy":"product_brand","embeddable":true,"href":"https:\/\/www.latienducagranel.com\/index.php\/wp-json\/wp\/v2\/product_brand?post=266"},{"taxonomy":"product_cat","embeddable":true,"href":"https:\/\/www.latienducagranel.com\/index.php\/wp-json\/wp\/v2\/product_cat?post=266"},{"taxonomy":"product_tag","embeddable":true,"href":"https:\/\/www.latienducagranel.com\/index.php\/wp-json\/wp\/v2\/product_tag?post=266"}],"curies":[{"name":"wp","href":"https:\/\/api.w.org\/{rel}","templated":true}]}}