{"id":2657,"date":"2024-02-07T18:51:35","date_gmt":"2024-02-07T17:51:35","guid":{"rendered":"https:\/\/www.latienducagranel.com\/?post_type=product&#038;p=2657"},"modified":"2024-03-08T19:50:10","modified_gmt":"2024-03-08T18:50:10","slug":"shawarma","status":"publish","type":"product","link":"https:\/\/www.latienducagranel.com\/index.php\/producto\/shawarma\/","title":{"rendered":"Shawarma"},"content":{"rendered":"<div>\n<p>Mezcla de especias Shawarma originaria de oriente medio. Esta mezcla sirve para preparar los famosos pinchos morunos. Ideal en platos de pollo, ternera, pescado, legumbres o verduras.<\/p>\n<p>Se trata de una mezcla con toques picantes y dulces. Tiene un aroma fuerte e intenso.<\/p>\n<p>Sugerencia de uso: mezcla una cucharada de Shawarma con aceite y un yogur natural o leche de coco, echa la mezcla encima de la carne (pollo, cordero, ternera..) y d\u00e9jalo marinar durante una hora m\u00ednimo en la nevera. Despu\u00e9s la puedes cocinar a la plancha hasta que este listo. Usa la carne en tus kebab caseros o con ensalada.<\/p>\n<\/div>\n<div>Ingredientes:\u00a0Comino, cilantro, sal, piment\u00f3n dulce, piment\u00f3n ahumado, c\u00farcuma, ajo, pimienta negra, nuez moscada, canela, pimienta Jamaica, cayena, clavo, cardamomo, or\u00e9gano.<\/div>\n","protected":false},"excerpt":{"rendered":"<p>Mezcla de especias Shawarma originaria de oriente medio. Esta mezcla sirve para preparar los famosos pinchos morunos. Ideal en platos de pollo, ternera, pescado, legumbres o verduras. Se trata de una mezcla con toques picantes y dulces. Tiene un aroma fuerte e intenso. Sugerencia de&nbsp;&#8230; [Leer m\u00e1s]<\/p>\n","protected":false},"featured_media":2658,"template":"","meta":{"sfsi_plus_gutenberg_text_before_share":"","sfsi_plus_gutenberg_show_text_before_share":"","sfsi_plus_gutenberg_icon_type":"","sfsi_plus_gutenberg_icon_alignemt":"","sfsi_plus_gutenburg_max_per_row":""},"product_brand":[],"product_cat":[48,20],"product_tag":[1351,1350],"class_list":{"0":"post-2657","1":"product","2":"type-product","3":"status-publish","4":"has-post-thumbnail","6":"product_cat-alimentacion","7":"product_cat-hierbas-especias-y-condimentos","8":"product_tag-kebab","9":"product_tag-shawarma","11":"first","12":"instock","13":"taxable","14":"shipping-taxable","15":"purchasable","16":"product-type-simple"},"_links":{"self":[{"href":"https:\/\/www.latienducagranel.com\/index.php\/wp-json\/wp\/v2\/product\/2657","targetHints":{"allow":["GET"]}}],"collection":[{"href":"https:\/\/www.latienducagranel.com\/index.php\/wp-json\/wp\/v2\/product"}],"about":[{"href":"https:\/\/www.latienducagranel.com\/index.php\/wp-json\/wp\/v2\/types\/product"}],"wp:featuredmedia":[{"embeddable":true,"href":"https:\/\/www.latienducagranel.com\/index.php\/wp-json\/wp\/v2\/media\/2658"}],"wp:attachment":[{"href":"https:\/\/www.latienducagranel.com\/index.php\/wp-json\/wp\/v2\/media?parent=2657"}],"wp:term":[{"taxonomy":"product_brand","embeddable":true,"href":"https:\/\/www.latienducagranel.com\/index.php\/wp-json\/wp\/v2\/product_brand?post=2657"},{"taxonomy":"product_cat","embeddable":true,"href":"https:\/\/www.latienducagranel.com\/index.php\/wp-json\/wp\/v2\/product_cat?post=2657"},{"taxonomy":"product_tag","embeddable":true,"href":"https:\/\/www.latienducagranel.com\/index.php\/wp-json\/wp\/v2\/product_tag?post=2657"}],"curies":[{"name":"wp","href":"https:\/\/api.w.org\/{rel}","templated":true}]}}