{"id":2655,"date":"2024-02-07T18:39:14","date_gmt":"2024-02-07T17:39:14","guid":{"rendered":"https:\/\/www.latienducagranel.com\/?post_type=product&#038;p=2655"},"modified":"2025-08-22T16:04:44","modified_gmt":"2025-08-22T15:04:44","slug":"leche-dorada","status":"publish","type":"product","link":"https:\/\/www.latienducagranel.com\/index.php\/producto\/leche-dorada\/","title":{"rendered":"Leche dorada"},"content":{"rendered":"<p>La leche dorada (golden milk o curcuma latte) es una mezcla originaria de la India con propiedades antiinflamatorias, antioxidantes y analg\u00e9sicas.<\/p>\n<p>Contiene una selecci\u00f3n de especias, entre las que su principal ingrediente es la c\u00farcuma. Perfecta para tomarla en invierno caliente pero tambi\u00e9n estupenda para verano con unos hielos.<\/p>\n<p>Preparaci\u00f3n: Calienta una taza de tu leche o bebida vegetal favorita, a\u00f1ade una cucharada de leche dorada y remueve bien. Si te apetece, edulcora a tu gusto (admite miel, d\u00e1til, az\u00facar, estevia&#8230;) y \u00a1a disfrutar!<\/p>\n<p>Ingredientes:\u00a0C\u00farcuma, jengibre, canela, nuez moscada, pimienta negra, clavo<\/p>\n","protected":false},"excerpt":{"rendered":"<p>La leche dorada (golden milk o curcuma latte) es una mezcla originaria de la India con propiedades antiinflamatorias, antioxidantes y analg\u00e9sicas. Contiene una selecci\u00f3n de especias, entre las que su principal ingrediente es la c\u00farcuma. Perfecta para tomarla en invierno caliente pero tambi\u00e9n estupenda para&nbsp;&#8230; [Leer m\u00e1s]<\/p>\n","protected":false},"featured_media":2656,"template":"","meta":{"sfsi_plus_gutenberg_text_before_share":"","sfsi_plus_gutenberg_show_text_before_share":"","sfsi_plus_gutenberg_icon_type":"","sfsi_plus_gutenberg_icon_alignemt":"","sfsi_plus_gutenburg_max_per_row":""},"product_brand":[],"product_cat":[48,20],"product_tag":[],"class_list":{"0":"post-2655","1":"product","2":"type-product","3":"status-publish","4":"has-post-thumbnail","6":"product_cat-alimentacion","7":"product_cat-hierbas-especias-y-condimentos","9":"first","10":"instock","11":"taxable","12":"shipping-taxable","13":"purchasable","14":"product-type-simple"},"_links":{"self":[{"href":"https:\/\/www.latienducagranel.com\/index.php\/wp-json\/wp\/v2\/product\/2655","targetHints":{"allow":["GET"]}}],"collection":[{"href":"https:\/\/www.latienducagranel.com\/index.php\/wp-json\/wp\/v2\/product"}],"about":[{"href":"https:\/\/www.latienducagranel.com\/index.php\/wp-json\/wp\/v2\/types\/product"}],"wp:featuredmedia":[{"embeddable":true,"href":"https:\/\/www.latienducagranel.com\/index.php\/wp-json\/wp\/v2\/media\/2656"}],"wp:attachment":[{"href":"https:\/\/www.latienducagranel.com\/index.php\/wp-json\/wp\/v2\/media?parent=2655"}],"wp:term":[{"taxonomy":"product_brand","embeddable":true,"href":"https:\/\/www.latienducagranel.com\/index.php\/wp-json\/wp\/v2\/product_brand?post=2655"},{"taxonomy":"product_cat","embeddable":true,"href":"https:\/\/www.latienducagranel.com\/index.php\/wp-json\/wp\/v2\/product_cat?post=2655"},{"taxonomy":"product_tag","embeddable":true,"href":"https:\/\/www.latienducagranel.com\/index.php\/wp-json\/wp\/v2\/product_tag?post=2655"}],"curies":[{"name":"wp","href":"https:\/\/api.w.org\/{rel}","templated":true}]}}