{"id":260,"date":"2020-11-19T18:44:13","date_gmt":"2020-11-19T18:44:13","guid":{"rendered":"https:\/\/www.latienducagranel.com\/?post_type=product&#038;p=260"},"modified":"2025-11-26T17:07:43","modified_gmt":"2025-11-26T16:07:43","slug":"digeste","status":"publish","type":"product","link":"https:\/\/www.latienducagranel.com\/index.php\/producto\/digeste\/","title":{"rendered":"Digest\u00e9"},"content":{"rendered":"<div id=\"short_description_content\" class=\"rte align_justify\">\n<p>Digest\u00e9 es una mezcla de hierbas propicia para favorecer las digestiones. Contiene: <span lang=\"ES-TRAD\">Poleo flor cortada (<\/span><em>Menta pulegium<\/em>\u00a0L.)<span lang=\"ES-TRAD\">, an\u00eds grano (<\/span><em>Pimpinella anisum<\/em>)<span lang=\"ES-TRAD\">, ra\u00edz triturada de Regaliz (<em>Glycyrrhiza glabra<\/em>), an\u00eds estrellado (<\/span><em>Illicium verum<\/em>)<span lang=\"ES-TRAD\">, hojas cortadas de Hierbaluisa (<\/span><em>Lippia Triphilla L)<\/em><span lang=\"ES-TRAD\">, planta cortada de Rabogato (<em>Sideritis tragoriganum L<\/em>).<\/span><\/p>\n<\/div>\n","protected":false},"excerpt":{"rendered":"<p>Digest\u00e9 es una mezcla de hierbas propicia para favorecer las digestiones. Contiene: Poleo flor cortada (Menta pulegium\u00a0L.), an\u00eds grano (Pimpinella anisum), ra\u00edz triturada de Regaliz (Glycyrrhiza glabra), an\u00eds estrellado (Illicium verum), hojas cortadas de Hierbaluisa (Lippia Triphilla L), planta cortada de Rabogato (Sideritis tragoriganum L).<\/p>\n","protected":false},"featured_media":261,"template":"","meta":{"sfsi_plus_gutenberg_text_before_share":"","sfsi_plus_gutenberg_show_text_before_share":"","sfsi_plus_gutenberg_icon_type":"","sfsi_plus_gutenberg_icon_alignemt":"","sfsi_plus_gutenburg_max_per_row":""},"product_brand":[],"product_cat":[48,28],"product_tag":[612],"class_list":{"0":"post-260","1":"product","2":"type-product","3":"status-publish","4":"has-post-thumbnail","6":"product_cat-alimentacion","7":"product_cat-tes-e-infusiones","8":"product_tag-digeste","10":"first","11":"instock","12":"taxable","13":"shipping-taxable","14":"purchasable","15":"product-type-simple"},"_links":{"self":[{"href":"https:\/\/www.latienducagranel.com\/index.php\/wp-json\/wp\/v2\/product\/260","targetHints":{"allow":["GET"]}}],"collection":[{"href":"https:\/\/www.latienducagranel.com\/index.php\/wp-json\/wp\/v2\/product"}],"about":[{"href":"https:\/\/www.latienducagranel.com\/index.php\/wp-json\/wp\/v2\/types\/product"}],"wp:featuredmedia":[{"embeddable":true,"href":"https:\/\/www.latienducagranel.com\/index.php\/wp-json\/wp\/v2\/media\/261"}],"wp:attachment":[{"href":"https:\/\/www.latienducagranel.com\/index.php\/wp-json\/wp\/v2\/media?parent=260"}],"wp:term":[{"taxonomy":"product_brand","embeddable":true,"href":"https:\/\/www.latienducagranel.com\/index.php\/wp-json\/wp\/v2\/product_brand?post=260"},{"taxonomy":"product_cat","embeddable":true,"href":"https:\/\/www.latienducagranel.com\/index.php\/wp-json\/wp\/v2\/product_cat?post=260"},{"taxonomy":"product_tag","embeddable":true,"href":"https:\/\/www.latienducagranel.com\/index.php\/wp-json\/wp\/v2\/product_tag?post=260"}],"curies":[{"name":"wp","href":"https:\/\/api.w.org\/{rel}","templated":true}]}}