{"id":2580,"date":"2023-12-12T19:21:39","date_gmt":"2023-12-12T18:21:39","guid":{"rendered":"https:\/\/www.latienducagranel.com\/?post_type=product&#038;p=2580"},"modified":"2024-07-12T11:12:33","modified_gmt":"2024-07-12T10:12:33","slug":"risotto-toscana","status":"publish","type":"product","link":"https:\/\/www.latienducagranel.com\/index.php\/producto\/risotto-toscana\/","title":{"rendered":"Risotto toscana"},"content":{"rendered":"<p>El risotto toscana combina sabores y texturas diferentes: frutos secos, verduras, especias, el aroma de la albahaca\u2026 sabores que te llevar\u00e1n a la Toscana.<\/p>\n<p>Ingredientes: arroz, avellanas, cebolla roja, tomate cherry, ajo, tomate deshidratado, albahaca, cebollino, pimienta negra\u2026 y nada m\u00e1s.<\/p>\n<p>Al\u00e9rgenos: puede contener trazas de s\u00e9samo, mostaza, apio y otros frutos de c\u00e1scara. La avellana es un producto al\u00e9rgeno.<\/p>\n<p>Instrucciones: Rehogar con un poco de aceite de oliva virgen o mantequilla y a\u00f1adir sal al gusto. Opcionalmente puedes a\u00f1adir vino blanco y cocinar hasta que se evapore. Hecho esto, a\u00f1ade caldo caliente poco a poco removiendo hasta que quede meloso y al dente. Retirar del fuego y, si quieres conseguir una textura a\u00fan m\u00e1s cremosa, a\u00f1adir queso parmesano al gusto.<\/p>\n","protected":false},"excerpt":{"rendered":"<p>El risotto toscana combina sabores y texturas diferentes: frutos secos, verduras, especias, el aroma de la albahaca\u2026 sabores que te llevar\u00e1n a la Toscana. Ingredientes: arroz, avellanas, cebolla roja, tomate cherry, ajo, tomate deshidratado, albahaca, cebollino, pimienta negra\u2026 y nada m\u00e1s. Al\u00e9rgenos: puede contener trazas&nbsp;&#8230; [Leer m\u00e1s]<\/p>\n","protected":false},"featured_media":2581,"template":"","meta":{"sfsi_plus_gutenberg_text_before_share":"","sfsi_plus_gutenberg_show_text_before_share":"","sfsi_plus_gutenberg_icon_type":"","sfsi_plus_gutenberg_icon_alignemt":"","sfsi_plus_gutenburg_max_per_row":""},"product_brand":[],"product_cat":[48,31,65],"product_tag":[92,1320],"class_list":{"0":"post-2580","1":"product","2":"type-product","3":"status-publish","4":"has-post-thumbnail","6":"product_cat-alimentacion","7":"product_cat-arroz","8":"product_cat-risottos","9":"product_tag-risotto","10":"product_tag-risotto-toscana","12":"first","13":"instock","14":"taxable","15":"shipping-taxable","16":"purchasable","17":"product-type-simple"},"_links":{"self":[{"href":"https:\/\/www.latienducagranel.com\/index.php\/wp-json\/wp\/v2\/product\/2580","targetHints":{"allow":["GET"]}}],"collection":[{"href":"https:\/\/www.latienducagranel.com\/index.php\/wp-json\/wp\/v2\/product"}],"about":[{"href":"https:\/\/www.latienducagranel.com\/index.php\/wp-json\/wp\/v2\/types\/product"}],"wp:featuredmedia":[{"embeddable":true,"href":"https:\/\/www.latienducagranel.com\/index.php\/wp-json\/wp\/v2\/media\/2581"}],"wp:attachment":[{"href":"https:\/\/www.latienducagranel.com\/index.php\/wp-json\/wp\/v2\/media?parent=2580"}],"wp:term":[{"taxonomy":"product_brand","embeddable":true,"href":"https:\/\/www.latienducagranel.com\/index.php\/wp-json\/wp\/v2\/product_brand?post=2580"},{"taxonomy":"product_cat","embeddable":true,"href":"https:\/\/www.latienducagranel.com\/index.php\/wp-json\/wp\/v2\/product_cat?post=2580"},{"taxonomy":"product_tag","embeddable":true,"href":"https:\/\/www.latienducagranel.com\/index.php\/wp-json\/wp\/v2\/product_tag?post=2580"}],"curies":[{"name":"wp","href":"https:\/\/api.w.org\/{rel}","templated":true}]}}