{"id":254,"date":"2020-11-19T18:33:37","date_gmt":"2020-11-19T18:33:37","guid":{"rendered":"https:\/\/www.latienducagranel.com\/?post_type=product&#038;p=254"},"modified":"2026-04-16T10:10:01","modified_gmt":"2026-04-16T09:10:01","slug":"te-verde-jengibre-y-limon","status":"publish","type":"product","link":"https:\/\/www.latienducagranel.com\/index.php\/producto\/te-verde-jengibre-y-limon\/","title":{"rendered":"T\u00e9 verde jengibre y lim\u00f3n"},"content":{"rendered":"<p><span class=\"TextRun SCX95404017\"><span class=\"NormalTextRun SCX95404017\">El t\u00e9 verde jengibre y lim\u00f3n es t\u00e9 verde gunpowder con jengibre y lim\u00f3n.<\/span><\/span><\/p>\n","protected":false},"excerpt":{"rendered":"<p>El t\u00e9 verde jengibre y lim\u00f3n es t\u00e9 verde gunpowder con jengibre y lim\u00f3n.<\/p>\n","protected":false},"featured_media":255,"template":"","meta":{"sfsi_plus_gutenberg_text_before_share":"","sfsi_plus_gutenberg_show_text_before_share":"","sfsi_plus_gutenberg_icon_type":"","sfsi_plus_gutenberg_icon_alignemt":"","sfsi_plus_gutenburg_max_per_row":""},"product_brand":[],"product_cat":[48,28],"product_tag":[615,616,619],"class_list":{"0":"post-254","1":"product","2":"type-product","3":"status-publish","4":"has-post-thumbnail","6":"product_cat-alimentacion","7":"product_cat-tes-e-infusiones","8":"product_tag-te","9":"product_tag-te-verde","10":"product_tag-te-verde-jengibre-y-limon","12":"first","13":"instock","14":"taxable","15":"shipping-taxable","16":"purchasable","17":"product-type-simple"},"_links":{"self":[{"href":"https:\/\/www.latienducagranel.com\/index.php\/wp-json\/wp\/v2\/product\/254","targetHints":{"allow":["GET"]}}],"collection":[{"href":"https:\/\/www.latienducagranel.com\/index.php\/wp-json\/wp\/v2\/product"}],"about":[{"href":"https:\/\/www.latienducagranel.com\/index.php\/wp-json\/wp\/v2\/types\/product"}],"wp:featuredmedia":[{"embeddable":true,"href":"https:\/\/www.latienducagranel.com\/index.php\/wp-json\/wp\/v2\/media\/255"}],"wp:attachment":[{"href":"https:\/\/www.latienducagranel.com\/index.php\/wp-json\/wp\/v2\/media?parent=254"}],"wp:term":[{"taxonomy":"product_brand","embeddable":true,"href":"https:\/\/www.latienducagranel.com\/index.php\/wp-json\/wp\/v2\/product_brand?post=254"},{"taxonomy":"product_cat","embeddable":true,"href":"https:\/\/www.latienducagranel.com\/index.php\/wp-json\/wp\/v2\/product_cat?post=254"},{"taxonomy":"product_tag","embeddable":true,"href":"https:\/\/www.latienducagranel.com\/index.php\/wp-json\/wp\/v2\/product_tag?post=254"}],"curies":[{"name":"wp","href":"https:\/\/api.w.org\/{rel}","templated":true}]}}