{"id":2477,"date":"2023-09-29T18:07:46","date_gmt":"2023-09-29T18:07:46","guid":{"rendered":"https:\/\/www.latienducagranel.com\/?post_type=product&#038;p=2477"},"modified":"2026-03-12T12:37:10","modified_gmt":"2026-03-12T11:37:10","slug":"apio-en-polvo","status":"publish","type":"product","link":"https:\/\/www.latienducagranel.com\/index.php\/producto\/apio-en-polvo\/","title":{"rendered":"Apio en polvo"},"content":{"rendered":"<p>El apio en polvo es\u00a0una mezcla uniforme de semillas de apio molidas.<\/p>\n<p>El apio es una planta muy nutritiva y con propiedades diur\u00e9ticas, carminativas y depuradoras de la sangre. Es fant\u00e1stico para aromatizar caldos de verduras o para espolvorear en crudo en tus ensaladas.<\/p>\n<p>El apio en polvo es un gran depurativo, facilita la digesti\u00f3n, ayuda a perder peso ya que tiene propiedades saciantes, ayuda a eliminar c\u00e1lculos renales y biliares y es relajante, adem\u00e1s de reducir la tensi\u00f3n arterial.<\/p>\n","protected":false},"excerpt":{"rendered":"<p>El apio en polvo es\u00a0una mezcla uniforme de semillas de apio molidas. El apio es una planta muy nutritiva y con propiedades diur\u00e9ticas, carminativas y depuradoras de la sangre. Es fant\u00e1stico para aromatizar caldos de verduras o para espolvorear en crudo en tus ensaladas. El&nbsp;&#8230; [Leer m\u00e1s]<\/p>\n","protected":false},"featured_media":2478,"template":"","meta":{"sfsi_plus_gutenberg_text_before_share":"","sfsi_plus_gutenberg_show_text_before_share":"","sfsi_plus_gutenberg_icon_type":"","sfsi_plus_gutenberg_icon_alignemt":"","sfsi_plus_gutenburg_max_per_row":""},"product_brand":[],"product_cat":[48,20],"product_tag":[],"class_list":{"0":"post-2477","1":"product","2":"type-product","3":"status-publish","4":"has-post-thumbnail","6":"product_cat-alimentacion","7":"product_cat-hierbas-especias-y-condimentos","9":"first","10":"instock","11":"taxable","12":"shipping-taxable","13":"purchasable","14":"product-type-simple"},"_links":{"self":[{"href":"https:\/\/www.latienducagranel.com\/index.php\/wp-json\/wp\/v2\/product\/2477","targetHints":{"allow":["GET"]}}],"collection":[{"href":"https:\/\/www.latienducagranel.com\/index.php\/wp-json\/wp\/v2\/product"}],"about":[{"href":"https:\/\/www.latienducagranel.com\/index.php\/wp-json\/wp\/v2\/types\/product"}],"wp:featuredmedia":[{"embeddable":true,"href":"https:\/\/www.latienducagranel.com\/index.php\/wp-json\/wp\/v2\/media\/2478"}],"wp:attachment":[{"href":"https:\/\/www.latienducagranel.com\/index.php\/wp-json\/wp\/v2\/media?parent=2477"}],"wp:term":[{"taxonomy":"product_brand","embeddable":true,"href":"https:\/\/www.latienducagranel.com\/index.php\/wp-json\/wp\/v2\/product_brand?post=2477"},{"taxonomy":"product_cat","embeddable":true,"href":"https:\/\/www.latienducagranel.com\/index.php\/wp-json\/wp\/v2\/product_cat?post=2477"},{"taxonomy":"product_tag","embeddable":true,"href":"https:\/\/www.latienducagranel.com\/index.php\/wp-json\/wp\/v2\/product_tag?post=2477"}],"curies":[{"name":"wp","href":"https:\/\/api.w.org\/{rel}","templated":true}]}}