{"id":245,"date":"2020-11-19T18:25:53","date_gmt":"2020-11-19T18:25:53","guid":{"rendered":"https:\/\/www.latienducagranel.com\/?post_type=product&#038;p=245"},"modified":"2022-04-07T08:31:03","modified_gmt":"2022-04-07T08:31:03","slug":"te-negro","status":"publish","type":"product","link":"https:\/\/www.latienducagranel.com\/index.php\/producto\/te-negro\/","title":{"rendered":"T\u00e9 negro"},"content":{"rendered":"<div id=\"short_description_content\" class=\"rte align_justify\">\n<p>Nuestro t\u00e9 negro hebra larga son hojas secas del \u00e1rbol del t\u00e9 (<em>Camelia sinensis<\/em>).<\/p>\n<p>El\u00a0t\u00e9 negro\u00a0es un\u00a0t\u00e9\u00a0que se encuentra\u00a0oxidado\u00a0en mayor grado que las variedades de\u00a0t\u00e9 verde,\u00a0t\u00e9 oolong\u00a0y\u00a0t\u00e9 blanco.<\/p>\n<p>Generalmente, posee un aroma m\u00e1s fuerte y contiene m\u00e1s\u00a0cafe\u00edna\u00a0que otros t\u00e9s con menores niveles de\u00a0oxidaci\u00f3n.<\/p>\n<\/div>\n","protected":false},"excerpt":{"rendered":"<p>Nuestro t\u00e9 negro hebra larga son hojas secas del \u00e1rbol del t\u00e9 (Camelia sinensis). El\u00a0t\u00e9 negro\u00a0es un\u00a0t\u00e9\u00a0que se encuentra\u00a0oxidado\u00a0en mayor grado que las variedades de\u00a0t\u00e9 verde,\u00a0t\u00e9 oolong\u00a0y\u00a0t\u00e9 blanco. Generalmente, posee un aroma m\u00e1s fuerte y contiene m\u00e1s\u00a0cafe\u00edna\u00a0que otros t\u00e9s con menores niveles de\u00a0oxidaci\u00f3n.<\/p>\n","protected":false},"featured_media":247,"template":"","meta":{"sfsi_plus_gutenberg_text_before_share":"","sfsi_plus_gutenberg_show_text_before_share":"","sfsi_plus_gutenberg_icon_type":"","sfsi_plus_gutenberg_icon_alignemt":"","sfsi_plus_gutenburg_max_per_row":""},"product_brand":[],"product_cat":[48,28],"product_tag":[615,624,626],"class_list":{"0":"post-245","1":"product","2":"type-product","3":"status-publish","4":"has-post-thumbnail","6":"product_cat-alimentacion","7":"product_cat-tes-e-infusiones","8":"product_tag-te","9":"product_tag-te-negro","10":"product_tag-te-negro-hebra-larga","12":"first","13":"instock","14":"taxable","15":"shipping-taxable","16":"purchasable","17":"product-type-simple"},"_links":{"self":[{"href":"https:\/\/www.latienducagranel.com\/index.php\/wp-json\/wp\/v2\/product\/245","targetHints":{"allow":["GET"]}}],"collection":[{"href":"https:\/\/www.latienducagranel.com\/index.php\/wp-json\/wp\/v2\/product"}],"about":[{"href":"https:\/\/www.latienducagranel.com\/index.php\/wp-json\/wp\/v2\/types\/product"}],"wp:featuredmedia":[{"embeddable":true,"href":"https:\/\/www.latienducagranel.com\/index.php\/wp-json\/wp\/v2\/media\/247"}],"wp:attachment":[{"href":"https:\/\/www.latienducagranel.com\/index.php\/wp-json\/wp\/v2\/media?parent=245"}],"wp:term":[{"taxonomy":"product_brand","embeddable":true,"href":"https:\/\/www.latienducagranel.com\/index.php\/wp-json\/wp\/v2\/product_brand?post=245"},{"taxonomy":"product_cat","embeddable":true,"href":"https:\/\/www.latienducagranel.com\/index.php\/wp-json\/wp\/v2\/product_cat?post=245"},{"taxonomy":"product_tag","embeddable":true,"href":"https:\/\/www.latienducagranel.com\/index.php\/wp-json\/wp\/v2\/product_tag?post=245"}],"curies":[{"name":"wp","href":"https:\/\/api.w.org\/{rel}","templated":true}]}}