{"id":2433,"date":"2023-06-13T10:57:58","date_gmt":"2023-06-13T09:57:58","guid":{"rendered":"https:\/\/www.latienducagranel.com\/?post_type=product&#038;p=2433"},"modified":"2024-08-21T16:35:39","modified_gmt":"2024-08-21T15:35:39","slug":"miel-de-bosque-apicola-ayun","status":"publish","type":"product","link":"https:\/\/www.latienducagranel.com\/index.php\/producto\/miel-de-bosque-apicola-ayun\/","title":{"rendered":"Miel de bosque Ap\u00edcola Ay\u00fcn"},"content":{"rendered":"<p>Miel de bosque Ap\u00edcola Ay\u00fcn 100% cruda y pura. Mezcla de romero, cantueso, roble y brezo.<\/p>\n","protected":false},"excerpt":{"rendered":"<p>Miel de bosque Ap\u00edcola Ay\u00fcn 100% cruda y pura. Mezcla de romero, cantueso, roble y brezo.<\/p>\n","protected":false},"featured_media":2435,"template":"","meta":{"sfsi_plus_gutenberg_text_before_share":"","sfsi_plus_gutenberg_show_text_before_share":"","sfsi_plus_gutenberg_icon_type":"","sfsi_plus_gutenberg_icon_alignemt":"","sfsi_plus_gutenburg_max_per_row":""},"product_brand":[],"product_cat":[48,46],"product_tag":[1241,1238,1237,1240,1239],"class_list":{"0":"post-2433","1":"product","2":"type-product","3":"status-publish","4":"has-post-thumbnail","6":"product_cat-alimentacion","7":"product_cat-miel","8":"product_tag-apicola-ayun","9":"product_tag-miel-cruda","10":"product_tag-miel-de-bosque","11":"product_tag-miel-de-bosque-apicola-ayun","12":"product_tag-miel-pura","14":"first","15":"instock","16":"taxable","17":"shipping-taxable","18":"purchasable","19":"product-type-simple"},"_links":{"self":[{"href":"https:\/\/www.latienducagranel.com\/index.php\/wp-json\/wp\/v2\/product\/2433","targetHints":{"allow":["GET"]}}],"collection":[{"href":"https:\/\/www.latienducagranel.com\/index.php\/wp-json\/wp\/v2\/product"}],"about":[{"href":"https:\/\/www.latienducagranel.com\/index.php\/wp-json\/wp\/v2\/types\/product"}],"wp:featuredmedia":[{"embeddable":true,"href":"https:\/\/www.latienducagranel.com\/index.php\/wp-json\/wp\/v2\/media\/2435"}],"wp:attachment":[{"href":"https:\/\/www.latienducagranel.com\/index.php\/wp-json\/wp\/v2\/media?parent=2433"}],"wp:term":[{"taxonomy":"product_brand","embeddable":true,"href":"https:\/\/www.latienducagranel.com\/index.php\/wp-json\/wp\/v2\/product_brand?post=2433"},{"taxonomy":"product_cat","embeddable":true,"href":"https:\/\/www.latienducagranel.com\/index.php\/wp-json\/wp\/v2\/product_cat?post=2433"},{"taxonomy":"product_tag","embeddable":true,"href":"https:\/\/www.latienducagranel.com\/index.php\/wp-json\/wp\/v2\/product_tag?post=2433"}],"curies":[{"name":"wp","href":"https:\/\/api.w.org\/{rel}","templated":true}]}}