{"id":2421,"date":"2023-04-29T10:34:32","date_gmt":"2023-04-29T10:34:32","guid":{"rendered":"https:\/\/www.latienducagranel.com\/?post_type=product&#038;p=2421"},"modified":"2025-05-09T12:03:25","modified_gmt":"2025-05-09T11:03:25","slug":"leche-de-coco-en-polvo-eco","status":"publish","type":"product","link":"https:\/\/www.latienducagranel.com\/index.php\/producto\/leche-de-coco-en-polvo-eco\/","title":{"rendered":"Leche de coco en polvo ECO"},"content":{"rendered":"<p>La leche de coco en polvo ECO es una excelente fuente de energ\u00eda y vitalidad. Se trata de una bebida de origen vegetal (producto vegano) libre de lactosa y gluten que te aportar\u00e1 multitud de nutrientes y \u00e1cidos grasos de calidad.<\/p>\n<p>Modo de empleo: disolver 1 \u00f3 2 cucharadas de leche de coco en povlo eco en 250 ml de agua o bebida vegetal.<\/p>\n<p>Se puede utilizar en gran variedad de recetas tanto dulces como saladas.<\/p>\n","protected":false},"excerpt":{"rendered":"<p>La leche de coco en polvo ECO es una excelente fuente de energ\u00eda y vitalidad. Se trata de una bebida de origen vegetal (producto vegano) libre de lactosa y gluten que te aportar\u00e1 multitud de nutrientes y \u00e1cidos grasos de calidad. Modo de empleo: disolver&nbsp;&#8230; [Leer m\u00e1s]<\/p>\n","protected":false},"featured_media":2422,"template":"","meta":{"sfsi_plus_gutenberg_text_before_share":"","sfsi_plus_gutenberg_show_text_before_share":"","sfsi_plus_gutenberg_icon_type":"","sfsi_plus_gutenberg_icon_alignemt":"","sfsi_plus_gutenburg_max_per_row":""},"product_brand":[],"product_cat":[48,61],"product_tag":[395,1233,1235,1234,1236],"class_list":{"0":"post-2421","1":"product","2":"type-product","3":"status-publish","4":"has-post-thumbnail","6":"product_cat-alimentacion","7":"product_cat-leche","8":"product_tag-leche","9":"product_tag-leche-de-coco","10":"product_tag-leche-de-coco-eco","11":"product_tag-leche-de-coco-en-polvo","12":"product_tag-leche-de-coco-en-polvo-eco","14":"first","15":"instock","16":"taxable","17":"shipping-taxable","18":"purchasable","19":"product-type-simple"},"_links":{"self":[{"href":"https:\/\/www.latienducagranel.com\/index.php\/wp-json\/wp\/v2\/product\/2421","targetHints":{"allow":["GET"]}}],"collection":[{"href":"https:\/\/www.latienducagranel.com\/index.php\/wp-json\/wp\/v2\/product"}],"about":[{"href":"https:\/\/www.latienducagranel.com\/index.php\/wp-json\/wp\/v2\/types\/product"}],"wp:featuredmedia":[{"embeddable":true,"href":"https:\/\/www.latienducagranel.com\/index.php\/wp-json\/wp\/v2\/media\/2422"}],"wp:attachment":[{"href":"https:\/\/www.latienducagranel.com\/index.php\/wp-json\/wp\/v2\/media?parent=2421"}],"wp:term":[{"taxonomy":"product_brand","embeddable":true,"href":"https:\/\/www.latienducagranel.com\/index.php\/wp-json\/wp\/v2\/product_brand?post=2421"},{"taxonomy":"product_cat","embeddable":true,"href":"https:\/\/www.latienducagranel.com\/index.php\/wp-json\/wp\/v2\/product_cat?post=2421"},{"taxonomy":"product_tag","embeddable":true,"href":"https:\/\/www.latienducagranel.com\/index.php\/wp-json\/wp\/v2\/product_tag?post=2421"}],"curies":[{"name":"wp","href":"https:\/\/api.w.org\/{rel}","templated":true}]}}