{"id":2415,"date":"2023-04-27T10:08:40","date_gmt":"2023-04-27T10:08:40","guid":{"rendered":"https:\/\/www.latienducagranel.com\/?post_type=product&#038;p=2415"},"modified":"2024-04-05T17:54:47","modified_gmt":"2024-04-05T16:54:47","slug":"te-azul-oolong","status":"publish","type":"product","link":"https:\/\/www.latienducagranel.com\/index.php\/producto\/te-azul-oolong\/","title":{"rendered":"T\u00e9 azul Oolong"},"content":{"rendered":"<p>El t\u00e9 azul Oolong es una variedad de t\u00e9 chino que se encuentra a medio camino entre el t\u00e9 verde y el t\u00e9 negro.<\/p>\n<p>Para la obtenci\u00f3n de este tipo de t\u00e9 se realiza un proceso de semifermentaci\u00f3n. Aunque en Espa\u00f1a lo conocemos como t\u00e9 azul, esto no tiene relaci\u00f3n con el color de la infusi\u00f3n, sino con la tonalidad de las hojas cuando termina el proceso de oxidaci\u00f3n<\/p>\n<p>CONSERVAR EN LUGAR FRESCO Y SECO Y PROTEGER DE LA LUZ<\/p>\n","protected":false},"excerpt":{"rendered":"<p>El t\u00e9 azul Oolong es una variedad de t\u00e9 chino que se encuentra a medio camino entre el t\u00e9 verde y el t\u00e9 negro. Para la obtenci\u00f3n de este tipo de t\u00e9 se realiza un proceso de semifermentaci\u00f3n. Aunque en Espa\u00f1a lo conocemos como t\u00e9&nbsp;&#8230; [Leer m\u00e1s]<\/p>\n","protected":false},"featured_media":2416,"template":"","meta":{"sfsi_plus_gutenberg_text_before_share":"","sfsi_plus_gutenberg_show_text_before_share":"","sfsi_plus_gutenberg_icon_type":"","sfsi_plus_gutenberg_icon_alignemt":"","sfsi_plus_gutenburg_max_per_row":""},"product_brand":[],"product_cat":[48,28],"product_tag":[615,1226,1227,1228],"class_list":{"0":"post-2415","1":"product","2":"type-product","3":"status-publish","4":"has-post-thumbnail","6":"product_cat-alimentacion","7":"product_cat-tes-e-infusiones","8":"product_tag-te","9":"product_tag-te-azul","10":"product_tag-te-azul-oolong","11":"product_tag-te-olong","13":"first","14":"instock","15":"taxable","16":"shipping-taxable","17":"purchasable","18":"product-type-simple"},"_links":{"self":[{"href":"https:\/\/www.latienducagranel.com\/index.php\/wp-json\/wp\/v2\/product\/2415","targetHints":{"allow":["GET"]}}],"collection":[{"href":"https:\/\/www.latienducagranel.com\/index.php\/wp-json\/wp\/v2\/product"}],"about":[{"href":"https:\/\/www.latienducagranel.com\/index.php\/wp-json\/wp\/v2\/types\/product"}],"wp:featuredmedia":[{"embeddable":true,"href":"https:\/\/www.latienducagranel.com\/index.php\/wp-json\/wp\/v2\/media\/2416"}],"wp:attachment":[{"href":"https:\/\/www.latienducagranel.com\/index.php\/wp-json\/wp\/v2\/media?parent=2415"}],"wp:term":[{"taxonomy":"product_brand","embeddable":true,"href":"https:\/\/www.latienducagranel.com\/index.php\/wp-json\/wp\/v2\/product_brand?post=2415"},{"taxonomy":"product_cat","embeddable":true,"href":"https:\/\/www.latienducagranel.com\/index.php\/wp-json\/wp\/v2\/product_cat?post=2415"},{"taxonomy":"product_tag","embeddable":true,"href":"https:\/\/www.latienducagranel.com\/index.php\/wp-json\/wp\/v2\/product_tag?post=2415"}],"curies":[{"name":"wp","href":"https:\/\/api.w.org\/{rel}","templated":true}]}}