{"id":2413,"date":"2023-04-27T09:20:25","date_gmt":"2023-04-27T09:20:25","guid":{"rendered":"https:\/\/www.latienducagranel.com\/?post_type=product&#038;p=2413"},"modified":"2024-02-22T13:54:30","modified_gmt":"2024-02-22T12:54:30","slug":"te-blanco-champagne-y-cassis","status":"publish","type":"product","link":"https:\/\/www.latienducagranel.com\/index.php\/producto\/te-blanco-champagne-y-cassis\/","title":{"rendered":"T\u00e9 blanco champagne y cassis"},"content":{"rendered":"<p>El t\u00e9 blanco champagne y cassis es un t\u00e9 blanco aromatizado.<\/p>\n<p>Ingredientes: T\u00e9 blanco Pai mu tan, pasas negras y rojas, melisa, lemon grass, p\u00e9talos y aroma natural<\/p>\n<p>CONSERVAR EN LUGAR FRESCO Y SECO Y PROTEGER DE LA LUZ NATURAL<\/p>\n","protected":false},"excerpt":{"rendered":"<p>El t\u00e9 blanco champagne y cassis es un t\u00e9 blanco aromatizado. Ingredientes: T\u00e9 blanco Pai mu tan, pasas negras y rojas, melisa, lemon grass, p\u00e9talos y aroma natural CONSERVAR EN LUGAR FRESCO Y SECO Y PROTEGER DE LA LUZ NATURAL<\/p>\n","protected":false},"featured_media":2414,"template":"","meta":{"sfsi_plus_gutenberg_text_before_share":"","sfsi_plus_gutenberg_show_text_before_share":"","sfsi_plus_gutenberg_icon_type":"","sfsi_plus_gutenberg_icon_alignemt":"","sfsi_plus_gutenburg_max_per_row":""},"product_brand":[],"product_cat":[48,28],"product_tag":[],"class_list":{"0":"post-2413","1":"product","2":"type-product","3":"status-publish","4":"has-post-thumbnail","6":"product_cat-alimentacion","7":"product_cat-tes-e-infusiones","9":"first","10":"instock","11":"taxable","12":"shipping-taxable","13":"purchasable","14":"product-type-simple"},"_links":{"self":[{"href":"https:\/\/www.latienducagranel.com\/index.php\/wp-json\/wp\/v2\/product\/2413","targetHints":{"allow":["GET"]}}],"collection":[{"href":"https:\/\/www.latienducagranel.com\/index.php\/wp-json\/wp\/v2\/product"}],"about":[{"href":"https:\/\/www.latienducagranel.com\/index.php\/wp-json\/wp\/v2\/types\/product"}],"wp:featuredmedia":[{"embeddable":true,"href":"https:\/\/www.latienducagranel.com\/index.php\/wp-json\/wp\/v2\/media\/2414"}],"wp:attachment":[{"href":"https:\/\/www.latienducagranel.com\/index.php\/wp-json\/wp\/v2\/media?parent=2413"}],"wp:term":[{"taxonomy":"product_brand","embeddable":true,"href":"https:\/\/www.latienducagranel.com\/index.php\/wp-json\/wp\/v2\/product_brand?post=2413"},{"taxonomy":"product_cat","embeddable":true,"href":"https:\/\/www.latienducagranel.com\/index.php\/wp-json\/wp\/v2\/product_cat?post=2413"},{"taxonomy":"product_tag","embeddable":true,"href":"https:\/\/www.latienducagranel.com\/index.php\/wp-json\/wp\/v2\/product_tag?post=2413"}],"curies":[{"name":"wp","href":"https:\/\/api.w.org\/{rel}","templated":true}]}}