{"id":241,"date":"2020-11-19T17:55:49","date_gmt":"2020-11-19T17:55:49","guid":{"rendered":"https:\/\/www.latienducagranel.com\/?post_type=product&#038;p=241"},"modified":"2025-12-09T18:40:06","modified_gmt":"2025-12-09T17:40:06","slug":"te-frutas-del-bosque","status":"publish","type":"product","link":"https:\/\/www.latienducagranel.com\/index.php\/producto\/te-frutas-del-bosque\/","title":{"rendered":"T\u00e9 frutas del bosque"},"content":{"rendered":"<div id=\"short_description_content\" class=\"rte align_justify\">\n<div data-canvas-width=\"305.7665101038271\">El t\u00e9 frutas del bosque es t\u00e9 negro de hebra corta (<em>Camelia sienensis<\/em>), fresa deshidratada, hojuelas de fresa, aroma de frutas del bosque, ar\u00e1ndanos deshidratados y aciano rojo.<\/div>\n<div data-canvas-width=\"305.7665101038271\"><\/div>\n<div data-canvas-width=\"305.7665101038271\">Se puede tomar tanto fr\u00edo como caliente.<\/div>\n<div data-canvas-width=\"305.7665101038271\"><\/div>\n<div data-canvas-width=\"305.7665101038271\">Destaca por su sabor, aroma y frescura.<\/div>\n<\/div>\n","protected":false},"excerpt":{"rendered":"<p>El t\u00e9 frutas del bosque es t\u00e9 negro de hebra corta (Camelia sienensis), fresa deshidratada, hojuelas de fresa, aroma de frutas del bosque, ar\u00e1ndanos deshidratados y aciano rojo. Se puede tomar tanto fr\u00edo como caliente. Destaca por su sabor, aroma y frescura.<\/p>\n","protected":false},"featured_media":242,"template":"","meta":{"sfsi_plus_gutenberg_text_before_share":"","sfsi_plus_gutenberg_show_text_before_share":"","sfsi_plus_gutenberg_icon_type":"","sfsi_plus_gutenberg_icon_alignemt":"","sfsi_plus_gutenburg_max_per_row":""},"product_brand":[],"product_cat":[48,28],"product_tag":[615,628,624],"class_list":{"0":"post-241","1":"product","2":"type-product","3":"status-publish","4":"has-post-thumbnail","6":"product_cat-alimentacion","7":"product_cat-tes-e-infusiones","8":"product_tag-te","9":"product_tag-te-frutas-del-bosque","10":"product_tag-te-negro","12":"first","13":"instock","14":"taxable","15":"shipping-taxable","16":"purchasable","17":"product-type-simple"},"_links":{"self":[{"href":"https:\/\/www.latienducagranel.com\/index.php\/wp-json\/wp\/v2\/product\/241","targetHints":{"allow":["GET"]}}],"collection":[{"href":"https:\/\/www.latienducagranel.com\/index.php\/wp-json\/wp\/v2\/product"}],"about":[{"href":"https:\/\/www.latienducagranel.com\/index.php\/wp-json\/wp\/v2\/types\/product"}],"wp:featuredmedia":[{"embeddable":true,"href":"https:\/\/www.latienducagranel.com\/index.php\/wp-json\/wp\/v2\/media\/242"}],"wp:attachment":[{"href":"https:\/\/www.latienducagranel.com\/index.php\/wp-json\/wp\/v2\/media?parent=241"}],"wp:term":[{"taxonomy":"product_brand","embeddable":true,"href":"https:\/\/www.latienducagranel.com\/index.php\/wp-json\/wp\/v2\/product_brand?post=241"},{"taxonomy":"product_cat","embeddable":true,"href":"https:\/\/www.latienducagranel.com\/index.php\/wp-json\/wp\/v2\/product_cat?post=241"},{"taxonomy":"product_tag","embeddable":true,"href":"https:\/\/www.latienducagranel.com\/index.php\/wp-json\/wp\/v2\/product_tag?post=241"}],"curies":[{"name":"wp","href":"https:\/\/api.w.org\/{rel}","templated":true}]}}