{"id":237,"date":"2020-11-19T17:52:05","date_gmt":"2020-11-19T17:52:05","guid":{"rendered":"https:\/\/www.latienducagranel.com\/?post_type=product&#038;p=237"},"modified":"2025-07-22T12:44:34","modified_gmt":"2025-07-22T11:44:34","slug":"te-chai","status":"publish","type":"product","link":"https:\/\/www.latienducagranel.com\/index.php\/producto\/te-chai\/","title":{"rendered":"T\u00e9 chai"},"content":{"rendered":"<p>El t\u00e9 chai es un t\u00e9 aromatizado con especias. Se puede tomar con agua o con leche.<\/p>\n<p>Cuando saborees un t\u00e9 chai, da el primer sorbo lentamente y deja el trago reposar unos instantes en tu boca, traga y respira cerrando los ojos. Deja que\u00a0los matices especiados del t\u00e9 chai inunden tus sentidos\u00a0de sensaciones. Viaja.<\/p>\n","protected":false},"excerpt":{"rendered":"<p>El t\u00e9 chai es un t\u00e9 aromatizado con especias. Se puede tomar con agua o con leche. Cuando saborees un t\u00e9 chai, da el primer sorbo lentamente y deja el trago reposar unos instantes en tu boca, traga y respira cerrando los ojos. Deja que\u00a0los&nbsp;&#8230; [Leer m\u00e1s]<\/p>\n","protected":false},"featured_media":238,"template":"","meta":{"sfsi_plus_gutenberg_text_before_share":"","sfsi_plus_gutenberg_show_text_before_share":"","sfsi_plus_gutenberg_icon_type":"","sfsi_plus_gutenberg_icon_alignemt":"","sfsi_plus_gutenburg_max_per_row":""},"product_brand":[],"product_cat":[48,28],"product_tag":[615,630,624],"class_list":{"0":"post-237","1":"product","2":"type-product","3":"status-publish","4":"has-post-thumbnail","6":"product_cat-alimentacion","7":"product_cat-tes-e-infusiones","8":"product_tag-te","9":"product_tag-te-chai","10":"product_tag-te-negro","12":"first","13":"instock","14":"taxable","15":"shipping-taxable","16":"purchasable","17":"product-type-simple"},"_links":{"self":[{"href":"https:\/\/www.latienducagranel.com\/index.php\/wp-json\/wp\/v2\/product\/237","targetHints":{"allow":["GET"]}}],"collection":[{"href":"https:\/\/www.latienducagranel.com\/index.php\/wp-json\/wp\/v2\/product"}],"about":[{"href":"https:\/\/www.latienducagranel.com\/index.php\/wp-json\/wp\/v2\/types\/product"}],"wp:featuredmedia":[{"embeddable":true,"href":"https:\/\/www.latienducagranel.com\/index.php\/wp-json\/wp\/v2\/media\/238"}],"wp:attachment":[{"href":"https:\/\/www.latienducagranel.com\/index.php\/wp-json\/wp\/v2\/media?parent=237"}],"wp:term":[{"taxonomy":"product_brand","embeddable":true,"href":"https:\/\/www.latienducagranel.com\/index.php\/wp-json\/wp\/v2\/product_brand?post=237"},{"taxonomy":"product_cat","embeddable":true,"href":"https:\/\/www.latienducagranel.com\/index.php\/wp-json\/wp\/v2\/product_cat?post=237"},{"taxonomy":"product_tag","embeddable":true,"href":"https:\/\/www.latienducagranel.com\/index.php\/wp-json\/wp\/v2\/product_tag?post=237"}],"curies":[{"name":"wp","href":"https:\/\/api.w.org\/{rel}","templated":true}]}}