{"id":2336,"date":"2023-01-21T10:20:58","date_gmt":"2023-01-21T10:20:58","guid":{"rendered":"https:\/\/www.latienducagranel.com\/?post_type=product&#038;p=2336"},"modified":"2026-04-16T10:11:22","modified_gmt":"2026-04-16T09:11:22","slug":"fideua-de-setas-y-gambas","status":"publish","type":"product","link":"https:\/\/www.latienducagranel.com\/index.php\/producto\/fideua-de-setas-y-gambas\/","title":{"rendered":"Fideu\u00e1 de setas y gambas"},"content":{"rendered":"<p>La fideu\u00e1 de setas y gambas contiene fideos, mezcla de setas silvestres y de cultivo en proporci\u00f3n variable, guisantes, gambas, tomate, cebolla, pimiento verde, pimiento rojo y ajo.<\/p>\n<p>Sofre\u00edr con aceite de oliva virgen extra, a\u00f1adir caldo generosamente y cocer durante 10 minutos aproximadamente.<\/p>\n","protected":false},"excerpt":{"rendered":"<p>La fideu\u00e1 de setas y gambas contiene fideos, mezcla de setas silvestres y de cultivo en proporci\u00f3n variable, guisantes, gambas, tomate, cebolla, pimiento verde, pimiento rojo y ajo. Sofre\u00edr con aceite de oliva virgen extra, a\u00f1adir caldo generosamente y cocer durante 10 minutos aproximadamente.<\/p>\n","protected":false},"featured_media":2337,"template":"","meta":{"sfsi_plus_gutenberg_text_before_share":"","sfsi_plus_gutenberg_show_text_before_share":"","sfsi_plus_gutenberg_icon_type":"","sfsi_plus_gutenberg_icon_alignemt":"","sfsi_plus_gutenburg_max_per_row":""},"product_brand":[],"product_cat":[48,31,65],"product_tag":[78,1195,1194,1193],"class_list":{"0":"post-2336","1":"product","2":"type-product","3":"status-publish","4":"has-post-thumbnail","6":"product_cat-alimentacion","7":"product_cat-arroz","8":"product_cat-risottos","9":"product_tag-fideua","10":"product_tag-fideua-de-setas-y-gambas","11":"product_tag-fideua-gambas","12":"product_tag-fideua-setas","14":"first","15":"instock","16":"taxable","17":"shipping-taxable","18":"purchasable","19":"product-type-simple"},"_links":{"self":[{"href":"https:\/\/www.latienducagranel.com\/index.php\/wp-json\/wp\/v2\/product\/2336","targetHints":{"allow":["GET"]}}],"collection":[{"href":"https:\/\/www.latienducagranel.com\/index.php\/wp-json\/wp\/v2\/product"}],"about":[{"href":"https:\/\/www.latienducagranel.com\/index.php\/wp-json\/wp\/v2\/types\/product"}],"wp:featuredmedia":[{"embeddable":true,"href":"https:\/\/www.latienducagranel.com\/index.php\/wp-json\/wp\/v2\/media\/2337"}],"wp:attachment":[{"href":"https:\/\/www.latienducagranel.com\/index.php\/wp-json\/wp\/v2\/media?parent=2336"}],"wp:term":[{"taxonomy":"product_brand","embeddable":true,"href":"https:\/\/www.latienducagranel.com\/index.php\/wp-json\/wp\/v2\/product_brand?post=2336"},{"taxonomy":"product_cat","embeddable":true,"href":"https:\/\/www.latienducagranel.com\/index.php\/wp-json\/wp\/v2\/product_cat?post=2336"},{"taxonomy":"product_tag","embeddable":true,"href":"https:\/\/www.latienducagranel.com\/index.php\/wp-json\/wp\/v2\/product_tag?post=2336"}],"curies":[{"name":"wp","href":"https:\/\/api.w.org\/{rel}","templated":true}]}}