{"id":2331,"date":"2023-01-19T17:35:53","date_gmt":"2023-01-19T17:35:53","guid":{"rendered":"https:\/\/www.latienducagranel.com\/?post_type=product&#038;p=2331"},"modified":"2024-12-11T17:26:48","modified_gmt":"2024-12-11T16:26:48","slug":"cacao-criollo-en-grano-eco","status":"publish","type":"product","link":"https:\/\/www.latienducagranel.com\/index.php\/producto\/cacao-criollo-en-grano-eco\/","title":{"rendered":"Cacao criollo en grano eco"},"content":{"rendered":"<p>Cacao criollo en grano eco, tostado, sin gluten, sin az\u00facar a\u00f1adido y vegano.<\/p>\n<p>El cacao puro:<\/p>\n<ul>\n<li>Es rico en fibra, vitaminas y minerales como el magnesio y el cobre.<\/li>\n<li>Tiene un alto contenido en flavonoides, lo que ayuda a retrasar el envejecimiento y es muy favorable para el rendimiento cognitivo y de la memoria.<\/li>\n<li>Es un potente antioxidante.<\/li>\n<li>Ayuda a prevenir enfermedades, metab\u00f3licas, cardiovasculares o neurol\u00f3gicas.<\/li>\n<li>Mejora la textura de la piel, combate la celulitis, las manchas y ayuda a evitar las arrugas.<\/li>\n<li>Reduce la sensibilidad de la piel a la radiaci\u00f3n ultravioleta del sol, gracias a la acci\u00f3n antioxidante y antiinflamatoria de los flavonoides.<\/li>\n<li>Es un excelente complemento en las dietas de adelgazamiento, ya que favorece la saciedad y activa el metabolismo.<\/li>\n<\/ul>\n<p>El cacao criollo es la variedad de cacao de mayor calidad. Su grano tiene aromas afrutados con notas de frutos secos y es amargo, pero refinado.<br \/>\nNuestro cacao criollo es un cultivo arom\u00e1tico con origen en Per\u00fa que se caracteriza (y se diferencia del resto cacaos) por sus almendras blancas y su agradable aroma.<\/p>\n<p>Cons\u00famelo como snack o extrae la cascarilla (que podr\u00e1s tomar en infusi\u00f3n) y muele el resto para su uso en reposter\u00eda, batidos, etc.<\/p>\n","protected":false},"excerpt":{"rendered":"<p>Cacao criollo en grano eco, tostado, sin gluten, sin az\u00facar a\u00f1adido y vegano. El cacao puro: Es rico en fibra, vitaminas y minerales como el magnesio y el cobre. Tiene un alto contenido en flavonoides, lo que ayuda a retrasar el envejecimiento y es muy&nbsp;&#8230; [Leer m\u00e1s]<\/p>\n","protected":false},"featured_media":2332,"template":"","meta":{"sfsi_plus_gutenberg_text_before_share":"","sfsi_plus_gutenberg_show_text_before_share":"","sfsi_plus_gutenberg_icon_type":"","sfsi_plus_gutenberg_icon_alignemt":"","sfsi_plus_gutenburg_max_per_row":""},"product_brand":[],"product_cat":[48,55,37,50],"product_tag":[],"class_list":{"0":"post-2331","1":"product","2":"type-product","3":"status-publish","4":"has-post-thumbnail","6":"product_cat-alimentacion","7":"product_cat-alimentacion-ecolgica","8":"product_cat-desayunos-y-cereales","9":"product_cat-productos-ecologicos","11":"first","12":"instock","13":"taxable","14":"shipping-taxable","15":"purchasable","16":"product-type-simple"},"_links":{"self":[{"href":"https:\/\/www.latienducagranel.com\/index.php\/wp-json\/wp\/v2\/product\/2331","targetHints":{"allow":["GET"]}}],"collection":[{"href":"https:\/\/www.latienducagranel.com\/index.php\/wp-json\/wp\/v2\/product"}],"about":[{"href":"https:\/\/www.latienducagranel.com\/index.php\/wp-json\/wp\/v2\/types\/product"}],"wp:featuredmedia":[{"embeddable":true,"href":"https:\/\/www.latienducagranel.com\/index.php\/wp-json\/wp\/v2\/media\/2332"}],"wp:attachment":[{"href":"https:\/\/www.latienducagranel.com\/index.php\/wp-json\/wp\/v2\/media?parent=2331"}],"wp:term":[{"taxonomy":"product_brand","embeddable":true,"href":"https:\/\/www.latienducagranel.com\/index.php\/wp-json\/wp\/v2\/product_brand?post=2331"},{"taxonomy":"product_cat","embeddable":true,"href":"https:\/\/www.latienducagranel.com\/index.php\/wp-json\/wp\/v2\/product_cat?post=2331"},{"taxonomy":"product_tag","embeddable":true,"href":"https:\/\/www.latienducagranel.com\/index.php\/wp-json\/wp\/v2\/product_tag?post=2331"}],"curies":[{"name":"wp","href":"https:\/\/api.w.org\/{rel}","templated":true}]}}