{"id":2327,"date":"2023-01-18T16:16:49","date_gmt":"2023-01-18T16:16:49","guid":{"rendered":"https:\/\/www.latienducagranel.com\/?post_type=product&#038;p=2327"},"modified":"2023-01-18T16:16:49","modified_gmt":"2023-01-18T16:16:49","slug":"lavavajillas-para-maquina-ecologico","status":"publish","type":"product","link":"https:\/\/www.latienducagranel.com\/index.php\/producto\/lavavajillas-para-maquina-ecologico\/","title":{"rendered":"Lavavajillas para m\u00e1quina ecol\u00f3gico"},"content":{"rendered":"<p>Lavavajillas para m\u00e1quina ecol\u00f3gico ECOTECH SET MATIC GEL: Respeta el medio ambiente con nuestro detergente ecol\u00f3gico para el lavado autom\u00e1tico de la vajilla. Formulado con tensioactivos de origen natural y pH neutro, limpia y desengrasa de manera eficaz sin dejar residuos.<\/p>\n<p>Su f\u00f3rmula incluye enzimas y secuestrantes calc\u00e1reos que favorecen el proceso de lavado a baja temperatura y, por tanto, un ahorro energ\u00e9tico durante el mismo. Su textura en gel lo hace apropiado para su uso en cualquier tipo de lavavajillas y es importante saber que es m\u00e1s ecol\u00f3gico que los detergentes en pastilla, ya que estos perduran m\u00e1s en el medio ambiente.<\/p>\n<p>Producto ecol\u00f3gico certificado con Ecolabel (se comparan con productos l\u00edderes del mercado en su categor\u00eda, debiendo ser su eficacia igual o superior a un producto no ecol\u00f3gico)<\/p>\n<p>Producto libre de crueldad animal con certificado Cruelty Free International.<\/p>\n<p>Producto apto para personas veganas con sello de calidad para los productos vegetarianos y veganos v-label.eu.<\/p>\n","protected":false},"excerpt":{"rendered":"<p>Lavavajillas para m\u00e1quina ecol\u00f3gico ECOTECH SET MATIC GEL: Respeta el medio ambiente con nuestro detergente ecol\u00f3gico para el lavado autom\u00e1tico de la vajilla. Formulado con tensioactivos de origen natural y pH neutro, limpia y desengrasa de manera eficaz sin dejar residuos. Su f\u00f3rmula incluye enzimas&nbsp;&#8230; [Leer m\u00e1s]<\/p>\n","protected":false},"featured_media":1592,"template":"","meta":{"sfsi_plus_gutenberg_text_before_share":"","sfsi_plus_gutenberg_show_text_before_share":"","sfsi_plus_gutenberg_icon_type":"","sfsi_plus_gutenberg_icon_alignemt":"","sfsi_plus_gutenburg_max_per_row":""},"product_brand":[],"product_cat":[49,40,50],"product_tag":[],"class_list":{"0":"post-2327","1":"product","2":"type-product","3":"status-publish","4":"has-post-thumbnail","6":"product_cat-limpieza","7":"product_cat-hogar","8":"product_cat-productos-ecologicos","10":"first","11":"instock","12":"taxable","13":"shipping-taxable","14":"purchasable","15":"product-type-simple"},"_links":{"self":[{"href":"https:\/\/www.latienducagranel.com\/index.php\/wp-json\/wp\/v2\/product\/2327","targetHints":{"allow":["GET"]}}],"collection":[{"href":"https:\/\/www.latienducagranel.com\/index.php\/wp-json\/wp\/v2\/product"}],"about":[{"href":"https:\/\/www.latienducagranel.com\/index.php\/wp-json\/wp\/v2\/types\/product"}],"wp:featuredmedia":[{"embeddable":true,"href":"https:\/\/www.latienducagranel.com\/index.php\/wp-json\/wp\/v2\/media\/1592"}],"wp:attachment":[{"href":"https:\/\/www.latienducagranel.com\/index.php\/wp-json\/wp\/v2\/media?parent=2327"}],"wp:term":[{"taxonomy":"product_brand","embeddable":true,"href":"https:\/\/www.latienducagranel.com\/index.php\/wp-json\/wp\/v2\/product_brand?post=2327"},{"taxonomy":"product_cat","embeddable":true,"href":"https:\/\/www.latienducagranel.com\/index.php\/wp-json\/wp\/v2\/product_cat?post=2327"},{"taxonomy":"product_tag","embeddable":true,"href":"https:\/\/www.latienducagranel.com\/index.php\/wp-json\/wp\/v2\/product_tag?post=2327"}],"curies":[{"name":"wp","href":"https:\/\/api.w.org\/{rel}","templated":true}]}}