{"id":2324,"date":"2023-01-14T12:17:30","date_gmt":"2023-01-14T12:17:30","guid":{"rendered":"https:\/\/www.latienducagranel.com\/?post_type=product&#038;p=2324"},"modified":"2024-03-05T20:28:39","modified_gmt":"2024-03-05T19:28:39","slug":"arroz-del-pastor","status":"publish","type":"product","link":"https:\/\/www.latienducagranel.com\/index.php\/producto\/arroz-del-pastor\/","title":{"rendered":"Arroz del pastor"},"content":{"rendered":"<p class=\"nomapartatprod mida20 fontberlinbgold nomargetop\"><span style=\"font-size: 16px;\">Nuestro arroz del pastor tiene los siguientes ingredientes: Arroz (categor\u00eda extra), mezcla de setas silvestres y de cultivo deshidratadas (aprox. 5%) , verduras deshidratadas (zanahoria, cebolla, puerro, chiriv\u00eda, perejil, apio y col blanca) y ajo deshidratado.<\/span><\/p>\n<div class=\"tradeghotic contingutparametrefitxa\">\n<p class=\"tradecontent\">Valores nutricionales por 100 g de producto:<\/p>\n<\/div>\n<div class=\"tradeghotic contingutparametrefitxa\">\n<ul>\n<li class=\"tradecontent\">Valor energ\u00e9tico: 1444,88 kJ \/ 350,38 kcal<\/li>\n<li class=\"tradecontent\">Grasas totales: 0,65 g (de las cuales saturadas: 0,13 g)<\/li>\n<li class=\"tradecontent\">Hidratos de carbono: 76,03 g (de los cuales az\u00facares: 2,38 g)<\/li>\n<li class=\"tradecontent\">Prote\u00ednas: 7,17 g<\/li>\n<li class=\"tradecontent\">Sal: 0,04 g<\/li>\n<\/ul>\n<p>Modo de preparaci\u00f3n: Poner en una cazuela a hervir el triple de caldo que el volumen del arroz del pastor a utilizar. Aparte, en una paella, sofre\u00edr cebolla rallada, a\u00f1adir el arroz y dorar. A continuaci\u00f3n, a\u00f1adir el caldo hirviendo y sal al gusto. Mantenerlo en ebullici\u00f3n entre 15 y 18 minutos aproximadamente. A\u00f1adir, si es necesario, agua\/caldo y rectificar de sal. Dejar reposar aproximadamente 5 minutos. Servir caliente.<\/p>\n<\/div>\n","protected":false},"excerpt":{"rendered":"<p>Nuestro arroz del pastor tiene los siguientes ingredientes: Arroz (categor\u00eda extra), mezcla de setas silvestres y de cultivo deshidratadas (aprox. 5%) , verduras deshidratadas (zanahoria, cebolla, puerro, chiriv\u00eda, perejil, apio y col blanca) y ajo deshidratado. Valores nutricionales por 100 g de producto: Valor energ\u00e9tico:&nbsp;&#8230; [Leer m\u00e1s]<\/p>\n","protected":false},"featured_media":2325,"template":"","meta":{"sfsi_plus_gutenberg_text_before_share":"","sfsi_plus_gutenberg_show_text_before_share":"","sfsi_plus_gutenberg_icon_type":"","sfsi_plus_gutenberg_icon_alignemt":"","sfsi_plus_gutenburg_max_per_row":""},"product_brand":[],"product_cat":[48,31,65],"product_tag":[],"class_list":{"0":"post-2324","1":"product","2":"type-product","3":"status-publish","4":"has-post-thumbnail","6":"product_cat-alimentacion","7":"product_cat-arroz","8":"product_cat-risottos","10":"first","11":"instock","12":"taxable","13":"shipping-taxable","14":"purchasable","15":"product-type-simple"},"_links":{"self":[{"href":"https:\/\/www.latienducagranel.com\/index.php\/wp-json\/wp\/v2\/product\/2324","targetHints":{"allow":["GET"]}}],"collection":[{"href":"https:\/\/www.latienducagranel.com\/index.php\/wp-json\/wp\/v2\/product"}],"about":[{"href":"https:\/\/www.latienducagranel.com\/index.php\/wp-json\/wp\/v2\/types\/product"}],"wp:featuredmedia":[{"embeddable":true,"href":"https:\/\/www.latienducagranel.com\/index.php\/wp-json\/wp\/v2\/media\/2325"}],"wp:attachment":[{"href":"https:\/\/www.latienducagranel.com\/index.php\/wp-json\/wp\/v2\/media?parent=2324"}],"wp:term":[{"taxonomy":"product_brand","embeddable":true,"href":"https:\/\/www.latienducagranel.com\/index.php\/wp-json\/wp\/v2\/product_brand?post=2324"},{"taxonomy":"product_cat","embeddable":true,"href":"https:\/\/www.latienducagranel.com\/index.php\/wp-json\/wp\/v2\/product_cat?post=2324"},{"taxonomy":"product_tag","embeddable":true,"href":"https:\/\/www.latienducagranel.com\/index.php\/wp-json\/wp\/v2\/product_tag?post=2324"}],"curies":[{"name":"wp","href":"https:\/\/api.w.org\/{rel}","templated":true}]}}