{"id":2319,"date":"2023-01-11T16:55:11","date_gmt":"2023-01-11T16:55:11","guid":{"rendered":"https:\/\/www.latienducagranel.com\/?post_type=product&#038;p=2319"},"modified":"2025-09-17T12:10:44","modified_gmt":"2025-09-17T11:10:44","slug":"alubia-virgen","status":"publish","type":"product","link":"https:\/\/www.latienducagranel.com\/index.php\/producto\/alubia-virgen\/","title":{"rendered":"Alubia virgen"},"content":{"rendered":"<p>La alubia virgen o boliche es una alubia t\u00edpica de la Comunidad de Arag\u00f3n, de peque\u00f1o tama\u00f1o, grano lleno, redondo, ligeramente esf\u00e9rico, de color blanco con una mancha marr\u00f3n.<br \/>\nDestacan por tener una piel muy fina y por ser muy mantecosas.<\/p>\n","protected":false},"excerpt":{"rendered":"<p>La alubia virgen o boliche es una alubia t\u00edpica de la Comunidad de Arag\u00f3n, de peque\u00f1o tama\u00f1o, grano lleno, redondo, ligeramente esf\u00e9rico, de color blanco con una mancha marr\u00f3n. Destacan por tener una piel muy fina y por ser muy mantecosas.<\/p>\n","protected":false},"featured_media":2320,"template":"","meta":{"sfsi_plus_gutenberg_text_before_share":"","sfsi_plus_gutenberg_show_text_before_share":"","sfsi_plus_gutenberg_icon_type":"","sfsi_plus_gutenberg_icon_alignemt":"","sfsi_plus_gutenburg_max_per_row":""},"product_brand":[],"product_cat":[48,24,21],"product_tag":[],"class_list":{"0":"post-2319","1":"product","2":"type-product","3":"status-publish","4":"has-post-thumbnail","6":"product_cat-alimentacion","7":"product_cat-alubias","8":"product_cat-legumbres","10":"first","11":"instock","12":"taxable","13":"shipping-taxable","14":"purchasable","15":"product-type-simple"},"_links":{"self":[{"href":"https:\/\/www.latienducagranel.com\/index.php\/wp-json\/wp\/v2\/product\/2319","targetHints":{"allow":["GET"]}}],"collection":[{"href":"https:\/\/www.latienducagranel.com\/index.php\/wp-json\/wp\/v2\/product"}],"about":[{"href":"https:\/\/www.latienducagranel.com\/index.php\/wp-json\/wp\/v2\/types\/product"}],"wp:featuredmedia":[{"embeddable":true,"href":"https:\/\/www.latienducagranel.com\/index.php\/wp-json\/wp\/v2\/media\/2320"}],"wp:attachment":[{"href":"https:\/\/www.latienducagranel.com\/index.php\/wp-json\/wp\/v2\/media?parent=2319"}],"wp:term":[{"taxonomy":"product_brand","embeddable":true,"href":"https:\/\/www.latienducagranel.com\/index.php\/wp-json\/wp\/v2\/product_brand?post=2319"},{"taxonomy":"product_cat","embeddable":true,"href":"https:\/\/www.latienducagranel.com\/index.php\/wp-json\/wp\/v2\/product_cat?post=2319"},{"taxonomy":"product_tag","embeddable":true,"href":"https:\/\/www.latienducagranel.com\/index.php\/wp-json\/wp\/v2\/product_tag?post=2319"}],"curies":[{"name":"wp","href":"https:\/\/api.w.org\/{rel}","templated":true}]}}