{"id":2229,"date":"2022-12-01T10:37:17","date_gmt":"2022-12-01T10:37:17","guid":{"rendered":"https:\/\/www.latienducagranel.com\/?post_type=product&#038;p=2229"},"modified":"2026-03-17T19:17:05","modified_gmt":"2026-03-17T18:17:05","slug":"aceite-esencial-de-ylang-ylang-eco","status":"publish","type":"product","link":"https:\/\/www.latienducagranel.com\/index.php\/producto\/aceite-esencial-de-ylang-ylang-eco\/","title":{"rendered":"Aceite esencial de Ylang-ylang ECO"},"content":{"rendered":"<p>Se cree que el aceite esencial de Ylang-ylang ECO ( C. odorata) se origina en el sudeste asi\u00e1tico y se encuentra naturalmente en todo el sudeste asi\u00e1tico, Australia y varias islas del Pac\u00edfico. Se ha introducido en China, India, \u00c1frica y las Am\u00e9ricas. El cultivo comercial de <i>C. odorata<\/i>\u00a0para la producci\u00f3n de aceite de ylang-ylang comenz\u00f3 en Filipinas, seguido m\u00e1s tarde por la producci\u00f3n de aceite de cananga en Indonesia.\u00a0La Primera Guerra Mundial casi destruy\u00f3 el cultivo de ylang-ylang en Filipinas, solo una plantaci\u00f3n continu\u00f3 cultivando hasta la Segunda Guerra Mundial.\u00a0En Filipinas ,\u00a0<i>C. odorata<\/i>\u00a0es ahora un cultivo de peque\u00f1os agricultores que se cultiva casi exclusivamente para uso local.\u00a0En 1770\u00a0<i>C. odorata<\/i>fue tra\u00eddo de Filipinas a Reuni\u00f3n, donde la producci\u00f3n comercial de aceite de ylang-ylang comenz\u00f3 un siglo despu\u00e9s.\u00a0La producci\u00f3n creci\u00f3 de manera constante, pero disminuy\u00f3 dr\u00e1sticamente durante la Primera Guerra Mundial;\u00a0nunca se recuper\u00f3 y la producci\u00f3n pr\u00e1cticamente ces\u00f3 durante la depresi\u00f3n econ\u00f3mica de la d\u00e9cada de 1930.\u00a0A principios del siglo XX\u00a0<i>C. odorata<\/i>se introdujo en las islas Comoras, donde se desarroll\u00f3 una importante industria.\u00a0La producci\u00f3n alcanz\u00f3 su punto m\u00e1ximo durante la d\u00e9cada de 1980, pero luego disminuy\u00f3 debido al desarrollo del turismo y la expansi\u00f3n de la producci\u00f3n de alimentos.\u00a0De manera similar, se desarroll\u00f3 una industria de ylang-ylang en la isla norte\u00f1a de Madagascar, Nosy B\u00e9;\u00a0alcanz\u00f3 su punto m\u00e1ximo alrededor de 1950 y luego disminuy\u00f3 gradualmente.\u00a0En la provincia de Guangdong, en el sur de China, la producci\u00f3n comenz\u00f3 recientemente y a\u00fan se est\u00e1 expandiendo.\u00a0Indonesia, las Islas Comoras y Nosy B\u00e9 son los principales exportadores de aceite de ylang-ylang.\u00a0Java es el principal productor de aceite de cananga;\u00a0fuera de Java, la producci\u00f3n de aceite de cananga solo es importante en Fiji.<\/p>\n<p><a href=\"https:\/\/uses.plantnet-project.org\/en\/Cananga_odorata_(PROSEA)\" target=\"_blank\" rel=\"noopener\">M\u00c1S BOT\u00c1NICA<\/a><\/p>\n<h2><span id=\"Uses\" class=\"mw-headline\">Usos<\/span><\/h2>\n<p>Las fragantes flores de\u00a0<i>C. odorata<\/i>\u00a0se utilizan para adorno personal y decoraci\u00f3n en festividades y otras celebraciones.\u00a0A los malasios e indonesios les gusta mucho el aroma, y \u200b\u200ba las mujeres les gusta esconder una flor en el cabello.\u00a0Flores frescas de\u00a0<i>C. odorata<\/i>\u00a0mezcladas con flores de\u00a0<i>Jasminum sambac<\/i>\u00a0(L.) Aiton,\u00a0<i>Rosa<\/i>\u00a0spp.,\u00a0<i>Michelia champaca<\/i>\u00a0L. y hojas de\u00a0<i>Pandanus amaryllifolius<\/i>\u00a0Roxb.\u00a0se utilizan en varias ceremonias en Java y Bali.\u00a0Las flores tambi\u00e9n se guardan con la ropa o se esparcen por la cama.\u00a0Los tailandeses aplican una infusi\u00f3n de las flores sobre el cuerpo despu\u00e9s del ba\u00f1o.\u00a0Dos formas de\u00a0<i>C. odorata<\/i>se cultivan comercialmente: cv.\u00a0grupo Ylang-ylang, que produce aceite de ylang-ylang y cv.\u00a0grupo Cananga produciendo aceite de cananga.\u00a0Ambos aceites se destilan de las flores.\u00a0El aceite de ylang-ylang y el aceite de cananga se utilizan para proporcionar la nota de olor dominante de muchos perfumes.\u00a0El aceite de ylang-ylang de calidad &#8220;extra&#8221; es muy utilizado en perfumer\u00eda de alta gama;\u00a0El aceite de ylang-ylang y el aceite de cananga de &#8220;tercer&#8221; grado tienen un olor m\u00e1s \u00e1spero y tenaz y se usan principalmente en jabones y art\u00edculos de tocador para hombres.\u00a0Ambos aceites se utilizan a veces en alimentos y bebidas.\u00a0El aceite de cananga mezclado con aceite de coco se usa como un aceite para el cabello llamado aceite de Macassar (este aceite difiere del aceite de semilla de\u00a0<i>Schleichera oleosa<\/i>\u00a0(Lour.) Oken que tambi\u00e9n se llama aceite de Macassar).<\/p>\n<p><i>C. odorata<\/i>\u00a0tiene varios usos en la medicina tradicional.\u00a0Las flores secas se utilizan en Java contra la malaria y las flores frescas se convierten en una pasta para tratar el asma.\u00a0En Perak, las hojas se frotan sobre la piel contra la picaz\u00f3n, y en Java Occidental, la corteza se aplica contra la caspa.\u00a0La semilla sol\u00eda usarse externamente para curar la fiebre intermitente.<\/p>\n<p>En Malasia,\u00a0<i>C. odorata<\/i>\u00a0se planta principalmente como \u00e1rbol de sombra al borde de la carretera.\u00a0La madera es de color blanco a gris, no duradera y se utiliza principalmente para cajas.\u00a0Tiene potencial para fabricar peque\u00f1os tambores y cerillas.\u00a0La corteza se puede batir para hacer cuerdas gruesas;\u00a0esto se hace en Sulawesi.<\/p>\n<h2><span id=\"Uses\" class=\"mw-headline\">Composici\u00f3n\u00a0<\/span><\/h2>\n<p>Componentes qu\u00edmicos son: (E,E)-farneseno, \u03b2-cariofileno, \u03b1-humuleno, \u03b4-cadineno, \u03b3-cadineno, benzoato de bencilo, linalol, acetato de geranilo<\/p>\n<div class=\"citation\">\n<div>\n<div>\n<ul>\n<li>21,0% farneseno<\/li>\n<li>16,3% \u03b4-cadineno<\/li>\n<li>16,3% \u03b2-cariofileno<\/li>\n<li>8,8% \u03b1-cariofileno<\/li>\n<li>7,5 % de \u03b3-cadineno<\/li>\n<li>5,3% de benzoato de bencilo<\/li>\n<li>2,0% acetato de geranilo<\/li>\n<li>2,0 % de linalol<\/li>\n<li>1,8 % de nerolidol<\/li>\n<li>Salicilato de bencilo al 1,7 %<\/li>\n<li>farnesol al 1,4 % (Z,E)<\/li>\n<li>\u00e9ter met\u00edlico de p-cresil al 1,0 %<\/li>\n<li>0,5 % de acetato de bencilo<\/li>\n<li>0,3% de eugenol<\/li>\n<li>0,1% \u03b1-pineno<\/li>\n<li>0,1% benzoato de metilo<\/li>\n<li>86,1% totales<\/li>\n<\/ul>\n<\/div>\n<\/div>\n<div>\n<h2><strong>PRECAUCIONES<\/strong><\/h2>\n<p>Emplear siempre AE puros y 100%\u00a0 naturales.<\/p>\n<p>No dejar los envases al alcance de los ni\u00f1os.<\/p>\n<p>No aplicar nunca AE puros en ojos, nariz, o\u00eddos, zonas ano-genitales.<\/p>\n<p>No se recomienda su uso en ni\u00f1os menores de 2 a\u00f1os.<\/p>\n<p><strong>No se recomienda su uso ni durante el embarazo ni durante la lactancia, ni ingeridos<\/strong>\u00a0(a menos que sean prescritos por un profesional).<\/p>\n<p>Las personas al\u00e9rgicas deber\u00edan efectuar un test previo de tolerancia, aplicando una gota sobre la piel, para observar si se produce reacci\u00f3n cut\u00e1nea.<\/p>\n<p>En el empleo externo, diluirlos en los veh\u00edculos adecuados.<\/p>\n<p>Vigilar la exposici\u00f3n solar despu\u00e9s del empleo de AE, ya que pueden presentarse fen\u00f3menos de reacci\u00f3n con el sol, sobre todo con los c\u00edtricos (bergamota, lim\u00f3n, lima, naranja).<\/p>\n<p>En las fichas de producto y en las etiquetas de nuestros aceites esenciales encontrar\u00e1s especificadas aquellas sustancias naturales que la Uni\u00f3n Europea ha identificado como sustancias posiblemente al\u00e9rgenas, (podr\u00e1s identificarlos como \u201cContiene: nombre de la sustancia\u201d).<\/p>\n<p>En caso de\u00a0<strong>sensaci\u00f3n de ardor<\/strong>: no usar agua para enjuagar, sino aceite vegetal para diluir.<\/p>\n<p><strong>No utilizar aceites esenciales cerca de una llama<\/strong>\u00a0o fuente de calor.<\/p>\n<p>Las personas con\u00a0<strong>patolog\u00edas neurol\u00f3gicas o coronarias deber\u00e1n limitar su uso<\/strong>.<\/p>\n<\/div>\n<\/div>\n","protected":false},"excerpt":{"rendered":"<p>Se cree que el aceite esencial de Ylang-ylang ECO ( C. odorata) se origina en el sudeste asi\u00e1tico y se encuentra naturalmente en todo el sudeste asi\u00e1tico, Australia y varias islas del Pac\u00edfico. Se ha introducido en China, India, \u00c1frica y las Am\u00e9ricas. El cultivo&nbsp;&#8230; [Leer m\u00e1s]<\/p>\n","protected":false},"featured_media":2259,"template":"","meta":{"sfsi_plus_gutenberg_text_before_share":"","sfsi_plus_gutenberg_show_text_before_share":"","sfsi_plus_gutenberg_icon_type":"","sfsi_plus_gutenberg_icon_alignemt":"","sfsi_plus_gutenburg_max_per_row":""},"product_brand":[],"product_cat":[1179,54,50],"product_tag":[1187,1180],"class_list":{"0":"post-2229","1":"product","2":"type-product","3":"status-publish","4":"has-post-thumbnail","6":"product_cat-aceites-esenciales-y-vegetales","7":"product_cat-rincon-silvestre","8":"product_cat-productos-ecologicos","9":"product_tag-aceite-esencial-bio","10":"product_tag-aceite-esencial-ecologico","12":"first","13":"instock","14":"taxable","15":"shipping-taxable","16":"purchasable","17":"product-type-simple"},"_links":{"self":[{"href":"https:\/\/www.latienducagranel.com\/index.php\/wp-json\/wp\/v2\/product\/2229","targetHints":{"allow":["GET"]}}],"collection":[{"href":"https:\/\/www.latienducagranel.com\/index.php\/wp-json\/wp\/v2\/product"}],"about":[{"href":"https:\/\/www.latienducagranel.com\/index.php\/wp-json\/wp\/v2\/types\/product"}],"wp:featuredmedia":[{"embeddable":true,"href":"https:\/\/www.latienducagranel.com\/index.php\/wp-json\/wp\/v2\/media\/2259"}],"wp:attachment":[{"href":"https:\/\/www.latienducagranel.com\/index.php\/wp-json\/wp\/v2\/media?parent=2229"}],"wp:term":[{"taxonomy":"product_brand","embeddable":true,"href":"https:\/\/www.latienducagranel.com\/index.php\/wp-json\/wp\/v2\/product_brand?post=2229"},{"taxonomy":"product_cat","embeddable":true,"href":"https:\/\/www.latienducagranel.com\/index.php\/wp-json\/wp\/v2\/product_cat?post=2229"},{"taxonomy":"product_tag","embeddable":true,"href":"https:\/\/www.latienducagranel.com\/index.php\/wp-json\/wp\/v2\/product_tag?post=2229"}],"curies":[{"name":"wp","href":"https:\/\/api.w.org\/{rel}","templated":true}]}}