{"id":2228,"date":"2022-12-01T10:37:17","date_gmt":"2022-12-01T10:37:17","guid":{"rendered":"https:\/\/www.latienducagranel.com\/?post_type=product&#038;p=2228"},"modified":"2026-03-17T19:24:10","modified_gmt":"2026-03-17T18:24:10","slug":"aceite-vegetal-de-jojoba-eco","status":"publish","type":"product","link":"https:\/\/www.latienducagranel.com\/index.php\/producto\/aceite-vegetal-de-jojoba-eco\/","title":{"rendered":"Aceite vegetal de jojoba ECO"},"content":{"rendered":"<p>El <strong>aceite vegetal de jojoba ECO 1\u00aa presi\u00f3n <\/strong>se obtiene por presion en frio de la semilla de la\u00a0Simmonsdia chinensis,\u00a0planta originaria de la regi\u00f3n \u00e1rida que comparten los Estados Unidos y M\u00e9xico.<\/p>\n<p>La jojoba es un arbusto dioico de gran forma redonda, muy longevo (vive hasta 200 a\u00f1os). \u00a0Vive en suelo rocoso o arenoso, no necesita fertilizantes y por si fuera poco, requiere poca agua. Se adapta a las condiciones extremas gracias a unas ra\u00edces muy desarrolladas y profundas, y a la capa cerosa de sus hojas (Parte utilizada en la elaboraci\u00f3n del aceite de jojoba).<\/p>\n<p>Los nativos del suroeste de Norteam\u00e9rica han utilizado de manera tradicional el aceite de jojoba tanto como un aceite de cocina como un remedio medicinal para la curaci\u00f3n de heridas, mejorar afecciones de la piel y como t\u00f3nico para el cabello.No fue sino hasta quiz\u00e1s miles de\u00a0a\u00f1os\u00a0despu\u00e9s de que los nativos comenzaron a usar la jojoba cuando los cient\u00edficos descubrieron las primeras propiedades ben\u00e9ficas en esta planta, a principios de la d\u00e9cada de los 30 del siglo XX, pero su comercializaci\u00f3n en los Estados Unidos comenz\u00f3 a principios de 1980.<\/p>\n<p>Es el \u00fanico vegetal que produce cera\u00a0l\u00edquida, con propiedades f\u00edsicas y qu\u00edmicas de gran utilidad para una amplia variedad de industrias b\u00e1sicas, entre ellas cosm\u00e9tica, lubricantes, carburantes, ceras, pl\u00e1sticos, computadoras (ordenadores) y biodi\u00e9sel (para la cual se prev\u00e9 un paulatino aumento en las cantidades demandadas).<\/p>\n<p>El aceite de jojoba tiene aplicaciones industriales, cosm\u00e9ticas y farmac\u00e9uticas. Generalmente se le conoce como aceite de jojoba, sin embargo, por sus propiedades qu\u00edmicas, y t\u00e9cnicamente hablando, realmente es una mezcla de \u00e9steres de cera l\u00edquida.<\/p>\n","protected":false},"excerpt":{"rendered":"<p><b>PARTE UTILIZADA: <\/b>Semillas<\/p>\n<p><b>FAMILIA: <\/b>Simmondsiaceae<\/p>\n<p><b>COMPOSICI\u00d3N<\/b><b>: <\/b>Esteres<\/p>\n<p><b>OBTENCI\u00d3N<\/b><b>: <\/b>Presi\u00f3n en frio<\/p>\n<p><b>PROPIEDADES<\/b><\/p>\n<ul>\n<li>Es un aceite que destaca por ser cera l\u00edquida, de f\u00e1cil absorci\u00f3n, es por esto se incorpora en la piel sin dejar sensaci\u00f3n grasienta.<\/li>\n<li>Regenerante de la piel<\/li>\n<li>Promueve la disoluci\u00f3n de sebo<\/li>\n<\/ul>\n<p><b>INDICACIONES<\/b><\/p>\n<ul>\n<li>Masajes de aromaterapia. Es ideal como veh\u00edculo para diluir aceites esenciales cuando queremos que se absorba r\u00e1pidamente.<\/li>\n<li>Est\u00e1 especialmente indicado en pieles y cabellos grasos<\/li>\n<\/ul>\n<p><b>MODO <\/b><b>DE EMPLEO<\/b><\/p>\n<ul>\n<li>Diluir 20 gotas de aceites esenciales en 60 ml de aceite de pepita de uva y para aplicar\u00a0 sobre la piel<\/li>\n<\/ul>\n<p><b>INGREDIENTES<\/b><\/p>\n<p>INCI: Simmondsia chinensis<\/p>\n<p><b>100%\u00a0 VIRGEN\u00a0 Y ECO <\/b><\/p>\n<p><b>100% Natural y Vegana<\/b><\/p>\n<p><b>0% T\u00f3xicos<\/b><\/p>\n<p><b>No OGM<\/b><\/p>\n<p><b>Envase <\/b><b>de VIDRIO\u00a0 6<\/b><b>0ml<\/b><b>.<\/b><\/p>\n","protected":false},"featured_media":2258,"template":"","meta":{"sfsi_plus_gutenberg_text_before_share":"","sfsi_plus_gutenberg_show_text_before_share":"","sfsi_plus_gutenberg_icon_type":"","sfsi_plus_gutenberg_icon_alignemt":"","sfsi_plus_gutenburg_max_per_row":""},"product_brand":[],"product_cat":[1179,54,50],"product_tag":[1187,1180],"class_list":{"0":"post-2228","1":"product","2":"type-product","3":"status-publish","4":"has-post-thumbnail","6":"product_cat-aceites-esenciales-y-vegetales","7":"product_cat-rincon-silvestre","8":"product_cat-productos-ecologicos","9":"product_tag-aceite-esencial-bio","10":"product_tag-aceite-esencial-ecologico","12":"first","13":"instock","14":"taxable","15":"shipping-taxable","16":"purchasable","17":"product-type-simple"},"_links":{"self":[{"href":"https:\/\/www.latienducagranel.com\/index.php\/wp-json\/wp\/v2\/product\/2228","targetHints":{"allow":["GET"]}}],"collection":[{"href":"https:\/\/www.latienducagranel.com\/index.php\/wp-json\/wp\/v2\/product"}],"about":[{"href":"https:\/\/www.latienducagranel.com\/index.php\/wp-json\/wp\/v2\/types\/product"}],"wp:featuredmedia":[{"embeddable":true,"href":"https:\/\/www.latienducagranel.com\/index.php\/wp-json\/wp\/v2\/media\/2258"}],"wp:attachment":[{"href":"https:\/\/www.latienducagranel.com\/index.php\/wp-json\/wp\/v2\/media?parent=2228"}],"wp:term":[{"taxonomy":"product_brand","embeddable":true,"href":"https:\/\/www.latienducagranel.com\/index.php\/wp-json\/wp\/v2\/product_brand?post=2228"},{"taxonomy":"product_cat","embeddable":true,"href":"https:\/\/www.latienducagranel.com\/index.php\/wp-json\/wp\/v2\/product_cat?post=2228"},{"taxonomy":"product_tag","embeddable":true,"href":"https:\/\/www.latienducagranel.com\/index.php\/wp-json\/wp\/v2\/product_tag?post=2228"}],"curies":[{"name":"wp","href":"https:\/\/api.w.org\/{rel}","templated":true}]}}