{"id":2226,"date":"2022-12-01T10:37:16","date_gmt":"2022-12-01T10:37:16","guid":{"rendered":"https:\/\/www.latienducagranel.com\/?post_type=product&#038;p=2226"},"modified":"2026-03-17T19:26:03","modified_gmt":"2026-03-17T18:26:03","slug":"aceite-vegetal-de-calendula-eco","status":"publish","type":"product","link":"https:\/\/www.latienducagranel.com\/index.php\/producto\/aceite-vegetal-de-calendula-eco\/","title":{"rendered":"Aceite vegetal de cal\u00e9ndula ECO"},"content":{"rendered":"<p>El<strong> Aceite vegetal de cal\u00e9ndula ECO <\/strong>\u00a0se obtiene por\u00a0 maceraci\u00f3n de las flores de Cal\u00e9ndula officinalis en aceite vegetal de girasol bio.<\/p>\n<p>La cal\u00e9ndula, maravilla o flamenquilla es una planta herb\u00e1cea, anual, pubescente, de 0,3 a 0,5m. Provista de tallos robustos vellosos y angulosos con hojas sentadas oblongo-espatuladas, enteras o con algunos dientecitos inconspicuos y callosos; las inferiores, atenuadas para formar a modo de un rabillo, obtusas; las superiores, sin \u00e9l, todas un poco carnosas y algo peluditas. Capitulos terminales,de 4-7cm de di\u00e1metro, solitarios, con flores tubulosas amarillo-azafranadas, excepto las perif\u00e9ricas que son liguladas. Fruto en aquenios espinosos, m\u00e1s o menos encorvados, en forma de barquita y con p\u00faas dorsales, o bien con tres alas membranosas, o, los interiores, m\u00e1s peque\u00f1os, casi cerrados en c\u00edrculo; no tienen vilano.<\/p>\n<p>Estas plantas anuales o vivaces de la familia de las aster\u00e1ceas son nativas de la regi\u00f3n mediterr\u00e1nea\u00a0\u00a0y\u00a0 Asia menor.<\/p>\n<p>El aceite de cal\u00e9ndula es ampliamente conocido por sus propiedades antiinflamatorias y calmantes.<\/p>\n<div class=\"t m0 x1 h4 y15 ff3 fs1 fc0 sc0 ls1 ws1\"><\/div>\n","protected":false},"excerpt":{"rendered":"<p><b>PARTE UTILIZADA: <\/b>Flores<\/p>\n<p><b>FAMILIA: <\/b>Vitaceae<\/p>\n<p><b>COMPOSICI\u00d3N<\/b><b>:<\/b>Flavonoides, sapon\u00f3sidos , carotenoides, polisac\u00e1ridos<\/p>\n<p><b>OBTENCI\u00d3N<\/b><b>: <\/b>Maceraci\u00f3n en frio<\/p>\n<p><b>PROPIEDADES<\/b><\/p>\n<ul>\n<li>Antiinflamtorio de piel y mucosas<\/li>\n<li>Emoliente : Suaviza \u00a0la piel<\/li>\n<li>Promueve la capacidad de absorci\u00f3n de otras sustancias<\/li>\n<li>Hidrata, calma y protege.<\/li>\n<\/ul>\n<p><b>INDICACIONES<\/b><\/p>\n<ul>\n<li>Masajes de aromaterapia. Es ideal como veh\u00edculo para diluir aceites esenciales .<\/li>\n<li>Dermatitis, rozaduras, hongos<\/li>\n<li>Muy apropiado para las pieles m\u00e1s sensibles<\/li>\n<\/ul>\n<p><b>MODO <\/b><b>DE EMPLEO<\/b><\/p>\n<p>Diluir 20 gotas de aceites esenciales en 60 ml de aceite de pepita de uva y para aplicar\u00a0 sobre la piel<\/p>\n<ul>\n<li><b>100%\u00a0 VIRGEN\u00a0 Y ECO <\/b><\/li>\n<li><b>100% Natural y Vegana<\/b><\/li>\n<li><b>0% T\u00f3xicos<\/b><\/li>\n<li><b>No OGM<\/b><\/li>\n<li><b>Envase <\/b><b>de VIDRIO\u00a0 6<\/b><b>0ml<\/b><b>.<\/b><\/li>\n<\/ul>\n<p><b>INGREDIENTES<\/b><\/p>\n<p>INCI: Cal\u00e9ndula officinalis oil<\/p>\n","protected":false},"featured_media":2256,"template":"","meta":{"sfsi_plus_gutenberg_text_before_share":"","sfsi_plus_gutenberg_show_text_before_share":"","sfsi_plus_gutenberg_icon_type":"","sfsi_plus_gutenberg_icon_alignemt":"","sfsi_plus_gutenburg_max_per_row":""},"product_brand":[],"product_cat":[1179,54,50],"product_tag":[1187,1180],"class_list":{"0":"post-2226","1":"product","2":"type-product","3":"status-publish","4":"has-post-thumbnail","6":"product_cat-aceites-esenciales-y-vegetales","7":"product_cat-rincon-silvestre","8":"product_cat-productos-ecologicos","9":"product_tag-aceite-esencial-bio","10":"product_tag-aceite-esencial-ecologico","12":"first","13":"instock","14":"taxable","15":"shipping-taxable","16":"purchasable","17":"product-type-simple"},"_links":{"self":[{"href":"https:\/\/www.latienducagranel.com\/index.php\/wp-json\/wp\/v2\/product\/2226","targetHints":{"allow":["GET"]}}],"collection":[{"href":"https:\/\/www.latienducagranel.com\/index.php\/wp-json\/wp\/v2\/product"}],"about":[{"href":"https:\/\/www.latienducagranel.com\/index.php\/wp-json\/wp\/v2\/types\/product"}],"wp:featuredmedia":[{"embeddable":true,"href":"https:\/\/www.latienducagranel.com\/index.php\/wp-json\/wp\/v2\/media\/2256"}],"wp:attachment":[{"href":"https:\/\/www.latienducagranel.com\/index.php\/wp-json\/wp\/v2\/media?parent=2226"}],"wp:term":[{"taxonomy":"product_brand","embeddable":true,"href":"https:\/\/www.latienducagranel.com\/index.php\/wp-json\/wp\/v2\/product_brand?post=2226"},{"taxonomy":"product_cat","embeddable":true,"href":"https:\/\/www.latienducagranel.com\/index.php\/wp-json\/wp\/v2\/product_cat?post=2226"},{"taxonomy":"product_tag","embeddable":true,"href":"https:\/\/www.latienducagranel.com\/index.php\/wp-json\/wp\/v2\/product_tag?post=2226"}],"curies":[{"name":"wp","href":"https:\/\/api.w.org\/{rel}","templated":true}]}}