{"id":2221,"date":"2022-12-01T10:37:16","date_gmt":"2022-12-01T10:37:16","guid":{"rendered":"https:\/\/www.latienducagranel.com\/?post_type=product&#038;p=2221"},"modified":"2026-03-17T19:17:53","modified_gmt":"2026-03-17T18:17:53","slug":"aceite-esencial-de-verbena-exotica-eco","status":"publish","type":"product","link":"https:\/\/www.latienducagranel.com\/index.php\/producto\/aceite-esencial-de-verbena-exotica-eco\/","title":{"rendered":"Aceite esencial de verbena ex\u00f3tica ECO"},"content":{"rendered":"<h2>Aceite esencial de verbena ex\u00f3tica ECO (Litsea Cubeba)<\/h2>\n<h3>DESCRIPCI\u00d3N<\/h3>\n<p>El\u00a0<strong>aceite esencial de litsea cubeba<\/strong>\u00a0se obtiene por arrastre de vapor de los frutos de la\u00a0Litsea cubeba, Lauraceae.<\/p>\n<p>Es un \u00e1rbol originario de China y del sudeste asi\u00e1tico, muy popular por todas sus propiedades y cualidades. Las hojas de la litsea cubeba tienen un aroma a lim\u00f3n. Los frutos de este \u00e1rbol son peque\u00f1os de color rojo, de forma similar a la pimienta. Las flores de la litsea cubeba pueden ser de diferente coloraci\u00f3n, pudiendo ser de color amarillo, rojo, naranja y rosa. Para obtener el aceite esencial de litsea cubeba se destilan al vapor los frutos que produce la litsea cubeba.<\/p>\n<p><a href=\"http:\/\/legacy.tropicos.org\/Image\/100003840\" target=\"_blank\" rel=\"noopener\">M\u00c1S BOT\u00c1NICA<\/a><\/p>\n<p>La\u00a0litsea cubeba<strong>\u00a0<\/strong>tiene propiedades antiinflamatorias que favorecen la desinflamaci\u00f3n en heridas con infecci\u00f3n, quemaduras o zonas inflamadas por falta de una correcta circulaci\u00f3n sangu\u00ednea, aliviando los dolores ocasionados por la inflamaci\u00f3n.<\/p>\n<h3>INFORMACI\u00d3N ORGANOLEPTICA<\/h3>\n<table class=\"table table-bordered table-striped\">\n<tbody>\n<tr>\n<td>Aspecto<\/td>\n<td>\u00a0Liquido transparente,<\/td>\n<\/tr>\n<tr>\n<td>Color<\/td>\n<td>\u00a0De amarillo a amarill o marr\u00f3n.<\/td>\n<\/tr>\n<tr>\n<td>Olor<\/td>\n<td>\u00a0Caracter\u00edstico, fresco, c\u00edtrico<\/td>\n<\/tr>\n<\/tbody>\n<\/table>\n<p>&nbsp;<\/p>\n<p><strong>PRECAUCIONES<\/strong><\/p>\n<p>Emplear siempre AE puros y 100%\u00a0 naturales.<\/p>\n<p>No dejar los envases al alcance de los ni\u00f1os.<\/p>\n<p>No aplicar nunca AE puros en ojos, nariz, o\u00eddos, zonas ano-genitales.<\/p>\n<p>No se recomienda su uso en ni\u00f1os menores de 2 a\u00f1os.<\/p>\n<p><strong>No se recomienda su uso ni durante el embarazo ni durante la lactancia<\/strong>\u00a0(a menos que sean prescritos por un profesional).<\/p>\n<p>Las personas al\u00e9rgicas deber\u00edan efectuar un test previo de tolerancia, aplicando una gota sobre la piel, para observar si se produce reacci\u00f3n cut\u00e1nea.<\/p>\n<p>En el empleo externo, diluirlos en los veh\u00edculos adecuados.<\/p>\n<p>Vigilar la exposici\u00f3n solar despu\u00e9s del empleo de AE, ya que pueden presentarse fen\u00f3menos de reacci\u00f3n con el sol, sobre todo con los c\u00edtricos (bergamota, lim\u00f3n, lima, naranja).<\/p>\n<p>En las fichas de producto y en las etiquetas de los aceites esenciales, encontrar\u00e1s especificadas aquellas sustancias naturales que la Uni\u00f3n Europea, ha identificado como sustancias posiblemente al\u00e9rgenas, (podr\u00e1s identificarlos como \u201cContiene: nombre de la sustancia\u201d).<\/p>\n<p>En caso de\u00a0<strong>sensaci\u00f3n de ardor<\/strong>: no usar agua para enjuagar, sino aceite vegetal para diluir. Si es necesario, consulta a un m\u00e9dico.<\/p>\n<p><strong>No utilizar aceites esenciales cerca de una llama<\/strong>\u00a0o fuente de calor.<\/p>\n<p>Las personas con\u00a0<strong>patolog\u00edas neurol\u00f3gicas o coronarias deber\u00e1n limitar su uso<\/strong>.<\/p>\n<p>&nbsp;<\/p>\n","protected":false},"excerpt":{"rendered":"<h2>Verbena Ex\u00f3tica Aceite Esencial BIO (Litsea Cubeba)<\/h2>\n<p><b>PROPIEDADES<\/b><\/p>\n<ul>\n<li>Reproductor femenino: antinflamatorio y espasmol\u00edtico<\/li>\n<li>Digestivo: Antiinflamatorio y antiespasm\u00f3dico.<\/li>\n<li>S. Nervioso: Relajante y antidepresiva.<\/li>\n<\/ul>\n<p><b>INDICACIONES<\/b><\/p>\n<ul>\n<li>S. Digestivo: Infecciones digestivas ,gastritis, dispepsias.<\/li>\n<li>Nervioso: Stress, nerviosismo, insomnio. Cefaleas<\/li>\n<li>Reproductor femenino: Dismenorreas<\/li>\n<\/ul>\n<p>FORMAS DE USO<\/p>\n<p>Mezclar de 20 gotas con 60 ml de aceite vegetal para aplicar\u00a0 sobre la piel<\/p>\n<p>Colocar 3-5 gotas en difusor\u00a0 o quemador<\/p>\n<p><b>MODO DE EMPLEO<\/b><\/p>\n<p>A\u00f1adir\u00a0 20 gotas a\u00a0 60 ml\u00a0 de aceite vegetal para aplicar\u00a0 sobre la piel<\/p>\n<p>Colocar 3-5 gotas en difusor\u00a0 o quemador<\/p>\n<p><b>INGREDIENTES <\/b><\/p>\n<p>INCI: Litsea Cubeba peel oil**<\/p>\n<p>Contiene de forma natural: Citral, limonene, linalol, geraniol, citronelol<\/p>\n<p><strong>100%\u00a0 BIO <\/strong><\/p>\n<p><strong>100% Natural y Vegana<\/strong><\/p>\n<p><strong>0% T\u00f3xicos<\/strong><\/p>\n<p><strong>No OGM<\/strong><\/p>\n<p><strong>Envase de VIDRIO\u00a0 10ml.<\/strong><\/p>\n<p><strong><a href=\"https:\/\/rinconsilvestre.net\/ques-son-los-aceites-esenciales\/\">\u00bfQu\u00e9 son los Aceites Esenciales?<\/a><\/strong><\/p>\n","protected":false},"featured_media":2251,"template":"","meta":{"sfsi_plus_gutenberg_text_before_share":"","sfsi_plus_gutenberg_show_text_before_share":"","sfsi_plus_gutenberg_icon_type":"","sfsi_plus_gutenberg_icon_alignemt":"","sfsi_plus_gutenburg_max_per_row":""},"product_brand":[],"product_cat":[1179,54,50],"product_tag":[1187,1180],"class_list":{"0":"post-2221","1":"product","2":"type-product","3":"status-publish","4":"has-post-thumbnail","6":"product_cat-aceites-esenciales-y-vegetales","7":"product_cat-rincon-silvestre","8":"product_cat-productos-ecologicos","9":"product_tag-aceite-esencial-bio","10":"product_tag-aceite-esencial-ecologico","12":"first","13":"instock","14":"taxable","15":"shipping-taxable","16":"purchasable","17":"product-type-simple"},"_links":{"self":[{"href":"https:\/\/www.latienducagranel.com\/index.php\/wp-json\/wp\/v2\/product\/2221","targetHints":{"allow":["GET"]}}],"collection":[{"href":"https:\/\/www.latienducagranel.com\/index.php\/wp-json\/wp\/v2\/product"}],"about":[{"href":"https:\/\/www.latienducagranel.com\/index.php\/wp-json\/wp\/v2\/types\/product"}],"wp:featuredmedia":[{"embeddable":true,"href":"https:\/\/www.latienducagranel.com\/index.php\/wp-json\/wp\/v2\/media\/2251"}],"wp:attachment":[{"href":"https:\/\/www.latienducagranel.com\/index.php\/wp-json\/wp\/v2\/media?parent=2221"}],"wp:term":[{"taxonomy":"product_brand","embeddable":true,"href":"https:\/\/www.latienducagranel.com\/index.php\/wp-json\/wp\/v2\/product_brand?post=2221"},{"taxonomy":"product_cat","embeddable":true,"href":"https:\/\/www.latienducagranel.com\/index.php\/wp-json\/wp\/v2\/product_cat?post=2221"},{"taxonomy":"product_tag","embeddable":true,"href":"https:\/\/www.latienducagranel.com\/index.php\/wp-json\/wp\/v2\/product_tag?post=2221"}],"curies":[{"name":"wp","href":"https:\/\/api.w.org\/{rel}","templated":true}]}}