{"id":2218,"date":"2022-12-01T10:37:16","date_gmt":"2022-12-01T10:37:16","guid":{"rendered":"https:\/\/www.latienducagranel.com\/?post_type=product&#038;p=2218"},"modified":"2026-03-17T19:18:14","modified_gmt":"2026-03-17T18:18:14","slug":"aceite-esencial-de-pomelo","status":"publish","type":"product","link":"https:\/\/www.latienducagranel.com\/index.php\/producto\/aceite-esencial-de-pomelo\/","title":{"rendered":"Aceite esencial de pomelo ECO"},"content":{"rendered":"<h2>Aceite esencial de pomelo ECO <i>(<\/i><i>Citrus<\/i> <i>paradisi<\/i> <i>)<\/i><\/h2>\n<h3>DESCRIPCI\u00d3N<\/h3>\n<p>El\u00a0<strong>aceite esencial de pomelo<\/strong>\u00a0blanco se obtien por presion en fio de la cascara del fruto del\u00a0Citrus paradis, arbol del pomelo y\u00a0un hibrido, probablemente producido de manera espont\u00e1nea entre la pampelmusa\u00a0y la naranja dulce\u00a0en las plantaciones del mar del Caribe\u00a0alrededor del s. XVII.<\/p>\n<p>El Pomelo es un cultivo importante en varios estados de Estados unidos, Mexico, Argentina, Urugay, Paraguay,\u00a0Israel, China y Sudafrica.<\/p>\n<p>Arbol perenne, de 5 a 6\u00a0m de altura, con la copa redondeada, el ramaje poco denso, alcanzando varios pies de di\u00e1metro; las ramas j\u00f3venes presentan espinas cortas y flexibles en las axilas foliares. Las hojas\u00a0son simples, alternas, ovadas, finamente dentadas, de entre 7 y 15\u00a0cm de largo, de superficie cori\u00e1cea y color verde oscuro por el haz, ubicadas al cabo de pec\u00edolos cortos y alados. Produce flores hermafroditas, fragantes, tetr\u00e1meras, blancas o purp\u00fareas, formando racimos peque\u00f1os terminales o solitarias.<\/p>\n<p>El fruto\u00a0es un hesperidio\u00a0globoso o apenas piriforme, de hasta 15 cm de di\u00e1metro. Est\u00e1 recubierto de una c\u00e1scara gruesa, carnosa, despegada del endocarpo, de color amarillo o ros\u00e1ceo, con glandulas\u00a0oleosas peque\u00f1as y muy arom\u00e1ticas, rugosa.<\/p>\n<p><a href=\"http:\/\/herbarivirtual.uib.es\/es\/general\/161\/especie\/citrus-paradisi-macfadyen\" target=\"_blank\" rel=\"noopener\">M\u00c1S BOT\u00c1NICA<\/a><\/p>\n<p>Se recomiendan sus propiedades antis\u00e9pticas, desintoxicantes, diur\u00e9ticas, antiedematosas.<\/p>\n<p>En cosm\u00e9tica el aceite esencial de pomelo es muy utilizado como t\u00f3nico, revitalizante, antiacn\u00e9 y para pieles cansadas y fatigadas.<\/p>\n<p>Tambi\u00e9n se puede a\u00f1adir a champ\u00fas para fortalecer el crecimiento del cabello.<\/p>\n<h3>INFORMACI\u00d3N ORGANOLEPTICA<\/h3>\n<table class=\"table table-bordered table-striped\">\n<tbody>\n<tr>\n<td>Aspecto<\/td>\n<td>\u00a0iquido transparente<\/td>\n<\/tr>\n<tr>\n<td>Color<\/td>\n<td>\u00a0De amarillo a amarill o p\u00e1lido<\/td>\n<\/tr>\n<tr>\n<td>Olor<\/td>\n<td>\u00a0Caracter\u00edstico, fresco, c\u00edtrico<\/td>\n<\/tr>\n<\/tbody>\n<\/table>\n<h3>COMPOSICION QUIMICA (Principios activos)<\/h3>\n<table class=\"table table-bordered table-striped\">\n<thead>\n<tr>\n<th>Componente<\/th>\n<th>NORMA<\/th>\n<\/tr>\n<\/thead>\n<tbody>\n<tr>\n<td>a-PINENE<\/td>\n<td>\u00a00,2 &#8211; 0,6<\/td>\n<\/tr>\n<tr>\n<td>b-PINENE<\/td>\n<td>\u00a00,05 &#8211; 0,2<\/td>\n<\/tr>\n<tr>\n<td>SABINENE<\/td>\n<td>\u00a00,1 &#8211; 0,6<\/td>\n<\/tr>\n<tr>\n<td>B-MYRCENE 1 &#8211; 3<\/td>\n<td>\u00a01,5 &#8211; 2,5<\/td>\n<\/tr>\n<tr>\n<td>LIMONENE<\/td>\n<td>\u00a092 &#8211; 96<\/td>\n<\/tr>\n<tr>\n<td>OCTANAL<\/td>\n<td>\u00a00,2 &#8211; 0,8<\/td>\n<\/tr>\n<tr>\n<td>NONANAL<\/td>\n<td>\u00a00,2 &#8211; 0,8<\/td>\n<\/tr>\n<tr>\n<td>NONANAL<\/td>\n<td>\u00a00,04 &#8211; 0,1<\/td>\n<\/tr>\n<tr>\n<td>DECANAL<\/td>\n<td>\u00a00,1 &#8211; 0,6<\/td>\n<\/tr>\n<tr>\n<td>b-CARYOPHYLLENE<\/td>\n<td>\u00a00,2 &#8211; 0,5<\/td>\n<\/tr>\n<\/tbody>\n<\/table>\n<p>&nbsp;<\/p>\n<p><strong>PRECAUCIONES<\/strong><\/p>\n<p>Emplear siempre AE puros y 100%\u00a0 naturales.<\/p>\n<p>No dejar los envases al alcance de los ni\u00f1os.<\/p>\n<p>No aplicar nunca AE puros en ojos, nariz, o\u00eddos, zonas ano-genitales.<\/p>\n<p>No se recomienda su uso en ni\u00f1os menores de 2 a\u00f1os.<\/p>\n<p><strong>No se recomienda su uso ni durante el embarazo ni durante la lactancia<\/strong>\u00a0(a menos que sean prescritos por un profesional).<\/p>\n<p>Las personas al\u00e9rgicas deber\u00edan efectuar un test previo de tolerancia, aplicando una gota sobre la piel, para observar si se produce reacci\u00f3n cut\u00e1nea.<\/p>\n<p>En el empleo externo, diluirlos en los veh\u00edculos adecuados.<\/p>\n<p>Vigilar la exposici\u00f3n solar despu\u00e9s del empleo de AE, ya que pueden presentarse fen\u00f3menos de reacci\u00f3n con el sol, sobre todo con los c\u00edtricos (bergamota, lim\u00f3n, lima, naranja).<\/p>\n<p>En las fichas de producto y en las etiquetas de los aceites esenciales, encontrar\u00e1s especificadas aquellas sustancias naturales que la Uni\u00f3n Europea, ha identificado como sustancias posiblemente al\u00e9rgenas, (podr\u00e1s identificarlos como \u201cContiene: nombre de la sustancia\u201d).<\/p>\n<p>En caso de\u00a0<strong>sensaci\u00f3n de ardor<\/strong>: no usar agua para enjuagar, sino aceite vegetal para diluir. Si es necesario, consulta a un m\u00e9dico.<\/p>\n<p><strong>No utilizar aceites esenciales cerca de una llama<\/strong>\u00a0o fuente de calor.<\/p>\n<p>Las personas con\u00a0<strong>patolog\u00edas neurol\u00f3gicas o coronarias deber\u00e1n limitar su uso<\/strong>.<\/p>\n<p>&nbsp;<\/p>\n<p>&nbsp;<\/p>\n","protected":false},"excerpt":{"rendered":"<h2>Pomelo Aceite Esencial BIO <i>(<\/i><i>Citrus<\/i> <i>paradisi<\/i> <i>)<\/i><\/h2>\n<p><b>FAMILIA<\/b>: Rutaceas<\/p>\n<p><b>PARTE<\/b> <b>UTILIZADA<\/b>: Corteza de los frutos<\/p>\n<p><b>OBTENCI\u00d3N<\/b>: Expresi\u00f3n.<\/p>\n<p><b>COMPOSICI\u00d3N<\/b>: limoneno, citral, citronelal<\/p>\n<p><b>PROPIEDADES<\/b><\/p>\n<ul>\n<li>Digestivo: Estimulante hepatobiliar<\/li>\n<li>S. Cardiovascular: T\u00f3nico venoso, vasoconstrictor, fortalece el tejido conjuntivo. Drenaje linf\u00e1tico<\/li>\n<li>Piel: Antis\u00e9ptico, astringente y purificante.<\/li>\n<\/ul>\n<p><b>INDICACIONES<\/b><\/p>\n<ul>\n<li>Digestivo: Depuraciones<\/li>\n<li>S. Cardiovascular: Varices, edemas,<\/li>\n<li>Piel: Acn\u00e9, for\u00fanculos .<\/li>\n<\/ul>\n<p><b>MODO DE EMPLEO<\/b><\/p>\n<p>A\u00f1adir\u00a0 10 gotas a\u00a0 60 ml\u00a0 de aceite vegetal para aplicar\u00a0 sobre la piel<\/p>\n<p>Colocar 3-5 gotas en difusor\u00a0 o quemador<\/p>\n<p><b>NO EXPONERSE AL SOL TRAS SU APLICACI\u00d3N<\/b><\/p>\n<p><b>INGREDIENTES<\/b><\/p>\n<p>INCI: Citrus paradisi peel oil.\u00a0 Contiene de forma natural: Limonene, Citral, Linalol.<\/p>\n<p><strong>100%\u00a0 BIO <\/strong><\/p>\n<p><strong>100% Natural y Vegana<\/strong><\/p>\n<p><strong>0% T\u00f3xicos<\/strong><\/p>\n<p><strong>No OGM<\/strong><\/p>\n<p><strong>Envase de VIDRIO\u00a0 10ml.<\/strong><\/p>\n<p><strong><a href=\"https:\/\/rinconsilvestre.net\/ques-son-los-aceites-esenciales\/\">\u00bfQu\u00e9 son los Aceites Esenciales?<\/a><\/strong><\/p>\n","protected":false},"featured_media":2248,"template":"","meta":{"sfsi_plus_gutenberg_text_before_share":"","sfsi_plus_gutenberg_show_text_before_share":"","sfsi_plus_gutenberg_icon_type":"","sfsi_plus_gutenberg_icon_alignemt":"","sfsi_plus_gutenburg_max_per_row":""},"product_brand":[],"product_cat":[1179,54,50],"product_tag":[1187,1180],"class_list":{"0":"post-2218","1":"product","2":"type-product","3":"status-publish","4":"has-post-thumbnail","6":"product_cat-aceites-esenciales-y-vegetales","7":"product_cat-rincon-silvestre","8":"product_cat-productos-ecologicos","9":"product_tag-aceite-esencial-bio","10":"product_tag-aceite-esencial-ecologico","12":"first","13":"instock","14":"taxable","15":"shipping-taxable","16":"purchasable","17":"product-type-simple"},"_links":{"self":[{"href":"https:\/\/www.latienducagranel.com\/index.php\/wp-json\/wp\/v2\/product\/2218","targetHints":{"allow":["GET"]}}],"collection":[{"href":"https:\/\/www.latienducagranel.com\/index.php\/wp-json\/wp\/v2\/product"}],"about":[{"href":"https:\/\/www.latienducagranel.com\/index.php\/wp-json\/wp\/v2\/types\/product"}],"wp:featuredmedia":[{"embeddable":true,"href":"https:\/\/www.latienducagranel.com\/index.php\/wp-json\/wp\/v2\/media\/2248"}],"wp:attachment":[{"href":"https:\/\/www.latienducagranel.com\/index.php\/wp-json\/wp\/v2\/media?parent=2218"}],"wp:term":[{"taxonomy":"product_brand","embeddable":true,"href":"https:\/\/www.latienducagranel.com\/index.php\/wp-json\/wp\/v2\/product_brand?post=2218"},{"taxonomy":"product_cat","embeddable":true,"href":"https:\/\/www.latienducagranel.com\/index.php\/wp-json\/wp\/v2\/product_cat?post=2218"},{"taxonomy":"product_tag","embeddable":true,"href":"https:\/\/www.latienducagranel.com\/index.php\/wp-json\/wp\/v2\/product_tag?post=2218"}],"curies":[{"name":"wp","href":"https:\/\/api.w.org\/{rel}","templated":true}]}}