{"id":2217,"date":"2022-12-01T10:37:16","date_gmt":"2022-12-01T10:37:16","guid":{"rendered":"https:\/\/www.latienducagranel.com\/?post_type=product&#038;p=2217"},"modified":"2026-03-17T19:24:49","modified_gmt":"2026-03-17T18:24:49","slug":"aceite-esencial-de-pino-eco","status":"publish","type":"product","link":"https:\/\/www.latienducagranel.com\/index.php\/producto\/aceite-esencial-de-pino-eco\/","title":{"rendered":"Aceite esencial de pino ECO"},"content":{"rendered":"<h3>Aceote esencial de pino ECO (<b><i>Pinus<\/i><\/b> <i>pinaster<\/i>)<\/h3>\n<h3>DESCRIPCI\u00d3N<\/h3>\n<p>El\u00a0<strong>aceite esencial de pino silvestre<\/strong> se obtiene por arrastre de vapor de la Pinus pinaster, com\u00fan en todo el Hemisferio Norte<\/p>\n<p>El pino\u00a0 puede llegar a medir 30 m de altura por unos 5 metros de circunferencia, llegando a crecer 6 metros de alto en 10 a\u00f1os. Su copa es de forma c\u00f3nica de joven para luego de adulto pasar a ser irregular, ancha y deprimida, de joven presenta un tronco vestido que de adulto pasa a ser desnudo. Crece en la monta\u00f1a, en suelos arenosos o de gravilla. Presenta una corteza gris p\u00farpura, hojas aciculares r\u00edgidas, con flores macho amarillas, flores hembra rojas y un cono ovoide verde que tiende al marr\u00f3n en estado de madurez.<\/p>\n<p><a href=\"http:\/\/herbarivirtual.uib.es\/es\/general\/2098\/especie\/pinus-pinaster-aiton\" target=\"_blank\" rel=\"noopener\">M\u00c1S BOT\u00c1NICA<\/a><\/p>\n<p>Es un potente :<\/p>\n<p>Antis\u00e9ptico respiratorio, expectorante<br \/>\nAnalg\u00e9sico percut\u00e1neo, rubefaciente<br \/>\nEstimulante<br \/>\nPsoriasis, eccemas<br \/>\nSudoraci\u00f3n excesiva<\/p>\n<h3>INFORMACI\u00d3N ORGANOLEPTICA<\/h3>\n<table class=\"table table-bordered table-striped\">\n<tbody>\n<tr>\n<td>Aspecto<\/td>\n<td>\u00a0Liquido transparente<\/td>\n<\/tr>\n<tr>\n<td>Color<\/td>\n<td>\u00a0De incoloro a amarill o p\u00e1lido<\/td>\n<\/tr>\n<tr>\n<td>Olor<\/td>\n<td>\u00a0Caracter\u00edstico, fresco, con\u00edfero.<\/td>\n<\/tr>\n<\/tbody>\n<\/table>\n<h3>COMPOSICION QUIMICA (Principios activos)<\/h3>\n<table class=\"table table-bordered table-striped\">\n<thead>\n<tr>\n<th>Componente<\/th>\n<th>NORMA<\/th>\n<\/tr>\n<\/thead>\n<tbody>\n<tr>\n<td>a-PINENE<\/td>\n<td>\u00a040,35<\/td>\n<\/tr>\n<tr>\n<td>b-PINENE<\/td>\n<td>\u00a020,07<\/td>\n<\/tr>\n<tr>\n<td>D-3-CARENE<\/td>\n<td>\u00a016,06<\/td>\n<\/tr>\n<tr>\n<td>b-MIRCENE<\/td>\n<td>\u00a02,20<\/td>\n<\/tr>\n<tr>\n<td>a-TERPINENE<\/td>\n<td>\u00a01,42<\/td>\n<\/tr>\n<tr>\n<td>LIMONENE<\/td>\n<td>\u00a09,39<\/td>\n<\/tr>\n<tr>\n<td>1,8-CINEOLE + b-PHELLANDRENE<\/td>\n<td>\u00a01,21<\/td>\n<\/tr>\n<tr>\n<td>p-CYMENE<\/td>\n<td>\u00a01,35<\/td>\n<\/tr>\n<tr>\n<td>ACETATE DE BORNYLE<\/td>\n<td>\u00a01,77<\/td>\n<\/tr>\n<tr>\n<td>LONGIFOLENE<\/td>\n<td>\u00a01,23<\/td>\n<\/tr>\n<\/tbody>\n<\/table>\n<p>&nbsp;<\/p>\n<h2 style=\"margin: 0cm 0cm 7.5pt 0cm;\"><strong><span style=\"font-size: 10.0pt; font-family: 'Arial','sans-serif'; color: #545454;\">PRECAUCIONES<\/span><\/strong><\/h2>\n<p style=\"box-sizing: border-box; font-variant-ligatures: normal; font-variant-caps: normal; orphans: 2; text-align: start; widows: 2; -webkit-text-stroke-width: 0px; text-decoration-thickness: initial; text-decoration-style: initial; text-decoration-color: initial; word-spacing: 0px; margin: 0cm 0cm 7.5pt 0cm;\"><span style=\"font-size: 10.0pt; font-family: 'Arial','sans-serif'; color: #545454;\">Emplear siempre AE puros y 100%\u00a0 naturales.<\/span><\/p>\n<p style=\"box-sizing: border-box; font-variant-ligatures: normal; font-variant-caps: normal; orphans: 2; text-align: start; widows: 2; -webkit-text-stroke-width: 0px; text-decoration-thickness: initial; text-decoration-style: initial; text-decoration-color: initial; word-spacing: 0px; margin: 0cm 0cm 7.5pt 0cm;\"><span style=\"font-size: 10.0pt; font-family: 'Arial','sans-serif'; color: #545454;\">No dejar los envases al alcance de los ni\u00f1os.<\/span><\/p>\n<p style=\"box-sizing: border-box; font-variant-ligatures: normal; font-variant-caps: normal; orphans: 2; text-align: start; widows: 2; -webkit-text-stroke-width: 0px; text-decoration-thickness: initial; text-decoration-style: initial; text-decoration-color: initial; word-spacing: 0px; margin: 0cm 0cm 7.5pt 0cm;\"><span style=\"font-size: 10.0pt; font-family: 'Arial','sans-serif'; color: #545454;\">No aplicar nunca AE puros en ojos, nariz, o\u00eddos, zonas ano-genitales.<\/span><\/p>\n<p style=\"box-sizing: border-box; font-variant-ligatures: normal; font-variant-caps: normal; orphans: 2; text-align: start; widows: 2; -webkit-text-stroke-width: 0px; text-decoration-thickness: initial; text-decoration-style: initial; text-decoration-color: initial; word-spacing: 0px; margin: 0cm 0cm 7.5pt 0cm;\"><span style=\"font-size: 10.0pt; font-family: 'Arial','sans-serif'; color: #545454;\">No se recomienda su uso en ni\u00f1os menores de 2 a\u00f1os.<\/span><\/p>\n<p style=\"box-sizing: border-box; font-variant-ligatures: normal; font-variant-caps: normal; orphans: 2; text-align: start; widows: 2; -webkit-text-stroke-width: 0px; text-decoration-thickness: initial; text-decoration-style: initial; text-decoration-color: initial; word-spacing: 0px; margin: 0cm 0cm 7.5pt 0cm;\"><strong style=\"box-sizing: border-box;\"><span style=\"font-size: 10.0pt; font-family: 'Arial','sans-serif'; color: #545454;\">No se recomienda su uso ni durante el embarazo ni durante la lactancia<\/span><\/strong><span style=\"font-size: 10.0pt; font-family: 'Arial','sans-serif'; color: #545454;\">\u00a0(a menos que sean prescritos por un profesional).<\/span><\/p>\n<p style=\"box-sizing: border-box; font-variant-ligatures: normal; font-variant-caps: normal; orphans: 2; text-align: start; widows: 2; -webkit-text-stroke-width: 0px; text-decoration-thickness: initial; text-decoration-style: initial; text-decoration-color: initial; word-spacing: 0px; margin: 0cm 0cm 7.5pt 0cm;\"><span style=\"font-size: 10.0pt; font-family: 'Arial','sans-serif'; color: #545454;\">Las personas al\u00e9rgicas deber\u00edan efectuar un test previo de tolerancia, aplicando una gota sobre la piel, para observar si se produce reacci\u00f3n cut\u00e1nea.<\/span><\/p>\n<p style=\"box-sizing: border-box; font-variant-ligatures: normal; font-variant-caps: normal; orphans: 2; text-align: start; widows: 2; -webkit-text-stroke-width: 0px; text-decoration-thickness: initial; text-decoration-style: initial; text-decoration-color: initial; word-spacing: 0px; margin: 0cm 0cm 7.5pt 0cm;\"><span style=\"font-size: 10.0pt; font-family: 'Arial','sans-serif'; color: #545454;\">En el empleo externo, diluirlos en los veh\u00edculos adecuados.<\/span><\/p>\n<p style=\"box-sizing: border-box; font-variant-ligatures: normal; font-variant-caps: normal; orphans: 2; text-align: start; widows: 2; -webkit-text-stroke-width: 0px; text-decoration-thickness: initial; text-decoration-style: initial; text-decoration-color: initial; word-spacing: 0px; margin: 0cm 0cm 7.5pt 0cm;\"><span style=\"font-size: 10.0pt; font-family: 'Arial','sans-serif'; color: #545454;\">Vigilar la exposici\u00f3n solar despu\u00e9s del empleo de AE, ya que pueden presentarse fen\u00f3menos de reacci\u00f3n con el sol, sobre todo con los c\u00edtricos (bergamota, lim\u00f3n, lima, naranja).<\/span><\/p>\n<p style=\"box-sizing: border-box; font-variant-ligatures: normal; font-variant-caps: normal; orphans: 2; text-align: start; widows: 2; -webkit-text-stroke-width: 0px; text-decoration-thickness: initial; text-decoration-style: initial; text-decoration-color: initial; word-spacing: 0px; margin: 0cm 0cm 7.5pt 0cm;\"><span style=\"font-size: 10.0pt; font-family: 'Arial','sans-serif'; color: #545454;\">En las fichas de producto y en las etiquetas de los aceites esenciales, encontrar\u00e1s especificadas aquellas sustancias naturales que la Uni\u00f3n Europea, ha identificado como sustancias posiblemente al\u00e9rgenas, (podr\u00e1s identificarlos como \u201cContiene: nombre de la sustancia\u201d).<\/span><\/p>\n<p style=\"box-sizing: border-box; font-variant-ligatures: normal; font-variant-caps: normal; orphans: 2; text-align: start; widows: 2; -webkit-text-stroke-width: 0px; text-decoration-thickness: initial; text-decoration-style: initial; text-decoration-color: initial; word-spacing: 0px; margin: 0cm 0cm 7.5pt 0cm;\"><span style=\"font-size: 10.0pt; font-family: 'Arial','sans-serif'; color: #545454;\">En caso de\u00a0<strong style=\"box-sizing: border-box;\"><span style=\"font-family: 'Arial','sans-serif';\">sensaci\u00f3n de ardor<\/span><\/strong>: no usar agua para enjuagar, sino aceite vegetal para diluir. Si es necesario, consulta a un m\u00e9dico.<\/span><\/p>\n<p style=\"box-sizing: border-box; font-variant-ligatures: normal; font-variant-caps: normal; orphans: 2; text-align: start; widows: 2; -webkit-text-stroke-width: 0px; text-decoration-thickness: initial; text-decoration-style: initial; text-decoration-color: initial; word-spacing: 0px; margin: 0cm 0cm 7.5pt 0cm;\"><strong style=\"box-sizing: border-box;\"><span style=\"font-size: 10.0pt; font-family: 'Arial','sans-serif'; color: #545454;\">No utilizar aceites esenciales cerca de una llama<\/span><\/strong><span style=\"font-size: 10.0pt; font-family: 'Arial','sans-serif'; color: #545454;\">\u00a0o fuente de calor.<\/span><\/p>\n<p style=\"box-sizing: border-box; font-variant-ligatures: normal; font-variant-caps: normal; orphans: 2; text-align: start; widows: 2; -webkit-text-stroke-width: 0px; text-decoration-thickness: initial; text-decoration-style: initial; text-decoration-color: initial; word-spacing: 0px; margin: 0cm 0cm 7.5pt 0cm;\"><span style=\"font-size: 10.0pt; font-family: 'Arial','sans-serif'; color: #545454;\">Las personas con\u00a0<strong style=\"box-sizing: border-box;\"><span style=\"font-family: 'Arial','sans-serif';\">patolog\u00edas neurol\u00f3gicas o coronarias deber\u00e1n limitar su uso<\/span><\/strong>.<\/span><\/p>\n","protected":false},"excerpt":{"rendered":"<h3>PINO ACEITE ESENCIAL BIO (<b><i>Pinus<\/i><\/b> <i>pinaster<\/i>)<\/h3>\n<p><b>FAMILIA<\/b>: Pin\u00e1ceas<\/p>\n<p><b>PARTE<\/b> <b>UTILIZADA<\/b>: Ac\u00edculas tiernas, resina y yemas.<\/p>\n<p><b>OBTENCI\u00d3N<\/b>: Destilaci\u00f3n<\/p>\n<p><b>COMPOSICI\u00d3N<\/b>: Pineno, canfeno, cadineno, felandreno, silvestreno.<\/p>\n<p><b>PROPIEDADES<\/b><\/p>\n<ul>\n<li>Antis\u00e9ptico urinario y diur\u00e9tico.<\/li>\n<li>\u00a0Rubefaciente en caso de dolores musculares y articulares.<\/li>\n<li>S. Respiratorio: Antis\u00e9ptica, bals\u00e1mica y expectorante<\/li>\n<\/ul>\n<p><b>INDICACIONES<\/b><\/p>\n<ul>\n<li>Respiratorio: Infecciones respiratorias, Tos<\/li>\n<li>Osteoarticular: Reumatismos y dolores musculares cr\u00f3nicos<\/li>\n<\/ul>\n<p><b>MODO DE EMPLEO<\/b><\/p>\n<p>A\u00f1adir\u00a0 20 gotas a\u00a0 60 ml\u00a0 de aceite vegetal para aplicar\u00a0 sobre la piel<\/p>\n<p>Colocar 3-5 gotas en difusor\u00a0 o quemador<\/p>\n<p><b>INGREDIENTES<\/b><\/p>\n<p>INCI: Pinus pinaster oil**Contiene de forma natural: Limoneno<\/p>\n<p><strong>100%\u00a0 BIO <\/strong><\/p>\n<p><strong>100% Natural y Vegana<\/strong><\/p>\n<p><strong>0% T\u00f3xicos<\/strong><\/p>\n<p><strong>No OGM<\/strong><\/p>\n<p><strong>Envase de VIDRIO\u00a0 10ml.<\/strong><\/p>\n<p><strong><a href=\"https:\/\/rinconsilvestre.net\/ques-son-los-aceites-esenciales\/\">\u00bfQu\u00e9 son los Aceites Esenciales?<\/a><\/strong><\/p>\n","protected":false},"featured_media":2247,"template":"","meta":{"sfsi_plus_gutenberg_text_before_share":"","sfsi_plus_gutenberg_show_text_before_share":"","sfsi_plus_gutenberg_icon_type":"","sfsi_plus_gutenberg_icon_alignemt":"","sfsi_plus_gutenburg_max_per_row":""},"product_brand":[],"product_cat":[1179,54,50],"product_tag":[1187,1180],"class_list":{"0":"post-2217","1":"product","2":"type-product","3":"status-publish","4":"has-post-thumbnail","6":"product_cat-aceites-esenciales-y-vegetales","7":"product_cat-rincon-silvestre","8":"product_cat-productos-ecologicos","9":"product_tag-aceite-esencial-bio","10":"product_tag-aceite-esencial-ecologico","12":"first","13":"instock","14":"taxable","15":"shipping-taxable","16":"purchasable","17":"product-type-simple"},"_links":{"self":[{"href":"https:\/\/www.latienducagranel.com\/index.php\/wp-json\/wp\/v2\/product\/2217","targetHints":{"allow":["GET"]}}],"collection":[{"href":"https:\/\/www.latienducagranel.com\/index.php\/wp-json\/wp\/v2\/product"}],"about":[{"href":"https:\/\/www.latienducagranel.com\/index.php\/wp-json\/wp\/v2\/types\/product"}],"wp:featuredmedia":[{"embeddable":true,"href":"https:\/\/www.latienducagranel.com\/index.php\/wp-json\/wp\/v2\/media\/2247"}],"wp:attachment":[{"href":"https:\/\/www.latienducagranel.com\/index.php\/wp-json\/wp\/v2\/media?parent=2217"}],"wp:term":[{"taxonomy":"product_brand","embeddable":true,"href":"https:\/\/www.latienducagranel.com\/index.php\/wp-json\/wp\/v2\/product_brand?post=2217"},{"taxonomy":"product_cat","embeddable":true,"href":"https:\/\/www.latienducagranel.com\/index.php\/wp-json\/wp\/v2\/product_cat?post=2217"},{"taxonomy":"product_tag","embeddable":true,"href":"https:\/\/www.latienducagranel.com\/index.php\/wp-json\/wp\/v2\/product_tag?post=2217"}],"curies":[{"name":"wp","href":"https:\/\/api.w.org\/{rel}","templated":true}]}}