{"id":2216,"date":"2022-12-01T10:37:15","date_gmt":"2022-12-01T10:37:15","guid":{"rendered":"https:\/\/www.latienducagranel.com\/?post_type=product&#038;p=2216"},"modified":"2026-03-17T19:18:35","modified_gmt":"2026-03-17T18:18:35","slug":"aceite-esencial-de-naranja-eco","status":"publish","type":"product","link":"https:\/\/www.latienducagranel.com\/index.php\/producto\/aceite-esencial-de-naranja-eco\/","title":{"rendered":"Aceite esencial de naranja ECO"},"content":{"rendered":"<h2>Aceite Esencial de naranja ECO (<i>Citrus\u00a0 sinensis)<\/i><\/h2>\n<h3>DESCRIPCI\u00d3N<\/h3>\n<p>El\u00a0<strong>aceite esencial de Naranja BIO\u00a0<\/strong>se obtiene por la t\u00e9cnica de presi\u00f3n en frio de la cascara de\u00a0Citrus Sinensis, que es el fruto del \u00e1rbol naranjo. Es comestible y de sabor c\u00edtrico adulzado.<\/p>\n<p>La naranja es originaria de\u00a0India,\u00a0Vietnam\u00a0o el sureste de\u00a0China, aunque en la actualidad, destinadas a la producci\u00f3n comercial, se cultiva en naranjales repartidos por todo el mundo, aunque los tres mayores productores son Brasil, Estados Unidos y M\u00e9xico. En\u00a0Espa\u00f1a\u00a0se cultiva sobre todo en el sur de\u00a0Catalu\u00f1a,\u00a0Comunidad Valenciana,\u00a0Andaluc\u00eda,\u00a0Extremadura\u00a0y en la\u00a0Regi\u00f3n de Murcia\u00a0donde se suelen cultivar en regad\u00edo<\/p>\n<p>La naranja es una fruta muy nutritiva ya que contiene vitaminas A, B y C, formada por una pulpa dulce y no tiene membranas amargas. El naranjo es un \u00e1rbol de porte mediano, perenne, de copa grande, redonda o piramidal, con hojas ovales de entre 7 a 10 cm de margen entero y frecuentemente estipuladas y ramas en ocasiones con grandes espinas Sus\u00a0flores\u00a0blancas, llamadas\u00a0azahar, nacen aisladas o en racimos y son sumamente fragantes.<\/p>\n<p><a href=\"http:\/\/herbarivirtual.uib.es\/es\/general\/809\/especie\/citrus-aurantium-l-\" target=\"_blank\" rel=\"noopener\">M\u00c1S BOT\u00c1NICA<\/a><\/p>\n<p>En la medicina tradicional China, se usa la piel seca de la naranja dulce para tratar resfriados, enfriamientos e infecciones pectorales. El aceite esencial de naranja tiene efecto antidepresivo, antiinflamatorio, antis\u00e9ptico, bactericida, sedante nervioso, digestivo, fungicida, hipotensor, estimulante digestivo, y linf\u00e1tico, estomacal, adem\u00e1s de ser muy apreciado en cosm\u00e9tica por los beneficios que ejerce sobre la piel. Tambi\u00e9n resulta efectivo contra la celulitis.<\/p>\n<h3>INFORMACI\u00d3N ORGANOLEPTICA<\/h3>\n<table class=\"table table-bordered table-striped\">\n<tbody>\n<tr>\n<td>Aspecto<\/td>\n<td>\u00a0Liquido transparente<\/td>\n<\/tr>\n<tr>\n<td>Color<\/td>\n<td>\u00a0De amarillo a naranja oscuro<\/td>\n<\/tr>\n<tr>\n<td>Olor<\/td>\n<td>\u00a0Caracter\u00edstico, c\u00edtrico, fresco, intenso<\/td>\n<\/tr>\n<\/tbody>\n<\/table>\n<h3>COMPOSICION QUIMICA (Principios activos)<\/h3>\n<table class=\"table table-bordered table-striped\">\n<thead>\n<tr>\n<th>Componente<\/th>\n<th>NORMA<\/th>\n<\/tr>\n<\/thead>\n<tbody>\n<tr>\n<td>a-PINENE<\/td>\n<td>\u00a00,4 &#8211; 0,8<\/td>\n<\/tr>\n<tr>\n<td>b-PINENE<\/td>\n<td>\u00a00,02 &#8211; 0,15<\/td>\n<\/tr>\n<tr>\n<td>SABINENE<\/td>\n<td>\u00a00,2 &#8211; 0,5<\/td>\n<\/tr>\n<tr>\n<td>b-MYRCENE<\/td>\n<td>\u00a01,5 &#8211; 3,5<\/td>\n<\/tr>\n<tr>\n<td>LIMONENE<\/td>\n<td>\u00a093 &#8211; 96<\/td>\n<\/tr>\n<tr>\n<td>n-OCTANAL<\/td>\n<td>\u00a00,1 &#8211; 0,45<\/td>\n<\/tr>\n<tr>\n<td>n-DECANAL<\/td>\n<td>\u00a00,1 &#8211; 0,7<\/td>\n<\/tr>\n<tr>\n<td>LINALOL<\/td>\n<td>\u00a00,15 &#8211; 0,7<\/td>\n<\/tr>\n<tr>\n<td>NERAL<\/td>\n<td>\u00a00,05 &#8211; 0,1<\/td>\n<\/tr>\n<\/tbody>\n<\/table>\n<p>&nbsp;<\/p>\n<p style=\"margin: 0cm 0cm 7.5pt 0cm;\"><strong><span style=\"font-size: 10.0pt; font-family: 'Arial','sans-serif'; color: #545454;\">PRECAUCIONES<\/span><\/strong><\/p>\n<p style=\"box-sizing: border-box; font-variant-ligatures: normal; font-variant-caps: normal; orphans: 2; text-align: start; widows: 2; -webkit-text-stroke-width: 0px; text-decoration-thickness: initial; text-decoration-style: initial; text-decoration-color: initial; word-spacing: 0px; margin: 0cm 0cm 7.5pt 0cm;\"><span style=\"font-size: 10.0pt; font-family: 'Arial','sans-serif'; color: #545454;\">Emplear siempre AE puros y 100%\u00a0 naturales.<\/span><\/p>\n<p style=\"box-sizing: border-box; font-variant-ligatures: normal; font-variant-caps: normal; orphans: 2; text-align: start; widows: 2; -webkit-text-stroke-width: 0px; text-decoration-thickness: initial; text-decoration-style: initial; text-decoration-color: initial; word-spacing: 0px; margin: 0cm 0cm 7.5pt 0cm;\"><span style=\"font-size: 10.0pt; font-family: 'Arial','sans-serif'; color: #545454;\">No dejar los envases al alcance de los ni\u00f1os.<\/span><\/p>\n<p style=\"box-sizing: border-box; font-variant-ligatures: normal; font-variant-caps: normal; orphans: 2; text-align: start; widows: 2; -webkit-text-stroke-width: 0px; text-decoration-thickness: initial; text-decoration-style: initial; text-decoration-color: initial; word-spacing: 0px; margin: 0cm 0cm 7.5pt 0cm;\"><span style=\"font-size: 10.0pt; font-family: 'Arial','sans-serif'; color: #545454;\">No aplicar nunca AE puros en ojos, nariz, o\u00eddos, zonas ano-genitales.<\/span><\/p>\n<p style=\"box-sizing: border-box; font-variant-ligatures: normal; font-variant-caps: normal; orphans: 2; text-align: start; widows: 2; -webkit-text-stroke-width: 0px; text-decoration-thickness: initial; text-decoration-style: initial; text-decoration-color: initial; word-spacing: 0px; margin: 0cm 0cm 7.5pt 0cm;\"><span style=\"font-size: 10.0pt; font-family: 'Arial','sans-serif'; color: #545454;\">No se recomienda su uso en ni\u00f1os menores de 2 a\u00f1os.<\/span><\/p>\n<p style=\"box-sizing: border-box; font-variant-ligatures: normal; font-variant-caps: normal; orphans: 2; text-align: start; widows: 2; -webkit-text-stroke-width: 0px; text-decoration-thickness: initial; text-decoration-style: initial; text-decoration-color: initial; word-spacing: 0px; margin: 0cm 0cm 7.5pt 0cm;\"><strong style=\"box-sizing: border-box;\"><span style=\"font-size: 10.0pt; font-family: 'Arial','sans-serif'; color: #545454;\">No se recomienda su uso ni durante el embarazo ni durante la lactancia<\/span><\/strong><span style=\"font-size: 10.0pt; font-family: 'Arial','sans-serif'; color: #545454;\">\u00a0(a menos que sean prescritos por un profesional).<\/span><\/p>\n<p style=\"box-sizing: border-box; font-variant-ligatures: normal; font-variant-caps: normal; orphans: 2; text-align: start; widows: 2; -webkit-text-stroke-width: 0px; text-decoration-thickness: initial; text-decoration-style: initial; text-decoration-color: initial; word-spacing: 0px; margin: 0cm 0cm 7.5pt 0cm;\"><span style=\"font-size: 10.0pt; font-family: 'Arial','sans-serif'; color: #545454;\">Las personas al\u00e9rgicas deber\u00edan efectuar un test previo de tolerancia, aplicando una gota sobre la piel, para observar si se produce reacci\u00f3n cut\u00e1nea.<\/span><\/p>\n<p style=\"box-sizing: border-box; font-variant-ligatures: normal; font-variant-caps: normal; orphans: 2; text-align: start; widows: 2; -webkit-text-stroke-width: 0px; text-decoration-thickness: initial; text-decoration-style: initial; text-decoration-color: initial; word-spacing: 0px; margin: 0cm 0cm 7.5pt 0cm;\"><span style=\"font-size: 10.0pt; font-family: 'Arial','sans-serif'; color: #545454;\">En el empleo externo, diluirlos en los veh\u00edculos adecuados.<\/span><\/p>\n<p style=\"box-sizing: border-box; font-variant-ligatures: normal; font-variant-caps: normal; orphans: 2; text-align: start; widows: 2; -webkit-text-stroke-width: 0px; text-decoration-thickness: initial; text-decoration-style: initial; text-decoration-color: initial; word-spacing: 0px; margin: 0cm 0cm 7.5pt 0cm;\"><span style=\"font-size: 10.0pt; font-family: 'Arial','sans-serif'; color: #545454;\">Vigilar la exposici\u00f3n solar despu\u00e9s del empleo de AE, ya que pueden presentarse fen\u00f3menos de reacci\u00f3n con el sol, sobre todo con los c\u00edtricos (bergamota, lim\u00f3n, lima, naranja).<\/span><\/p>\n<p style=\"box-sizing: border-box; font-variant-ligatures: normal; font-variant-caps: normal; orphans: 2; text-align: start; widows: 2; -webkit-text-stroke-width: 0px; text-decoration-thickness: initial; text-decoration-style: initial; text-decoration-color: initial; word-spacing: 0px; margin: 0cm 0cm 7.5pt 0cm;\"><span style=\"font-size: 10.0pt; font-family: 'Arial','sans-serif'; color: #545454;\">En las fichas de producto y en las etiquetas de los aceites esenciales, encontrar\u00e1s especificadas aquellas sustancias naturales que la Uni\u00f3n Europea, ha identificado como sustancias posiblemente al\u00e9rgenas, (podr\u00e1s identificarlos como \u201cContiene: nombre de la sustancia\u201d).<\/span><\/p>\n<p style=\"box-sizing: border-box; font-variant-ligatures: normal; font-variant-caps: normal; orphans: 2; text-align: start; widows: 2; -webkit-text-stroke-width: 0px; text-decoration-thickness: initial; text-decoration-style: initial; text-decoration-color: initial; word-spacing: 0px; margin: 0cm 0cm 7.5pt 0cm;\"><span style=\"font-size: 10.0pt; font-family: 'Arial','sans-serif'; color: #545454;\">En caso de\u00a0<strong style=\"box-sizing: border-box;\"><span style=\"font-family: 'Arial','sans-serif';\">sensaci\u00f3n de ardor<\/span><\/strong>: no usar agua para enjuagar, sino aceite vegetal para diluir. Si es necesario, consulta a un m\u00e9dico.<\/span><\/p>\n<p style=\"box-sizing: border-box; font-variant-ligatures: normal; font-variant-caps: normal; orphans: 2; text-align: start; widows: 2; -webkit-text-stroke-width: 0px; text-decoration-thickness: initial; text-decoration-style: initial; text-decoration-color: initial; word-spacing: 0px; margin: 0cm 0cm 7.5pt 0cm;\"><strong style=\"box-sizing: border-box;\"><span style=\"font-size: 10.0pt; font-family: 'Arial','sans-serif'; color: #545454;\">No utilizar aceites esenciales cerca de una llama<\/span><\/strong><span style=\"font-size: 10.0pt; font-family: 'Arial','sans-serif'; color: #545454;\">\u00a0o fuente de calor.<\/span><\/p>\n<p style=\"box-sizing: border-box; font-variant-ligatures: normal; font-variant-caps: normal; orphans: 2; text-align: start; widows: 2; -webkit-text-stroke-width: 0px; text-decoration-thickness: initial; text-decoration-style: initial; text-decoration-color: initial; word-spacing: 0px; margin: 0cm 0cm 7.5pt 0cm;\"><span style=\"font-size: 10.0pt; font-family: 'Arial','sans-serif'; color: #545454;\">Las personas con\u00a0<strong style=\"box-sizing: border-box;\"><span style=\"font-family: 'Arial','sans-serif';\">patolog\u00edas neurol\u00f3gicas o coronarias deber\u00e1n limitar su uso<\/span><\/strong>.<\/span><\/p>\n","protected":false},"excerpt":{"rendered":"<h2>Naranja Aceite Esencial Bio (<i>Citrus\u00a0 sinensis)<\/i><\/h2>\n<p><b>FAMILIA<\/b>: Rut\u00e1ceas<\/p>\n<p><b>PARTE UTILIZADA: <\/b>Corteza del fruto, hojas, flores<\/p>\n<p><b>OBTENCI\u00d3N: <\/b>Expresi\u00f3n.<\/p>\n<p><b>COMPOSICI\u00d3N: <\/b>Nerol, citral, limoneno.<\/p>\n<p><b>PROPIEDADES<\/b><\/p>\n<ul>\n<li>Piel: Regenerante<\/li>\n<li>Nervioso: Relajante<\/li>\n<\/ul>\n<p><b>INDICACIONES<\/b><\/p>\n<ul>\n<li>Piel: cicatrizante.<\/li>\n<li>S. Nervioso: Mejora stress, ansiedad e insomnio<\/li>\n<\/ul>\n<p><b>MODO DE EMPLEO<\/b><\/p>\n<p>A\u00f1adir\u00a0 20 gotas a\u00a0 60 ml\u00a0 de aceite vegetal para aplicar\u00a0 sobre la piel<\/p>\n<p>Colocar 3-5 gotas en difusor\u00a0 o quemador<\/p>\n<p><b>NO EXPONERSE AL SOL TRAS SU APLICACI\u00d3N<\/b><\/p>\n<p><b>INGREDIENTES <\/b><\/p>\n<p>INCI: Citrus\u00a0 sinensis **Contiene de forma natural: Limonene , Linalool , Citral , Geraniol.<\/p>\n<p><strong>100%\u00a0 BIO <\/strong><\/p>\n<p><strong>100% Natural y Vegana<\/strong><\/p>\n<p><strong>0% T\u00f3xicos<\/strong><\/p>\n<p><strong>No OGM<\/strong><\/p>\n<p><strong>Envase de VIDRIO\u00a0 10ml.<\/strong><\/p>\n<p><strong><a href=\"https:\/\/rinconsilvestre.net\/ques-son-los-aceites-esenciales\/\">\u00bfQu\u00e9 son los Aceites Esenciales?<\/a><\/strong><\/p>\n<p><strong>\u00a0<\/strong><\/p>\n","protected":false},"featured_media":2246,"template":"","meta":{"sfsi_plus_gutenberg_text_before_share":"","sfsi_plus_gutenberg_show_text_before_share":"","sfsi_plus_gutenberg_icon_type":"","sfsi_plus_gutenberg_icon_alignemt":"","sfsi_plus_gutenburg_max_per_row":""},"product_brand":[],"product_cat":[1179,54,50],"product_tag":[1187,1180],"class_list":{"0":"post-2216","1":"product","2":"type-product","3":"status-publish","4":"has-post-thumbnail","6":"product_cat-aceites-esenciales-y-vegetales","7":"product_cat-rincon-silvestre","8":"product_cat-productos-ecologicos","9":"product_tag-aceite-esencial-bio","10":"product_tag-aceite-esencial-ecologico","12":"first","13":"instock","14":"taxable","15":"shipping-taxable","16":"purchasable","17":"product-type-simple"},"_links":{"self":[{"href":"https:\/\/www.latienducagranel.com\/index.php\/wp-json\/wp\/v2\/product\/2216","targetHints":{"allow":["GET"]}}],"collection":[{"href":"https:\/\/www.latienducagranel.com\/index.php\/wp-json\/wp\/v2\/product"}],"about":[{"href":"https:\/\/www.latienducagranel.com\/index.php\/wp-json\/wp\/v2\/types\/product"}],"wp:featuredmedia":[{"embeddable":true,"href":"https:\/\/www.latienducagranel.com\/index.php\/wp-json\/wp\/v2\/media\/2246"}],"wp:attachment":[{"href":"https:\/\/www.latienducagranel.com\/index.php\/wp-json\/wp\/v2\/media?parent=2216"}],"wp:term":[{"taxonomy":"product_brand","embeddable":true,"href":"https:\/\/www.latienducagranel.com\/index.php\/wp-json\/wp\/v2\/product_brand?post=2216"},{"taxonomy":"product_cat","embeddable":true,"href":"https:\/\/www.latienducagranel.com\/index.php\/wp-json\/wp\/v2\/product_cat?post=2216"},{"taxonomy":"product_tag","embeddable":true,"href":"https:\/\/www.latienducagranel.com\/index.php\/wp-json\/wp\/v2\/product_tag?post=2216"}],"curies":[{"name":"wp","href":"https:\/\/api.w.org\/{rel}","templated":true}]}}