{"id":2215,"date":"2022-12-01T10:37:15","date_gmt":"2022-12-01T10:37:15","guid":{"rendered":"https:\/\/www.latienducagranel.com\/?post_type=product&#038;p=2215"},"modified":"2026-03-17T19:26:20","modified_gmt":"2026-03-17T18:26:20","slug":"aceite-esencial-de-menta-eco","status":"publish","type":"product","link":"https:\/\/www.latienducagranel.com\/index.php\/producto\/aceite-esencial-de-menta-eco\/","title":{"rendered":"Aceite esencial de menta ECO"},"content":{"rendered":"<h2>Aceite esencial de menta ECO (<i>Mentha<\/i> <i>piperita<\/i>)<\/h2>\n<p>El\u00a0<strong>aceite esencial de Menta Piperita BIO<\/strong> se obtiene por destilaci\u00f3n de la Mentha Piperita, que ocasionalmente se produce espont\u00e1neamente en las regiones templadas de Europa. Por su riqueza en componentes arom\u00e1ticos se cultiva artificialmente desde el siglo XVII. es un h\u00edbrido est\u00e9ril obtenido del cruce de la menta acu\u00e1tica y la hierbabuena.<\/p>\n<p>Hierba perenne de la familia de las labiadas de hasta 90 cm. Tallos erectos, cuadrangulares, con tonos rojizos. Hojas bastante estrechas y alargadas, pecioladas, ovales o lanceoladas, glabras o ligeramente pubescentes, agudas y dentadas, con patente inervaci\u00f3n en el env\u00e9s, brillantes por el haz. Flores de color p\u00farpura o lila rojizo con los estambres insertados en el c\u00e1liz. Inflorescencias en forma de espigas m\u00e1s largas que anchas.<\/p>\n<p>Es popular su uso culinario tanto fresca como seca, as\u00ed como su relaci\u00f3n con la industria de los licores.<\/p>\n<p><a href=\"http:\/\/herbarivirtual.uib.es\/es\/general\/974\/especie\/mentha-aquatica-l-\" target=\"_blank\" rel=\"noopener\">M\u00c1S BOT\u00c1NICA<\/a><\/p>\n<p>En la medicina tradicional fue y es usada para tratar infecciones respiratorias: tuberculosis, neumon\u00eda, bronquitis, asma, artritis, fiebre, n\u00e1useas, obesidad, C\u00e1ndida, problemas digestivos, dolores de cabeza, enfermedades de la piel, enfermedades virales (herpes simples , herpes zoster, herpes labial), problemas de espalda (escoliosis).<\/p>\n<h3>INFORMACI\u00d3N ORGANOLEPTICA<\/h3>\n<table class=\"table table-bordered table-striped\">\n<tbody>\n<tr>\n<td>Aspecto<\/td>\n<td>\u00a0Liquido transparente<\/td>\n<\/tr>\n<tr>\n<td>Color<\/td>\n<td>\u00a0Desde incoloro a amarillo p\u00e1lido.<\/td>\n<\/tr>\n<tr>\n<td>Olor<\/td>\n<td>\u00a0Caracter\u00edstico, fresco, mentolado<\/td>\n<\/tr>\n<\/tbody>\n<\/table>\n<h3><\/h3>\n<h3>COMPOSICION QUIMICA (Principios activos)<\/h3>\n<table class=\"table table-bordered table-striped\">\n<thead>\n<tr>\n<th>Componente<\/th>\n<th>NORMA<\/th>\n<\/tr>\n<\/thead>\n<tbody>\n<tr>\n<td>LIMONENE<\/td>\n<td>\u00a01 \u2013 6<\/td>\n<\/tr>\n<tr>\n<td>1,8-CINEOLE<\/td>\n<td>\u00a03 &#8211; 8<\/td>\n<\/tr>\n<tr>\n<td>3-OCTANOL<\/td>\n<td>\u00a00,1 &#8211; 0,9<\/td>\n<\/tr>\n<tr>\n<td>MENTHONE<\/td>\n<td>\u00a013 &#8211; 28<\/td>\n<\/tr>\n<tr>\n<td>SOMENTHONE<\/td>\n<td>\u00a01 &#8211; 8<\/td>\n<\/tr>\n<tr>\n<td>ACETATE DE MENTHYLE<\/td>\n<td>\u00a02 &#8211; 8<\/td>\n<\/tr>\n<tr>\n<td>NEOMENTHOL<\/td>\n<td>\u00a02 &#8211; 6<\/td>\n<\/tr>\n<tr>\n<td>b-CARYOPHYLLENE<\/td>\n<td>\u00a01 &#8211; 3,5<\/td>\n<\/tr>\n<tr>\n<td>MENTHOL<\/td>\n<td>\u00a032 &#8211; 49<\/td>\n<\/tr>\n<tr>\n<td>PULEGONE<\/td>\n<td>\u00a00,5 &#8211; 3<\/td>\n<\/tr>\n<\/tbody>\n<\/table>\n<p>&nbsp;<\/p>\n<p><strong>PRECAUCIONES<\/strong><\/p>\n<p>Emplear siempre AE puros y 100%\u00a0 naturales.<\/p>\n<p>No dejar los envases al alcance de los ni\u00f1os.<\/p>\n<p>No aplicar nunca AE puros en ojos, nariz, o\u00eddos, zonas ano-genitales.<\/p>\n<p>No se recomienda su uso en ni\u00f1os menores de 2 a\u00f1os.<\/p>\n<p><strong>No se recomienda su uso ni durante el embarazo ni durante la lactancia<\/strong>\u00a0(a menos que sean prescritos por un profesional).<\/p>\n<p>Las personas al\u00e9rgicas deber\u00edan efectuar un test previo de tolerancia, aplicando una gota sobre la piel, para observar si se produce reacci\u00f3n cut\u00e1nea.<\/p>\n<p>En el empleo externo, diluirlos en los veh\u00edculos adecuados.<\/p>\n<p>Vigilar la exposici\u00f3n solar despu\u00e9s del empleo de AE, ya que pueden presentarse fen\u00f3menos de reacci\u00f3n con el sol, sobre todo con los c\u00edtricos (bergamota, lim\u00f3n, lima, naranja).<\/p>\n<p>En las fichas de producto y en las etiquetas de los aceites esenciales, encontrar\u00e1s especificadas aquellas sustancias naturales que la Uni\u00f3n Europea, ha identificado como sustancias posiblemente al\u00e9rgenas, (podr\u00e1s identificarlos como \u201cContiene: nombre de la sustancia\u201d).<\/p>\n<p>En caso de\u00a0<strong>sensaci\u00f3n de ardor<\/strong>: no usar agua para enjuagar, sino aceite vegetal para diluir. Si es necesario, consulta a un m\u00e9dico.<\/p>\n<p><strong>No utilizar aceites esenciales cerca de una llama<\/strong>\u00a0o fuente de calor.<\/p>\n<p>Las personas con\u00a0<strong>patolog\u00edas neurol\u00f3gicas o coronarias deber\u00e1n limitar su uso<\/strong>.<\/p>\n","protected":false},"excerpt":{"rendered":"<h2>Menta Aceite Esencial Bio (<i>Mentha<\/i> <i>piperita<\/i>)<\/h2>\n<p><b>FAMILIA<\/b>: Labiadas<\/p>\n<p><b>PARTE UTILIZADA<\/b>: Sumidades floridas y hojas<\/p>\n<p><b>OBTENCI\u00d3N: <\/b>Destilaci\u00f3n<\/p>\n<p><b>COMPOSICI\u00d3N<\/b>: Mentol, acetato de metilo, metona.<\/p>\n<p><b>PROPIEDADES<\/b><\/p>\n<ul>\n<li>Digestivo: Carminativa, digestiva, coleretica y colagoga.<\/li>\n<li>S. Respiratorio: Descongestionante y antiseptica<\/li>\n<li>S. Nervioso: Acci\u00f3n estimulante y descongestionante<\/li>\n<\/ul>\n<p>Piel: Antipruruginosa y referescante.<\/p>\n<p><b>INDICACIONES <\/b><\/p>\n<ul>\n<li>Aliviar molestias digestivas<\/li>\n<li>Aliviar congesti\u00f3n nasal y cefaleas<\/li>\n<li>Calma picaduras<\/li>\n<\/ul>\n<p><b>PRECAUCIONES: No debe ser utilizado por menores de dos a\u00f1os<\/b><\/p>\n<p><b>MODO DE EMPLEO<\/b><\/p>\n<p>A\u00f1adir\u00a0 10 gotas a\u00a0 60 ml\u00a0 de aceite vegetal para aplicar\u00a0 sobre la piel<\/p>\n<p>Colocar 3-5 gotas en difusor\u00a0 o quemador<\/p>\n<p><b>INGREDIENTES <\/b><\/p>\n<p>INCI: Mentha piperita**\u00a0 Contiene de forma natural: Limoneno, Linalol.<\/p>\n<p><strong>100%\u00a0 BIO <\/strong><\/p>\n<p><strong>100% Natural y Vegana<\/strong><\/p>\n<p><strong>0% T\u00f3xicos<\/strong><\/p>\n<p><strong>No OGM<\/strong><\/p>\n<p><strong>Envase de VIDRIO\u00a0 10ml.<\/strong><\/p>\n<p><strong><a href=\"https:\/\/rinconsilvestre.net\/ques-son-los-aceites-esenciales\/\">\u00bfQu\u00e9 son los Aceites Esenciales?<\/a><\/strong><\/p>\n","protected":false},"featured_media":2245,"template":"","meta":{"sfsi_plus_gutenberg_text_before_share":"","sfsi_plus_gutenberg_show_text_before_share":"","sfsi_plus_gutenberg_icon_type":"","sfsi_plus_gutenberg_icon_alignemt":"","sfsi_plus_gutenburg_max_per_row":""},"product_brand":[],"product_cat":[1179,54,50],"product_tag":[1187,1180],"class_list":{"0":"post-2215","1":"product","2":"type-product","3":"status-publish","4":"has-post-thumbnail","6":"product_cat-aceites-esenciales-y-vegetales","7":"product_cat-rincon-silvestre","8":"product_cat-productos-ecologicos","9":"product_tag-aceite-esencial-bio","10":"product_tag-aceite-esencial-ecologico","12":"first","13":"instock","14":"taxable","15":"shipping-taxable","16":"purchasable","17":"product-type-simple"},"_links":{"self":[{"href":"https:\/\/www.latienducagranel.com\/index.php\/wp-json\/wp\/v2\/product\/2215","targetHints":{"allow":["GET"]}}],"collection":[{"href":"https:\/\/www.latienducagranel.com\/index.php\/wp-json\/wp\/v2\/product"}],"about":[{"href":"https:\/\/www.latienducagranel.com\/index.php\/wp-json\/wp\/v2\/types\/product"}],"wp:featuredmedia":[{"embeddable":true,"href":"https:\/\/www.latienducagranel.com\/index.php\/wp-json\/wp\/v2\/media\/2245"}],"wp:attachment":[{"href":"https:\/\/www.latienducagranel.com\/index.php\/wp-json\/wp\/v2\/media?parent=2215"}],"wp:term":[{"taxonomy":"product_brand","embeddable":true,"href":"https:\/\/www.latienducagranel.com\/index.php\/wp-json\/wp\/v2\/product_brand?post=2215"},{"taxonomy":"product_cat","embeddable":true,"href":"https:\/\/www.latienducagranel.com\/index.php\/wp-json\/wp\/v2\/product_cat?post=2215"},{"taxonomy":"product_tag","embeddable":true,"href":"https:\/\/www.latienducagranel.com\/index.php\/wp-json\/wp\/v2\/product_tag?post=2215"}],"curies":[{"name":"wp","href":"https:\/\/api.w.org\/{rel}","templated":true}]}}