{"id":2214,"date":"2022-12-01T10:37:15","date_gmt":"2022-12-01T10:37:15","guid":{"rendered":"https:\/\/www.latienducagranel.com\/?post_type=product&#038;p=2214"},"modified":"2026-03-17T19:26:57","modified_gmt":"2026-03-17T18:26:57","slug":"aceite-esencial-de-manzanilla-de-mahon-eco","status":"publish","type":"product","link":"https:\/\/www.latienducagranel.com\/index.php\/producto\/aceite-esencial-de-manzanilla-de-mahon-eco\/","title":{"rendered":"Aceite esencial de manzanilla de Mah\u00f3n ECO"},"content":{"rendered":"<h2>Aceite esencial de manzanilla de Mah\u00f3n ECO (Santolina chamaecyparissus)<\/h2>\n<h3>DESCRIPCI\u00d3N<\/h3>\n<p>El\u00a0<strong>aceite esencial de manzanilla santolina BIO<\/strong>\u00a0se obtiene por arrastre de vapor de la flor de la\u00a0Santolina Chamaecyparissus,\u00a0originaria del sur de Europa, encontr\u00e1ndose tambi\u00e9n en el norte de Africa\u00a0y en Norteamerica, que se\u00a0cr\u00eda en collados y laderas arcillosas o pedregosas.<\/p>\n<p>Esta especie tambi\u00e9n es conocida como\u00a0<strong>cipresilla<\/strong>,\u00a0<strong>hierba lombriguera<\/strong>,\u00a0<strong>boja<\/strong>,\u00a0<strong>guardarropa<\/strong>,\u00a0<strong>ontina de cabezuelas<\/strong>,\u00a0<strong>t\u00e9 de Arag\u00f3n<\/strong>,\u00a0<strong>manzanilla de Mah\u00f3n<\/strong>\u00a0o\u00a0<strong>manzanilla Mah\u00f3n<\/strong><\/p>\n<p>Posee numerosos tallos\u00a0delgados sobre el que crecen hojas\u00a0de color verde gris\u00e1ceo, estrechas, lineales, divididas, carnosas y arom\u00e1ticas. En lo alto brotan cabezuelas hemisf\u00e9ricas con flores\u00a0tubulosas de color amarillo. Su altura puede oscilar entre los 20 y 70 cm. Su fruto\u00a0es cuadrangular<\/p>\n<p><a href=\"http:\/\/herbarivirtual.uib.es\/es\/general\/1186\/especie\/santolina-magonica-romo\" target=\"_blank\" rel=\"noopener\">M\u00c1S BOT\u00c1NICA<\/a><\/p>\n<p>Se cultiva por sus propiedades medicinales o con fines ornamentales y es excelente para la limpieza de la piel, cicatrizante y\u00a0Alivia la ansiedad y el estr\u00e9s.<\/p>\n<h3>INFORMACI\u00d3N ORGANOLEPTICA<\/h3>\n<table class=\"table table-bordered table-striped\">\n<tbody>\n<tr>\n<td>Aspecto<\/td>\n<td>\u00a0Liquido transparente<\/td>\n<\/tr>\n<tr>\n<td>Color<\/td>\n<td>\u00a0De amarillo a amarillo p\u00e1lido<\/td>\n<\/tr>\n<tr>\n<td>Olor<\/td>\n<td>\u00a0Caracter\u00edstico, fuerte, bals\u00e1mico<\/td>\n<\/tr>\n<\/tbody>\n<\/table>\n<h3>COMPOSICION QUIMICA (Principios activos)<\/h3>\n<table class=\"table table-bordered table-striped\">\n<thead>\n<tr>\n<th>Componente<\/th>\n<th>NORMA<\/th>\n<\/tr>\n<\/thead>\n<tbody>\n<tr>\n<td>a-PINENE<\/td>\n<td>\u00a01 &#8211; 5<\/td>\n<\/tr>\n<tr>\n<td>b-PINENE<\/td>\n<td>\u00a02 &#8211; 15<\/td>\n<\/tr>\n<tr>\n<td>b-MYRCENE<\/td>\n<td>\u00a01 &#8211; 15<\/td>\n<\/tr>\n<tr>\n<td>1,8-CINEOLE + b-PHELLANDRENE<\/td>\n<td>\u00a012 &#8211; 22<\/td>\n<\/tr>\n<tr>\n<td>CAMPHRE<\/td>\n<td>\u00a01 &#8211; 30<\/td>\n<\/tr>\n<tr>\n<td>LINALOL<\/td>\n<td>\u00a01 &#8211; 5<\/td>\n<\/tr>\n<tr>\n<td>TERPINENE-4-OL<\/td>\n<td>\u00a01 &#8211; 5<\/td>\n<\/tr>\n<tr>\n<td>BORNEOL<\/td>\n<td>\u00a01 &#8211; 8<\/td>\n<\/tr>\n<\/tbody>\n<\/table>\n<p>&nbsp;<\/p>\n<p style=\"margin: 0cm 0cm 7.5pt 0cm;\"><strong><span style=\"font-size: 10.0pt; font-family: 'Arial','sans-serif'; color: #545454;\">PRECAUCIONES<\/span><\/strong><\/p>\n<p style=\"box-sizing: border-box; font-variant-ligatures: normal; font-variant-caps: normal; orphans: 2; text-align: start; widows: 2; -webkit-text-stroke-width: 0px; text-decoration-thickness: initial; text-decoration-style: initial; text-decoration-color: initial; word-spacing: 0px; margin: 0cm 0cm 7.5pt 0cm;\"><span style=\"font-size: 10.0pt; font-family: 'Arial','sans-serif'; color: #545454;\">Emplear siempre AE puros y 100%\u00a0 naturales.<\/span><\/p>\n<p style=\"box-sizing: border-box; font-variant-ligatures: normal; font-variant-caps: normal; orphans: 2; text-align: start; widows: 2; -webkit-text-stroke-width: 0px; text-decoration-thickness: initial; text-decoration-style: initial; text-decoration-color: initial; word-spacing: 0px; margin: 0cm 0cm 7.5pt 0cm;\"><span style=\"font-size: 10.0pt; font-family: 'Arial','sans-serif'; color: #545454;\">No dejar los envases al alcance de los ni\u00f1os.<\/span><\/p>\n<p style=\"box-sizing: border-box; font-variant-ligatures: normal; font-variant-caps: normal; orphans: 2; text-align: start; widows: 2; -webkit-text-stroke-width: 0px; text-decoration-thickness: initial; text-decoration-style: initial; text-decoration-color: initial; word-spacing: 0px; margin: 0cm 0cm 7.5pt 0cm;\"><span style=\"font-size: 10.0pt; font-family: 'Arial','sans-serif'; color: #545454;\">No aplicar nunca AE puros en ojos, nariz, o\u00eddos, zonas ano-genitales.<\/span><\/p>\n<p style=\"box-sizing: border-box; font-variant-ligatures: normal; font-variant-caps: normal; orphans: 2; text-align: start; widows: 2; -webkit-text-stroke-width: 0px; text-decoration-thickness: initial; text-decoration-style: initial; text-decoration-color: initial; word-spacing: 0px; margin: 0cm 0cm 7.5pt 0cm;\"><span style=\"font-size: 10.0pt; font-family: 'Arial','sans-serif'; color: #545454;\">No se recomienda su uso en ni\u00f1os menores de 2 a\u00f1os.<\/span><\/p>\n<p style=\"box-sizing: border-box; font-variant-ligatures: normal; font-variant-caps: normal; orphans: 2; text-align: start; widows: 2; -webkit-text-stroke-width: 0px; text-decoration-thickness: initial; text-decoration-style: initial; text-decoration-color: initial; word-spacing: 0px; margin: 0cm 0cm 7.5pt 0cm;\"><strong style=\"box-sizing: border-box;\"><span style=\"font-size: 10.0pt; font-family: 'Arial','sans-serif'; color: #545454;\">No se recomienda su uso ni durante el embarazo ni durante la lactancia<\/span><\/strong><span style=\"font-size: 10.0pt; font-family: 'Arial','sans-serif'; color: #545454;\">\u00a0(a menos que sean prescritos por un profesional).<\/span><\/p>\n<p style=\"box-sizing: border-box; font-variant-ligatures: normal; font-variant-caps: normal; orphans: 2; text-align: start; widows: 2; -webkit-text-stroke-width: 0px; text-decoration-thickness: initial; text-decoration-style: initial; text-decoration-color: initial; word-spacing: 0px; margin: 0cm 0cm 7.5pt 0cm;\"><span style=\"font-size: 10.0pt; font-family: 'Arial','sans-serif'; color: #545454;\">Las personas al\u00e9rgicas deber\u00edan efectuar un test previo de tolerancia, aplicando una gota sobre la piel, para observar si se produce reacci\u00f3n cut\u00e1nea.<\/span><\/p>\n<p style=\"box-sizing: border-box; font-variant-ligatures: normal; font-variant-caps: normal; orphans: 2; text-align: start; widows: 2; -webkit-text-stroke-width: 0px; text-decoration-thickness: initial; text-decoration-style: initial; text-decoration-color: initial; word-spacing: 0px; margin: 0cm 0cm 7.5pt 0cm;\"><span style=\"font-size: 10.0pt; font-family: 'Arial','sans-serif'; color: #545454;\">En el empleo externo, diluirlos en los veh\u00edculos adecuados.<\/span><\/p>\n<p style=\"box-sizing: border-box; font-variant-ligatures: normal; font-variant-caps: normal; orphans: 2; text-align: start; widows: 2; -webkit-text-stroke-width: 0px; text-decoration-thickness: initial; text-decoration-style: initial; text-decoration-color: initial; word-spacing: 0px; margin: 0cm 0cm 7.5pt 0cm;\"><span style=\"font-size: 10.0pt; font-family: 'Arial','sans-serif'; color: #545454;\">Vigilar la exposici\u00f3n solar despu\u00e9s del empleo de AE, ya que pueden presentarse fen\u00f3menos de reacci\u00f3n con el sol, sobre todo con los c\u00edtricos (bergamota, lim\u00f3n, lima, naranja).<\/span><\/p>\n<p style=\"box-sizing: border-box; font-variant-ligatures: normal; font-variant-caps: normal; orphans: 2; text-align: start; widows: 2; -webkit-text-stroke-width: 0px; text-decoration-thickness: initial; text-decoration-style: initial; text-decoration-color: initial; word-spacing: 0px; margin: 0cm 0cm 7.5pt 0cm;\"><span style=\"font-size: 10.0pt; font-family: 'Arial','sans-serif'; color: #545454;\">En las fichas de producto y en las etiquetas de los aceites esenciales, encontrar\u00e1s especificadas aquellas sustancias naturales que la Uni\u00f3n Europea, ha identificado como sustancias posiblemente al\u00e9rgenas, (podr\u00e1s identificarlos como \u201cContiene: nombre de la sustancia\u201d).<\/span><\/p>\n<p style=\"box-sizing: border-box; font-variant-ligatures: normal; font-variant-caps: normal; orphans: 2; text-align: start; widows: 2; -webkit-text-stroke-width: 0px; text-decoration-thickness: initial; text-decoration-style: initial; text-decoration-color: initial; word-spacing: 0px; margin: 0cm 0cm 7.5pt 0cm;\"><span style=\"font-size: 10.0pt; font-family: 'Arial','sans-serif'; color: #545454;\">En caso de\u00a0<strong style=\"box-sizing: border-box;\"><span style=\"font-family: 'Arial','sans-serif';\">sensaci\u00f3n de ardor<\/span><\/strong>: no usar agua para enjuagar, sino aceite vegetal para diluir. Si es necesario, consulta a un m\u00e9dico.<\/span><\/p>\n<p style=\"box-sizing: border-box; font-variant-ligatures: normal; font-variant-caps: normal; orphans: 2; text-align: start; widows: 2; -webkit-text-stroke-width: 0px; text-decoration-thickness: initial; text-decoration-style: initial; text-decoration-color: initial; word-spacing: 0px; margin: 0cm 0cm 7.5pt 0cm;\"><strong style=\"box-sizing: border-box;\"><span style=\"font-size: 10.0pt; font-family: 'Arial','sans-serif'; color: #545454;\">No utilizar aceites esenciales cerca de una llama<\/span><\/strong><span style=\"font-size: 10.0pt; font-family: 'Arial','sans-serif'; color: #545454;\">\u00a0o fuente de calor.<\/span><\/p>\n<p style=\"box-sizing: border-box; font-variant-ligatures: normal; font-variant-caps: normal; orphans: 2; text-align: start; widows: 2; -webkit-text-stroke-width: 0px; text-decoration-thickness: initial; text-decoration-style: initial; text-decoration-color: initial; word-spacing: 0px; margin: 0cm 0cm 7.5pt 0cm;\"><span style=\"font-size: 10.0pt; font-family: 'Arial','sans-serif'; color: #545454;\">Las personas con\u00a0<strong style=\"box-sizing: border-box;\"><span style=\"font-family: 'Arial','sans-serif';\">patolog\u00edas neurol\u00f3gicas o coronarias deber\u00e1n limitar su uso<\/span><\/strong>.<\/span><\/p>\n","protected":false},"excerpt":{"rendered":"<h2>MANZANILLA DE MAH\u00d3N ACEITE ESENCIAL BIO (Santolina chamaecyparissus)<\/h2>\n<p><b>FAMILIA<\/b>: Compuestas<\/p>\n<p><b>PARTE UTILIZADA<\/b>: Capitulos florales<\/p>\n<p><b>OBTENCI\u00d3N<\/b>: Destilaci\u00f3n<\/p>\n<p><b>COMPOSICI\u00d3N: <\/b>Azuleno, camazuleno, bisabolol.<\/p>\n<p><b>PROPIEDADES<\/b><\/p>\n<ul>\n<li>Reproductor femenino: antinflamatorio y espasmol\u00edtico<\/li>\n<li>Digestivo: Antiinflamatorio y antiespasm\u00f3dico.<\/li>\n<\/ul>\n<p>Piel: Cicatrizante y suavizante.<\/p>\n<ol>\n<li>S. Nervioso: Relajante y antidepresiva.<\/li>\n<\/ol>\n<p><b>INDICACIONES<\/b><\/p>\n<p>Piel: Cicatrizante y suavizante. Dermatitis.<\/p>\n<ul>\n<li>Digestivo: Infecciones digestivas ,gastritis, dispepsias.<\/li>\n<li>Nervioso: Stress, nerviosismo, insomnio. Cefaleas<\/li>\n<li>Reproductor femenino: Dismenorreas<\/li>\n<\/ul>\n<p><b>MODO DE EMPLEO<\/b><\/p>\n<p>A\u00f1adir\u00a0 20 gotas a\u00a0 60 ml\u00a0 de aceite vegetal para aplicar\u00a0 sobre la piel<\/p>\n<p>Colocar 3-5 gotas en difusor\u00a0 o quemador<\/p>\n<p>INCI: Santolina chamaecyparissus oil. Contiene de forma natural: Limoneno.<\/p>\n<p><strong>100%\u00a0 BIO <\/strong><\/p>\n<p><strong>100% Natural y Vegana<\/strong><\/p>\n<p><strong>0% T\u00f3xicos<\/strong><\/p>\n<p><strong>No OGM<\/strong><\/p>\n<p><strong>Envase de VIDRIO\u00a0 10ml.<\/strong><\/p>\n<p><strong><a href=\"https:\/\/rinconsilvestre.net\/ques-son-los-aceites-esenciales\/\">\u00bfQu\u00e9 son los Aceites Esenciales?<\/a><\/strong><\/p>\n","protected":false},"featured_media":2244,"template":"","meta":{"sfsi_plus_gutenberg_text_before_share":"","sfsi_plus_gutenberg_show_text_before_share":"","sfsi_plus_gutenberg_icon_type":"","sfsi_plus_gutenberg_icon_alignemt":"","sfsi_plus_gutenburg_max_per_row":""},"product_brand":[],"product_cat":[1179,54,50],"product_tag":[1187,1180],"class_list":{"0":"post-2214","1":"product","2":"type-product","3":"status-publish","4":"has-post-thumbnail","6":"product_cat-aceites-esenciales-y-vegetales","7":"product_cat-rincon-silvestre","8":"product_cat-productos-ecologicos","9":"product_tag-aceite-esencial-bio","10":"product_tag-aceite-esencial-ecologico","12":"first","13":"instock","14":"taxable","15":"shipping-taxable","16":"purchasable","17":"product-type-simple"},"_links":{"self":[{"href":"https:\/\/www.latienducagranel.com\/index.php\/wp-json\/wp\/v2\/product\/2214","targetHints":{"allow":["GET"]}}],"collection":[{"href":"https:\/\/www.latienducagranel.com\/index.php\/wp-json\/wp\/v2\/product"}],"about":[{"href":"https:\/\/www.latienducagranel.com\/index.php\/wp-json\/wp\/v2\/types\/product"}],"wp:featuredmedia":[{"embeddable":true,"href":"https:\/\/www.latienducagranel.com\/index.php\/wp-json\/wp\/v2\/media\/2244"}],"wp:attachment":[{"href":"https:\/\/www.latienducagranel.com\/index.php\/wp-json\/wp\/v2\/media?parent=2214"}],"wp:term":[{"taxonomy":"product_brand","embeddable":true,"href":"https:\/\/www.latienducagranel.com\/index.php\/wp-json\/wp\/v2\/product_brand?post=2214"},{"taxonomy":"product_cat","embeddable":true,"href":"https:\/\/www.latienducagranel.com\/index.php\/wp-json\/wp\/v2\/product_cat?post=2214"},{"taxonomy":"product_tag","embeddable":true,"href":"https:\/\/www.latienducagranel.com\/index.php\/wp-json\/wp\/v2\/product_tag?post=2214"}],"curies":[{"name":"wp","href":"https:\/\/api.w.org\/{rel}","templated":true}]}}